    {"id":91,"date":"2019-09-17T15:58:26","date_gmt":"2019-09-17T13:58:26","guid":{"rendered":"http:\/\/urbassistance.fr\/?page_id=91"},"modified":"2021-03-08T22:09:18","modified_gmt":"2021-03-08T21:09:18","slug":"urbanisme-de-projet","status":"publish","type":"page","link":"https:\/\/urbassistance.fr\/index.php\/urbanisme-de-projet\/","title":{"rendered":"Urbanisme de projet"},"content":{"rendered":"\n<div class=\"wp-block-cover has-background-dim-20 has-background-dim\" style=\"background-image:url(http:\/\/urbassistance.fr\/wp-content\/uploads\/2020\/11\/accueil-scaled.jpg);min-height:175px;aspect-ratio:unset;\"><div class=\"wp-block-cover__inner-container is-layout-flow wp-block-cover-is-layout-flow\">\n<p class=\"has-text-align-center has-large-font-size\">Urbanisme de projet<\/p>\n<\/div><\/div>\n\n\n\n<div class=\"wp-block-columns is-layout-flex wp-container-core-columns-is-layout-1 wp-block-columns-is-layout-flex\">\n<div class=\"wp-block-column is-layout-flow wp-block-column-is-layout-flow\" style=\"flex-basis:15%\"><\/div>\n\n\n\n<div class=\"wp-block-column is-layout-flow wp-block-column-is-layout-flow\" style=\"flex-basis:70%\">\n<p class=\"has-cyan-bluish-gray-color has-text-color\" id=\"block-97480a00-2a4a-445f-b3ea-6ef9dbf73f58\"><br>Urbassistance accompagne les collectivit\u00e9s et les porteurs de projets dans la r\u00e9alisation d\u2019\u00e9tudes pr\u00e9-op\u00e9rationnelles.<br><br>Urbassistance r\u00e9alise notamment des <em><a href=\"http:\/\/urbassistance.fr\/index.php\/etudes-urbaines\/\">\u00e9tudes urbaines<\/a><\/em> afin d\u2019accompagner ses clients dans la d\u00e9finition de leurs projets&nbsp;:<br>&#8211; <strong><a href=\"http:\/\/urbassistance.fr\/index.php\/etudes-urbaines\/\"><em>Etude de programmation et de prospective urbaine<\/em><\/a><\/strong>, \u00e0 destination des collectivit\u00e9s territoriales&nbsp;: \u00e9tudier le territoire et ses enjeux afin d\u2019\u00e9laborer ensemble un plan des actions et projets \u00e0 mener pour atteindre les objectifs fix\u00e9s par la collectivit\u00e9.<br>&#8211; <strong><a href=\"http:\/\/urbassistance.fr\/index.php\/etudes-urbaines\/\"><em>Etude de capacit\u00e9 et d\u2019opportunit\u00e9<\/em><\/a><\/strong>&nbsp;: \u00e9tudier la capacit\u00e9 d\u2019un terrain ou d\u2019une opportunit\u00e9 fonci\u00e8re, afin fournir \u00e0 la collectivit\u00e9 les \u00e9l\u00e9ments n\u00e9cessaires pour savoir s\u2019il vous est int\u00e9ressant d\u2019acqu\u00e9rir ou pr\u00e9empter ce terrain. Dans le cadre d&rsquo;un projet public : s\u2019assurer que le terrain \u00e0 une capacit\u00e9 suffisante pour sa r\u00e9alisation.<br>&#8211; <em><strong><a href=\"http:\/\/urbassistance.fr\/index.php\/etudes-urbaines\/\">Programmation d\u2019am\u00e9nagement<\/a><\/strong>&nbsp;:<\/em> d\u00e9terminer les besoins d&rsquo;un projets d&rsquo;am\u00e9nagement en vue de la r\u00e9daction d\u2019un programme d\u00e9taill\u00e9 qui guidera le ma\u00eetre d\u2019\u0153uvre dans la r\u00e9alisation du projet.<br><br><br>Urbassistance d\u00e9veloppe \u00e9galement ses services aux collectivit\u00e9s vers l&rsquo;<strong><a href=\"http:\/\/urbassistance.fr\/index.php\/acupuncture-urbaine\/\"><em>acupuncture urbaine<\/em><\/a><\/strong> et vous accompagne ainsi dans la d\u00e9finition d&rsquo;une strat\u00e9gie de territoire bas\u00e9e sur des interventions localis\u00e9es, favorisant la revitalisation de l&rsquo;ensemble de votre territoire.<br>Ce mode d&rsquo;intervention permet de <strong><a href=\"http:\/\/urbassistance.fr\/index.php\/communication-et-concertation-collectivites\/\"><em>mieux inclure les acteurs du territoire<\/em><\/a><\/strong> dans la d\u00e9marche de projet urbain et d&rsquo;<strong>exp\u00e9rimenter \u00e0 moindre co\u00fbt <\/strong>une nouvelle mani\u00e8re de vivre votre territoire.<br><br><\/p>\n\n\n\n<p class=\"has-luminous-vivid-orange-color has-text-color has-medium-font-size\"><strong>R\u00e9f\u00e9rence<\/strong><br><\/p>\n\n\n\n<div id=\"slider_69f74a7870d53\" class=\"slider_instance\" style=\"position: relative;\" data-options=\"{&quot;id&quot;:3,&quot;name&quot;:&quot;slider 3&quot;,&quot;instanceName&quot;:&quot;pr\\u00e9op&quot;,&quot;date&quot;:&quot;2021-03-08 21:45:43&quot;,&quot;status&quot;:&quot;published&quot;,&quot;layerWidth&quot;:&quot;100%&quot;,&quot;layerHeight&quot;:&quot;100%&quot;,&quot;shadow&quot;:&quot;off&quot;,&quot;mode&quot;:&quot;webgl&quot;,&quot;initialSlide&quot;:0,&quot;grabCursor&quot;:true,&quot;stopOnLastSlide&quot;:false,&quot;responsive&quot;:true,&quot;ratio&quot;:2,&quot;forceResponsive&quot;:false,&quot;fullscreen&quot;:false,&quot;forceFullscreen&quot;:false,&quot;width&quot;:1000,&quot;height&quot;:550,&quot;layerStarOnTransitionStart&quot;:false,&quot;autoplay&quot;:{&quot;enable&quot;:true,&quot;delay&quot;:&quot;3500&quot;,&quot;disableOnInteraction&quot;:true,&quot;reverseDirection&quot;:false},&quot;buttons&quot;:{&quot;pauseVisible&quot;:false,&quot;muteVisible&quot;:false},&quot;resetVideos&quot;:false,&quot;videoAutoplay&quot;:true,&quot;navigation&quot;:{&quot;enable&quot;:true,&quot;style&quot;:&quot;effect4&quot;},&quot;keyboard&quot;:{&quot;enable&quot;:true},&quot;wheelNavigation&quot;:{&quot;enable&quot;:false,&quot;stopOnLast&quot;:false,&quot;interval&quot;:2000},&quot;pagination&quot;:{&quot;enable&quot;:true,&quot;style&quot;:&quot;effect2&quot;,&quot;clickable&quot;:true,&quot;dynamicBullets&quot;:false},&quot;thumbs&quot;:{&quot;enable&quot;:false,&quot;position&quot;:&quot;bottom&quot;,&quot;thumbWidth&quot;:100,&quot;thumbHeight&quot;:60,&quot;spaceAround&quot;:3,&quot;spaceBetween&quot;:3,&quot;outsideSlider&quot;:true,&quot;centered&quot;:true},&quot;hashNavigation&quot;:{&quot;enable&quot;:false},&quot;loading&quot;:{&quot;fadeEffect&quot;:true,&quot;backgroundColor&quot;:&quot;#FFFFFF&quot;,&quot;color&quot;:&quot;#262626&quot;,&quot;style&quot;:&quot;style2&quot;},&quot;lightbox&quot;:{&quot;backgroundColor&quot;:&quot;#000000F2&quot;,&quot;closeColor&quot;:&quot;#FFFFFF&quot;},&quot;slides&quot;:[{&quot;src&quot;:&quot;http:\\\/\\\/urbassistance.fr\\\/wp-content\\\/uploads\\\/2021\\\/03\\\/Oberhausbergen.png&quot;,&quot;thumbSrc&quot;:&quot;http:\\\/\\\/urbassistance.fr\\\/wp-content\\\/uploads\\\/2021\\\/03\\\/Oberhausbergen-300x140.png&quot;},{&quot;src&quot;:&quot;http:\\\/\\\/urbassistance.fr\\\/wp-content\\\/uploads\\\/2021\\\/03\\\/PC_Enercon-.png&quot;,&quot;thumbSrc&quot;:&quot;http:\\\/\\\/urbassistance.fr\\\/wp-content\\\/uploads\\\/2021\\\/03\\\/PC_Enercon--300x140.png&quot;}],&quot;fullscreenTablet&quot;:false,&quot;fullscreenMobile&quot;:false,&quot;forceFullscreenMobile&quot;:false,&quot;forceFullscreenTablet&quot;:false,&quot;widthMobile&quot;:1000,&quot;widthTablet&quot;:1000,&quot;heightMobile&quot;:550,&quot;heightTablet&quot;:550,&quot;responsiveMobile&quot;:true,&quot;responsiveTablet&quot;:true,&quot;forceResponsiveMobile&quot;:false,&quot;forceResponsiveTablet&quot;:false,&quot;lightboxMode&quot;:[],&quot;lightboxModeMobile&quot;:[],&quot;lightboxModeTablet&quot;:[],&quot;rootFolder&quot;:&quot;https:\\\/\\\/urbassistance.fr\\\/wp-content\\\/plugins\\\/transition-slider-lite\\\/&quot;}\"><\/div>\n<\/div>\n\n\n\n<div class=\"wp-block-column is-layout-flow wp-block-column-is-layout-flow\" style=\"flex-basis:15%\"><\/div>\n<\/div>\n","protected":false},"excerpt":{"rendered":"<p>Urbassistance accompagne les collectivit\u00e9s et les porteurs de projets dans la r\u00e9alisation d\u2019\u00e9tudes pr\u00e9-op\u00e9rationnelles. Urbassistance r\u00e9alise notamment des \u00e9tudes urbaines afin d\u2019accompagner ses clients dans la d\u00e9finition de leurs projets&nbsp;:&#8211; Etude de programmation et de prospective urbaine, \u00e0 destination des collectivit\u00e9s territoriales&nbsp;: \u00e9tudier le territoire et ses enjeux afin d\u2019\u00e9laborer ensemble un plan des actions [&hellip;]<\/p>\n","protected":false},"author":1,"featured_media":0,"parent":0,"menu_order":0,"comment_status":"closed","ping_status":"closed","template":"","meta":{"footnotes":""},"class_list":["post-91","page","type-page","status-publish","hentry"],"aioseo_notices":[],"_links":{"self":[{"href":"https:\/\/urbassistance.fr\/index.php\/wp-json\/wp\/v2\/pages\/91"}],"collection":[{"href":"https:\/\/urbassistance.fr\/index.php\/wp-json\/wp\/v2\/pages"}],"about":[{"href":"https:\/\/urbassistance.fr\/index.php\/wp-json\/wp\/v2\/types\/page"}],"author":[{"embeddable":true,"href":"https:\/\/urbassistance.fr\/index.php\/wp-json\/wp\/v2\/users\/1"}],"replies":[{"embeddable":true,"href":"https:\/\/urbassistance.fr\/index.php\/wp-json\/wp\/v2\/comments?post=91"}],"version-history":[{"count":19,"href":"https:\/\/urbassistance.fr\/index.php\/wp-json\/wp\/v2\/pages\/91\/revisions"}],"predecessor-version":[{"id":1117,"href":"https:\/\/urbassistance.fr\/index.php\/wp-json\/wp\/v2\/pages\/91\/revisions\/1117"}],"wp:attachment":[{"href":"https:\/\/urbassistance.fr\/index.php\/wp-json\/wp\/v2\/media?parent=91"}],"curies":[{"name":"wp","href":"https:\/\/api.w.org\/{rel}","templated":true}]}}