{"id":5,"date":"2019-09-16T17:24:12","date_gmt":"2019-09-16T15:24:12","guid":{"rendered":"http:\/\/urbassistance.fr\/?page_id=5"},"modified":"2020-11-04T23:44:33","modified_gmt":"2020-11-04T22:44:33","slug":"accueil","status":"publish","type":"page","link":"https:\/\/urbassistance.fr\/","title":{"rendered":"Accueil"},"content":{"rendered":"\n<div class=\"wp-block-cover aligncenter has-background-dim-20 has-background-dim has-background-gradient is-position-center-center\" style=\"background-image:url(http:\/\/urbassistance.fr\/wp-content\/uploads\/2020\/11\/accueil-scaled.jpg);min-height:175px;aspect-ratio:unset;\"><span aria-hidden=\"true\" class=\"wp-block-cover__gradient-background\" style=\"background:radial-gradient(rgb(0,0,0) 0%,rgb(255,255,255) 100%)\"><\/span><div class=\"wp-block-cover__inner-container is-layout-flow wp-block-cover-is-layout-flow\">\n<p class=\"has-text-align-center has-white-color has-text-color\" style=\"font-size:40px\">Accueil<\/p>\n<\/div><\/div>\n\n\n\n<div class=\"wp-block-columns is-layout-flex wp-container-core-columns-is-layout-1 wp-block-columns-is-layout-flex\">\n<div class=\"wp-block-column is-layout-flow wp-block-column-is-layout-flow\" style=\"flex-basis:15%\"><\/div>\n\n\n\n<div class=\"wp-block-column is-layout-flow wp-block-column-is-layout-flow\" style=\"flex-basis:70%\">\n<p class=\"has-text-align-center has-cyan-bluish-gray-color has-text-color\"><br><\/p>\n\n\n\n<p class=\"has-text-align-center has-cyan-bluish-gray-color has-text-color\">Bureau d\u2019\u00e9tudes ind\u00e9pendant sp\u00e9cialis\u00e9 dans le domaine de l\u2019urbanisme,<br>Urbassistance accompagne les <a href=\"http:\/\/urbassistance.fr\/index.php\/collectivites-territoriales\/\"><em>collectivit\u00e9s territoriales<\/em><\/a> et les porteurs de projets<br>(<a href=\"http:\/\/urbassistance.fr\/index.php\/developpeurs-enr\/\"><em>d\u00e9veloppeurs en \u00e9nergies renouvelables<\/em><\/a> et <a href=\"http:\/\/urbassistance.fr\/index.php\/professionnels-de-limmobilier\/\"><em>constructeurs et promoteurs immobiliers<\/em><\/a> notamment)<br>dans leurs d\u00e9marches en mati\u00e8re d\u2019urbanisme, aussi bien <a href=\"http:\/\/urbassistance.fr\/index.php\/urbanisme-reglementaire\/\">r\u00e8glementaire<\/a> que <a href=\"http:\/\/urbassistance.fr\/index.php\/urbanisme-de-projet\/\"><em>pr\u00e9-op\u00e9rationnel.<\/em><\/a><br><br>Urbassistance se sp\u00e9cialise notamment sur les probl\u00e9matiques d&rsquo;urbanisme<br>li\u00e9es au d\u00e9veloppement des <em><a href=\"http:\/\/urbassistance.fr\/index.php\/developpeurs-enr\/\">\u00e9nergies renouvelables<\/a><\/em> (parcs \u00e9oliens et photovolta\u00efques, centrales hydro\u00e9lectriques, m\u00e9thanisation&#8230;). <br><br>Urbassistance intervient \u00e9galement sur les questions de paysage et de patrimoine, et notamment la v\u00e9g\u00e9talisation des espaces urbains et ruraux, ou encore par l&rsquo;<a href=\"http:\/\/urbassistance.fr\/index.php\/acupuncture-urbaine\/\">acupuncture urbaine.<\/a><br><br><\/p>\n<\/div>\n\n\n\n<div class=\"wp-block-column is-layout-flow wp-block-column-is-layout-flow\" style=\"flex-basis:15%\"><\/div>\n<\/div>\n\n\n\n<p class=\"has-text-align-center has-luminous-vivid-orange-color has-text-color has-medium-font-size\"><strong>Philosophie<\/strong><\/p>\n\n\n\n<div class=\"wp-block-columns is-layout-flex wp-container-core-columns-is-layout-2 wp-block-columns-is-layout-flex\">\n<div class=\"wp-block-column is-layout-flow wp-block-column-is-layout-flow\" style=\"flex-basis:15%\"><\/div>\n\n\n\n<div class=\"wp-block-column is-layout-flow wp-block-column-is-layout-flow\" style=\"flex-basis:70%\">\n<p class=\"has-text-align-center has-cyan-bluish-gray-color has-text-color\">A travers ses projets et ses \u00e9tudes, Urbassistance a pour ambition de <strong>retisser les liens entre urbanisme, environnement et paysage<\/strong> afin de concevoir des territoires et des projets durables, d\u00e9sirables et fonctionnels.<br><br><\/p>\n<\/div>\n\n\n\n<div class=\"wp-block-column is-layout-flow wp-block-column-is-layout-flow\" style=\"flex-basis:15%\"><\/div>\n<\/div>\n\n\n\n<p class=\"has-text-align-center has-luminous-vivid-orange-color has-text-color has-medium-font-size\"><strong>Cyril BAUMANN &#8211; Urbaniste et Dirigeant<\/strong><\/p>\n\n\n\n<div class=\"wp-block-columns is-layout-flex wp-container-core-columns-is-layout-3 wp-block-columns-is-layout-flex\">\n<div class=\"wp-block-column is-layout-flow wp-block-column-is-layout-flow\" style=\"flex-basis:15%\"><\/div>\n\n\n\n<div class=\"wp-block-column is-layout-flow wp-block-column-is-layout-flow\" style=\"flex-basis:70%\">\n<p class=\"has-text-align-left has-cyan-bluish-gray-color has-text-color\">\u00ab\u00a0Dipl\u00f4m\u00e9 en urbanisme et ayant suivi une formation pluridisciplinaire (urbanisme, immobilier, g\u00e9ographie, environnement\u2026), j&rsquo;ai eu l&rsquo;occasion de travailler dans les domaines suivants : <\/p>\n\n\n\n<p class=\"has-cyan-bluish-gray-color has-text-color\">     &#8211;   Urbanisme r\u00e8glementaire (PLU, PLUi, PLUiH) ;<br>     &#8211;   Environnement (\u00e9valuation environnementale de documents d&rsquo;urbanisme et de planification, approche environnementale de l&rsquo;urbanisme\u2026) ; <br>     &#8211;   Energies renouvelables (mise en compatibilit\u00e9 de documents d&rsquo;urbanisme, analyse de sites, \u00e9tudes agricoles\u2026.) ;<br>     &#8211;  Conception d&rsquo;espaces publics ; <br>     &#8211;  Communication et concertation (conception de supports de communication, r\u00e9unions, permanences et ateliers avec le publics, les \u00e9lus, les services de l&rsquo;\u00e9tat\u2026).<br><br>Fort de ces exp\u00e9riences, j&rsquo;ai d\u00e9cid\u00e9 de cr\u00e9er Urbassistance, afin de conjuguer l&rsquo;ensemble de ces domaines d&rsquo;activit\u00e9s et d&rsquo;accompagner les collectivit\u00e9s et les porteurs de projets dans leurs d\u00e9marches en urbanisme r\u00e8glementaire et pr\u00e9-op\u00e9rationnel&nbsp;; en y int\u00e9grant une approche environnementale et paysag\u00e8re.\u00a0\u00bb<br><\/p>\n<\/div>\n\n\n\n<div class=\"wp-block-column is-layout-flow wp-block-column-is-layout-flow\" style=\"flex-basis:15%\"><\/div>\n<\/div>\n","protected":false},"excerpt":{"rendered":"<p>Bureau d\u2019\u00e9tudes ind\u00e9pendant sp\u00e9cialis\u00e9 dans le domaine de l\u2019urbanisme,Urbassistance accompagne les collectivit\u00e9s territoriales et les porteurs de projets(d\u00e9veloppeurs en \u00e9nergies renouvelables et constructeurs et promoteurs immobiliers notamment)dans leurs d\u00e9marches en mati\u00e8re d\u2019urbanisme, aussi bien r\u00e8glementaire que pr\u00e9-op\u00e9rationnel. Urbassistance se sp\u00e9cialise notamment sur les probl\u00e9matiques d&rsquo;urbanismeli\u00e9es au d\u00e9veloppement des \u00e9nergies renouvelables (parcs \u00e9oliens et photovolta\u00efques, centrales [&hellip;]<\/p>\n","protected":false},"author":1,"featured_media":0,"parent":0,"menu_order":0,"comment_status":"closed","ping_status":"closed","template":"","meta":{"footnotes":""},"class_list":["post-5","page","type-page","status-publish","hentry"],"aioseo_notices":[],"_links":{"self":[{"href":"https:\/\/urbassistance.fr\/index.php\/wp-json\/wp\/v2\/pages\/5"}],"collection":[{"href":"https:\/\/urbassistance.fr\/index.php\/wp-json\/wp\/v2\/pages"}],"about":[{"href":"https:\/\/urbassistance.fr\/index.php\/wp-json\/wp\/v2\/types\/page"}],"author":[{"embeddable":true,"href":"https:\/\/urbassistance.fr\/index.php\/wp-json\/wp\/v2\/users\/1"}],"replies":[{"embeddable":true,"href":"https:\/\/urbassistance.fr\/index.php\/wp-json\/wp\/v2\/comments?post=5"}],"version-history":[{"count":86,"href":"https:\/\/urbassistance.fr\/index.php\/wp-json\/wp\/v2\/pages\/5\/revisions"}],"predecessor-version":[{"id":1001,"href":"https:\/\/urbassistance.fr\/index.php\/wp-json\/wp\/v2\/pages\/5\/revisions\/1001"}],"wp:attachment":[{"href":"https:\/\/urbassistance.fr\/index.php\/wp-json\/wp\/v2\/media?parent=5"}],"curies":[{"name":"wp","href":"https:\/\/api.w.org\/{rel}","templated":true}]}}