{"id":466,"date":"2019-10-03T17:14:20","date_gmt":"2019-10-03T15:14:20","guid":{"rendered":"http:\/\/urbassistance.fr\/?page_id=466"},"modified":"2021-03-08T21:28:34","modified_gmt":"2021-03-08T20:28:34","slug":"amo-et-conseil","status":"publish","type":"page","link":"https:\/\/urbassistance.fr\/index.php\/amo-et-conseil\/","title":{"rendered":"Conseil et AMO"},"content":{"rendered":"\n<div class=\"wp-block-cover has-background-dim-20 has-background-dim\" style=\"background-image:url(http:\/\/urbassistance.fr\/wp-content\/uploads\/2020\/11\/office-1209640_1920.jpg);min-height:175px;aspect-ratio:unset;\"><div class=\"wp-block-cover__inner-container is-layout-flow wp-block-cover-is-layout-flow\">\n<p class=\"has-text-align-center has-large-font-size\">Conseil et AMO<\/p>\n<\/div><\/div>\n\n\n\n<div class=\"wp-block-columns is-layout-flex wp-container-core-columns-is-layout-1 wp-block-columns-is-layout-flex\">\n<div class=\"wp-block-column is-layout-flow wp-block-column-is-layout-flow\" style=\"flex-basis:15%\"><\/div>\n\n\n\n<div class=\"wp-block-column is-layout-flow wp-block-column-is-layout-flow\" style=\"flex-basis:70%\">\n<p class=\"has-cyan-bluish-gray-color has-text-color\"><br>Urbassistance accompagne et conseille les collectivit\u00e9s territoriales et leurs groupements dans l&rsquo;ensemble de leur d\u00e9marches et probl\u00e9matiques en mati\u00e8re d&rsquo;urbanisme. <br><br><\/p>\n\n\n\n<p class=\"has-luminous-vivid-orange-color has-text-color has-medium-font-size\"><strong>Assistance \u00e0 maitrise d&rsquo;ouvrage (AMO)<\/strong><\/p>\n\n\n\n<p class=\"has-cyan-bluish-gray-color has-text-color\">Urbassistance vous accompagne dans vos d\u00e9marches en urbanisme r\u00e8glementaire et pr\u00e9-op\u00e9rationnel en tant qu&rsquo;assistance \u00e0 maitrise d&rsquo;ouvrage (AMO) : <br>     &#8211;  Suivi de proc\u00e9dures, <br>     &#8211;  Pr\u00e9paration et r\u00e9daction d&rsquo;actes, de d\u00e9lib\u00e9rations et de courriers, <br>     &#8211;  Suivi d&rsquo;enqu\u00eate publique, <br>     &#8211;  Elaboration de cahiers des charges pour consultation des entreprises, <br>     &#8211;  Accompagnement dans le choix des prestataires etc. <br><br>Urbassistance a \u00e0 c\u0153ur d&rsquo;accompagner les collectivit\u00e9s territoriales et leurs groupements afin de les aider \u00e0 mener \u00e0 bien leurs projets. <br><br><br>Pour plus de renseignements sur les missions d&rsquo;assistance \u00e0 ma\u00eetrise d&rsquo;ouvrage (AMO) d&rsquo;Urbassistance, n&rsquo;h\u00e9sitez pas \u00e0 <em>me contacter<\/em>. Je me ferai un plaisir de vous accompagner. <br><br><br><\/p>\n\n\n\n<p class=\"has-luminous-vivid-orange-color has-text-color has-medium-font-size\"><strong>Expertise et conseil <\/strong><\/p>\n\n\n\n<p class=\"has-cyan-bluish-gray-color has-text-color\"><strong>Sp\u00e9cialis\u00e9 dans le domaine de l&rsquo;urbanisme r\u00e8glementaire et pr\u00e9-op\u00e9rationnel, qui plus est en lien avec l&rsquo;environnement, les \u00e9nergies renouvelables et le paysage, <\/strong>Urbassistance accompagne les collectivit\u00e9s et r\u00e9pond \u00e0 l&rsquo;ensemble de leurs questions en la mati\u00e8re. <br><br>Je me tiens \u00e0 votre disposition pour <strong>r\u00e9pondre \u00e0 toutes vos questions<\/strong> relatives \u00e0 l&rsquo;urbanisme, et <strong>trouver les meilleures solutions<\/strong> afin de garantir la r\u00e9ussite de vos projets et le d\u00e9veloppement de vos territoires. <br><br>Urbassistance travaille \u00e9galement en r\u00e9seau avec des architectes, des paysagistes, des avocats sp\u00e9cialis\u00e9s, des environnementalistes ou encore des \u00e9cologues, afin de vous garantir des r\u00e9ponses les plus pr\u00e9cises possibles \u00e0 vos questions. <br><br><br>Une question ? Un renseignement ? <br>N&rsquo;h\u00e9sitez pas \u00e0 <a href=\"http:\/\/urbassistance.fr\/index.php\/contact-urbassistance-bureau-detudes\/\"><em>me contacter<\/em><\/a>. Je me ferai un plaisir de vous accompagner. <br><br><\/p>\n\n\n\n<p class=\"has-luminous-vivid-orange-color has-text-color has-medium-font-size\"><strong>R\u00e9f\u00e9rences<\/strong><br><\/p>\n\n\n\n<figure class=\"wp-block-image size-large\"><img decoding=\"async\" src=\"http:\/\/urbassistance.fr\/wp-content\/uploads\/2021\/03\/Conseil-1024x478.png\" alt=\"\" class=\"wp-image-1085\"\/><\/figure>\n<\/div>\n\n\n\n<div class=\"wp-block-column is-layout-flow wp-block-column-is-layout-flow\" style=\"flex-basis:15%\"><\/div>\n<\/div>\n\n\n\n<p><\/p>\n","protected":false},"excerpt":{"rendered":"<p>Urbassistance accompagne et conseille les collectivit\u00e9s territoriales et leurs groupements dans l&rsquo;ensemble de leur d\u00e9marches et probl\u00e9matiques en mati\u00e8re d&rsquo;urbanisme. Assistance \u00e0 maitrise d&rsquo;ouvrage (AMO) Urbassistance vous accompagne dans vos d\u00e9marches en urbanisme r\u00e8glementaire et pr\u00e9-op\u00e9rationnel en tant qu&rsquo;assistance \u00e0 maitrise d&rsquo;ouvrage (AMO) : &#8211; Suivi de proc\u00e9dures, &#8211; Pr\u00e9paration et r\u00e9daction d&rsquo;actes, de d\u00e9lib\u00e9rations [&hellip;]<\/p>\n","protected":false},"author":1,"featured_media":0,"parent":0,"menu_order":0,"comment_status":"closed","ping_status":"closed","template":"","meta":{"footnotes":""},"class_list":["post-466","page","type-page","status-publish","hentry"],"aioseo_notices":[],"_links":{"self":[{"href":"https:\/\/urbassistance.fr\/index.php\/wp-json\/wp\/v2\/pages\/466"}],"collection":[{"href":"https:\/\/urbassistance.fr\/index.php\/wp-json\/wp\/v2\/pages"}],"about":[{"href":"https:\/\/urbassistance.fr\/index.php\/wp-json\/wp\/v2\/types\/page"}],"author":[{"embeddable":true,"href":"https:\/\/urbassistance.fr\/index.php\/wp-json\/wp\/v2\/users\/1"}],"replies":[{"embeddable":true,"href":"https:\/\/urbassistance.fr\/index.php\/wp-json\/wp\/v2\/comments?post=466"}],"version-history":[{"count":10,"href":"https:\/\/urbassistance.fr\/index.php\/wp-json\/wp\/v2\/pages\/466\/revisions"}],"predecessor-version":[{"id":1093,"href":"https:\/\/urbassistance.fr\/index.php\/wp-json\/wp\/v2\/pages\/466\/revisions\/1093"}],"wp:attachment":[{"href":"https:\/\/urbassistance.fr\/index.php\/wp-json\/wp\/v2\/media?parent=466"}],"curies":[{"name":"wp","href":"https:\/\/api.w.org\/{rel}","templated":true}]}}