{"id":465,"date":"2019-10-03T17:04:19","date_gmt":"2019-10-03T15:04:19","guid":{"rendered":"http:\/\/urbassistance.fr\/?page_id=465"},"modified":"2021-03-08T21:37:10","modified_gmt":"2021-03-08T20:37:10","slug":"expertise-et-conseil","status":"publish","type":"page","link":"https:\/\/urbassistance.fr\/index.php\/expertise-et-conseil\/","title":{"rendered":"Expertise et conseil"},"content":{"rendered":"\n<div class=\"wp-block-cover has-background-dim-20 has-background-dim\" style=\"background-image:url(http:\/\/urbassistance.fr\/wp-content\/uploads\/2020\/11\/office-1209640_1920.jpg);min-height:175px;aspect-ratio:unset;\"><div class=\"wp-block-cover__inner-container is-layout-flow wp-block-cover-is-layout-flow\">\n<p class=\"has-text-align-center has-large-font-size\">Expertise et conseil<\/p>\n<\/div><\/div>\n\n\n\n<div class=\"wp-block-columns is-layout-flex wp-container-core-columns-is-layout-1 wp-block-columns-is-layout-flex\">\n<div class=\"wp-block-column is-layout-flow wp-block-column-is-layout-flow\" style=\"flex-basis:15%\"><\/div>\n\n\n\n<div class=\"wp-block-column is-layout-flow wp-block-column-is-layout-flow\" style=\"flex-basis:70%\">\n<p class=\"has-cyan-bluish-gray-color has-text-color\" id=\"block-25eb402c-c280-4e8c-b58c-45a1a0d7bbd4\"><br>Urbassistance accompagne et conseille les porteurs de projets immobiliers (promoteurs, constructeurs, lotisseurs\u2026) dans l&rsquo;ensemble de leurs d\u00e9marches et probl\u00e9matiques en mati\u00e8re d&rsquo;urbanisme.<br><br><\/p>\n\n\n\n<p class=\"has-luminous-vivid-orange-color has-text-color has-medium-font-size\" id=\"block-166f7ecc-786c-4cdf-84ac-bf70203db638\"><strong>Expertise et conseil<\/strong><\/p>\n\n\n\n<p class=\"has-cyan-bluish-gray-color has-text-color\" id=\"block-16ccde72-00c8-42d6-8a7f-c365287066a6\">Sp\u00e9cialiste de l&rsquo;urbanisme r\u00e8glementaire et pr\u00e9-op\u00e9rationnel, Urbassistance se tient \u00e0 votre disposition pour <strong>r\u00e9pondre \u00e0 toutes vos questions <\/strong>en la mati\u00e8re, et vous trouver les meilleures solutions afin de garantir la r\u00e9ussite de vos projets.<br><br>Urbassistance vous propose des<strong> prestations et des accompagnements sur mesure<\/strong> en fonction de vos besoins et des probl\u00e9matiques que vous rencontrez.<br><br>N&rsquo;h\u00e9sitez donc pas \u00e0 <a href=\"http:\/\/urbassistance.fr\/index.php\/contact-urbassistance-bureau-detudes\/\"><em>me contacter<\/em><\/a>, pour toutes questions ou renseignements en mati\u00e8re d&rsquo;urbanisme.<br>Je me ferai un plaisir de vous accompagner.<br><br><br><\/p>\n\n\n\n<p class=\"has-luminous-vivid-orange-color has-text-color has-medium-font-size\"><strong>R\u00e9f\u00e9rences <\/strong><br><\/p>\n\n\n\n<figure class=\"wp-block-image size-large\"><img decoding=\"async\" src=\"http:\/\/urbassistance.fr\/wp-content\/uploads\/2021\/03\/Conseil-1024x478.png\" alt=\"\" class=\"wp-image-1085\"\/><\/figure>\n<\/div>\n\n\n\n<div class=\"wp-block-column is-layout-flow wp-block-column-is-layout-flow\" style=\"flex-basis:15%\"><\/div>\n<\/div>\n","protected":false},"excerpt":{"rendered":"<p>Urbassistance accompagne et conseille les porteurs de projets immobiliers (promoteurs, constructeurs, lotisseurs\u2026) dans l&rsquo;ensemble de leurs d\u00e9marches et probl\u00e9matiques en mati\u00e8re d&rsquo;urbanisme. Expertise et conseil Sp\u00e9cialiste de l&rsquo;urbanisme r\u00e8glementaire et pr\u00e9-op\u00e9rationnel, Urbassistance se tient \u00e0 votre disposition pour r\u00e9pondre \u00e0 toutes vos questions en la mati\u00e8re, et vous trouver les meilleures solutions afin de garantir [&hellip;]<\/p>\n","protected":false},"author":1,"featured_media":0,"parent":0,"menu_order":0,"comment_status":"closed","ping_status":"closed","template":"","meta":{"footnotes":""},"class_list":["post-465","page","type-page","status-publish","hentry"],"aioseo_notices":[],"_links":{"self":[{"href":"https:\/\/urbassistance.fr\/index.php\/wp-json\/wp\/v2\/pages\/465"}],"collection":[{"href":"https:\/\/urbassistance.fr\/index.php\/wp-json\/wp\/v2\/pages"}],"about":[{"href":"https:\/\/urbassistance.fr\/index.php\/wp-json\/wp\/v2\/types\/page"}],"author":[{"embeddable":true,"href":"https:\/\/urbassistance.fr\/index.php\/wp-json\/wp\/v2\/users\/1"}],"replies":[{"embeddable":true,"href":"https:\/\/urbassistance.fr\/index.php\/wp-json\/wp\/v2\/comments?post=465"}],"version-history":[{"count":9,"href":"https:\/\/urbassistance.fr\/index.php\/wp-json\/wp\/v2\/pages\/465\/revisions"}],"predecessor-version":[{"id":1098,"href":"https:\/\/urbassistance.fr\/index.php\/wp-json\/wp\/v2\/pages\/465\/revisions\/1098"}],"wp:attachment":[{"href":"https:\/\/urbassistance.fr\/index.php\/wp-json\/wp\/v2\/media?parent=465"}],"curies":[{"name":"wp","href":"https:\/\/api.w.org\/{rel}","templated":true}]}}