{"id":430,"date":"2019-10-03T16:21:07","date_gmt":"2019-10-03T14:21:07","guid":{"rendered":"http:\/\/urbassistance.fr\/?page_id=430"},"modified":"2020-11-04T22:17:31","modified_gmt":"2020-11-04T21:17:31","slug":"communication-et-concertation-collectivites","status":"publish","type":"page","link":"https:\/\/urbassistance.fr\/index.php\/communication-et-concertation-collectivites\/","title":{"rendered":"Communication et concertation"},"content":{"rendered":"\n<div class=\"wp-block-cover has-background-dim-20 has-background-dim\" style=\"background-image:url(http:\/\/urbassistance.fr\/wp-content\/uploads\/2020\/11\/accueil-scaled.jpg);min-height:175px;aspect-ratio:unset;\"><div class=\"wp-block-cover__inner-container is-layout-flow wp-block-cover-is-layout-flow\">\n<p class=\"has-text-align-center has-large-font-size\">Communication et concertation<\/p>\n<\/div><\/div>\n\n\n\n<div class=\"wp-block-columns is-layout-flex wp-container-core-columns-is-layout-1 wp-block-columns-is-layout-flex\">\n<div class=\"wp-block-column is-layout-flow wp-block-column-is-layout-flow\" style=\"flex-basis:15%\"><\/div>\n\n\n\n<div class=\"wp-block-column is-layout-flow wp-block-column-is-layout-flow\" style=\"flex-basis:70%\">\n<p class=\"has-cyan-bluish-gray-color has-text-color\"><br>La demande d&rsquo;information, de communication et de concertation sur les projets de territoire se fait de plus en plus importante. <br><br>Fort de son exp\u00e9rience dans le domaine de l&rsquo;urbanisme et de la communication visuelle, Urbassistance vous accompagne sur ces t\u00e2ches. <br><br><br><\/p>\n\n\n\n<p class=\"has-luminous-vivid-orange-color has-text-color has-medium-font-size\"><strong>Communication et information<\/strong><\/p>\n\n\n\n<p class=\"has-cyan-bluish-gray-color has-text-color\">Urbassistance con\u00e7oit pour vous les <strong>documents et supports de communication <\/strong>n\u00e9cessaires \u00e0 la bonne circulation de l&rsquo;information concernant les projets et actions que vous menez sur vos territoires, notamment \u00e0 destinations des habitants et des acteurs locaux. <br><br>Urbassistance <strong>con\u00e7oit des supports de communication adapt\u00e9s<\/strong> \u00e0 : <br>     &#8211;  leur cible, les personnes vis\u00e9es, <br>     &#8211;  la th\u00e9matique trait\u00e9e, <br>     &#8211;  l&rsquo;objectif pour suivi, le message. <br><br>Urbassistance vous accompagne \u00e9galement dans la <strong>d\u00e9finition de votre strat\u00e9gie de communication visuelle<\/strong> (choix des supports, informations \u00e0 diffuser, identit\u00e9 graphique, vulgarisation, infographie\u2026).<br><br>Pour plus de renseignements sur les services d&rsquo;Urbassistance en mati\u00e8re de communication, n&rsquo;h\u00e9sitez pas \u00e0 <em><a href=\"http:\/\/urbassistance.fr\/index.php\/contact-urbassistance-bureau-detudes\/\">me contacter<\/a><\/em>, afin de construire ensemble un programme de communication sur mesure pour votre territoire. <br><br><br><\/p>\n\n\n\n<p class=\"has-luminous-vivid-orange-color has-text-color has-medium-font-size\"><strong>Concertation<\/strong><\/p>\n\n\n\n<p class=\"has-cyan-bluish-gray-color has-text-color\">De part son exp\u00e9rience dans l&rsquo;urbanisme r\u00e8glementaire, <strong>Urbassistance a l&rsquo;habitude de travailler en collaboration et en concertation avec les diff\u00e9rents acteurs des territoires <\/strong>(\u00e9lus, habitants, associations, professionnels, services de l&rsquo;Etat\u2026). Pour cela Urbassistance a recours \u00e0 diff\u00e9rents modules de rencontres : <br>     &#8211;  Ateliers de concertation avec des \u00e9lus, <br>     &#8211;  R\u00e9unions de travail avec les \u00e9lus et services de l&rsquo;Etat, <br>     &#8211;  R\u00e9unions publiques d&rsquo;information, <br>     &#8211;  Permanence publique afin de r\u00e9pondre aux questions des acteurs locaux de mani\u00e8re individuelle et personnalis\u00e9e, <br>     &#8211;  Visites de terrain avec les acteurs du territoire (\u00e9lus, habitants\u2026) <br>     &#8211;  \u2026 <br><br>Urbassistance peut vous accompagner dans la <strong>mise en place et l&rsquo;animation de rencontres et de modules de concertation<\/strong> adapt\u00e9s \u00e0 vos territoires et vos projets. <br><br>Pour plus de renseignements sur les activit\u00e9s d&rsquo;Urbassistance en mati\u00e8re de concertation, n&rsquo;h\u00e9sitez pas \u00e0 <em><a href=\"http:\/\/urbassistance.fr\/index.php\/contact-urbassistance-bureau-detudes\/\">me contacter. <\/a><\/em><br><\/p>\n<\/div>\n\n\n\n<div class=\"wp-block-column is-layout-flow wp-block-column-is-layout-flow\" style=\"flex-basis:15%\"><\/div>\n<\/div>\n","protected":false},"excerpt":{"rendered":"<p>La demande d&rsquo;information, de communication et de concertation sur les projets de territoire se fait de plus en plus importante. Fort de son exp\u00e9rience dans le domaine de l&rsquo;urbanisme et de la communication visuelle, Urbassistance vous accompagne sur ces t\u00e2ches. Communication et information Urbassistance con\u00e7oit pour vous les documents et supports de communication n\u00e9cessaires \u00e0 [&hellip;]<\/p>\n","protected":false},"author":1,"featured_media":0,"parent":0,"menu_order":0,"comment_status":"closed","ping_status":"closed","template":"","meta":{"footnotes":""},"class_list":["post-430","page","type-page","status-publish","hentry"],"aioseo_notices":[],"_links":{"self":[{"href":"https:\/\/urbassistance.fr\/index.php\/wp-json\/wp\/v2\/pages\/430"}],"collection":[{"href":"https:\/\/urbassistance.fr\/index.php\/wp-json\/wp\/v2\/pages"}],"about":[{"href":"https:\/\/urbassistance.fr\/index.php\/wp-json\/wp\/v2\/types\/page"}],"author":[{"embeddable":true,"href":"https:\/\/urbassistance.fr\/index.php\/wp-json\/wp\/v2\/users\/1"}],"replies":[{"embeddable":true,"href":"https:\/\/urbassistance.fr\/index.php\/wp-json\/wp\/v2\/comments?post=430"}],"version-history":[{"count":11,"href":"https:\/\/urbassistance.fr\/index.php\/wp-json\/wp\/v2\/pages\/430\/revisions"}],"predecessor-version":[{"id":946,"href":"https:\/\/urbassistance.fr\/index.php\/wp-json\/wp\/v2\/pages\/430\/revisions\/946"}],"wp:attachment":[{"href":"https:\/\/urbassistance.fr\/index.php\/wp-json\/wp\/v2\/media?parent=430"}],"curies":[{"name":"wp","href":"https:\/\/api.w.org\/{rel}","templated":true}]}}