{"id":417,"date":"2019-10-03T14:38:50","date_gmt":"2019-10-03T12:38:50","guid":{"rendered":"http:\/\/urbassistance.fr\/?page_id=417"},"modified":"2020-11-04T22:29:03","modified_gmt":"2020-11-04T21:29:03","slug":"etude-de-capacite","status":"publish","type":"page","link":"https:\/\/urbassistance.fr\/index.php\/etude-de-capacite\/","title":{"rendered":"Etude de capacit\u00e9"},"content":{"rendered":"\n<div class=\"wp-block-cover has-background-dim-20 has-background-dim\" style=\"background-image:url(http:\/\/urbassistance.fr\/wp-content\/uploads\/2020\/11\/banniere_immo.png);min-height:175px;aspect-ratio:unset;\"><div class=\"wp-block-cover__inner-container is-layout-flow wp-block-cover-is-layout-flow\">\n<p class=\"has-text-align-center has-large-font-size\">Etude de capacit\u00e9<\/p>\n<\/div><\/div>\n\n\n\n<div class=\"wp-block-columns is-layout-flex wp-container-core-columns-is-layout-1 wp-block-columns-is-layout-flex\">\n<div class=\"wp-block-column is-layout-flow wp-block-column-is-layout-flow\" style=\"flex-basis:25%\"><\/div>\n\n\n\n<div class=\"wp-block-column is-layout-flow wp-block-column-is-layout-flow\" style=\"flex-basis:50%\">\n<p class=\"has-cyan-bluish-gray-color has-text-color\"><br>Vous avez identifi\u00e9 un terrain constructible et vous vous demand\u00e9 s&rsquo;il celui pourrait faire l&rsquo;objet d&rsquo;un bon investissement ? <br>Vous avez pour projet d&rsquo;acqu\u00e9rir un terrain \u00e0 b\u00e2tir, mais vous n&rsquo;\u00eates pas certains de ce qu&rsquo;il vous est possible d&rsquo;y r\u00e9aliser ?<br><br><br><\/p>\n\n\n\n<p class=\"has-luminous-vivid-orange-color has-text-color has-medium-font-size\"><strong>Urbassistance vous accompagne <\/strong><\/p>\n\n\n\n<p class=\"has-cyan-bluish-gray-color has-text-color\">Urbassistance \u00e9tudie pour vous les r\u00e8gles d\u2019urbanisme et les contraintes r\u00e8glementaires applicables \u00e0 vos terrains et opportunit\u00e9s fonci\u00e8res afin de d\u00e9finir leur <strong>capacit\u00e9 d\u2019accueil<\/strong> et les modalit\u00e9s potentielles de leur <strong>am\u00e9nagement <\/strong>; et d&rsquo;<strong>estimer son potentiel constructible<\/strong> et ainsi vous fournir les \u00e9l\u00e9ments n\u00e9cessaires \u00e0 l\u2019<strong>\u00e9tude la rentabilit\u00e9 financi\u00e8re de vos op\u00e9rations.  <\/strong><br><br>Ces \u00e9tudes de capacit\u00e9 vous d\u00e9taillent les <strong>contraintes <\/strong>s&rsquo;appliquant sur les parcelles projet\u00e9es et les <strong>maximums constructibles<\/strong>. <br><br>A travers ses \u00e9tudes de capacit\u00e9, Urbassistance vous propose \u00e9galement une <strong>approche qualitative<\/strong> via la r\u00e9alisation de plusieurs sc\u00e9narios d&rsquo;am\u00e9nagement, vous permettant d&rsquo;y voir plus clair dans les opportunit\u00e9s qu&rsquo;offre votre terrain. <br><br><br><\/p>\n\n\n\n<p class=\"has-luminous-vivid-orange-color has-text-color has-medium-font-size\"><strong>Urbassistance r\u00e9alise pour vous  :<\/strong><\/p>\n\n\n\n<p class=\"has-cyan-bluish-gray-color has-text-color\">     \u25aa  Etude des r\u00e8gles applicables sur le terrain de projet ;<br>     \u25aa  Identifications des contraintes ;<br>     \u25aa  Propositions de sc\u00e9narios d\u2019am\u00e9nagement du terrain en fonction de vos objectifs ;<br>     \u25aa  R\u00e9daction d\u2019un dossier synth\u00e9tisant le potentiel constructible du terrain.<br><br><br>Ainsi, Urbassistance vous fournit toutes les informations dont vous avez besoin pour savoir s&rsquo;il vous est rentable d&rsquo;invertir dans une opportunit\u00e9 fonci\u00e8re, et ce que vous aurez le droit d&rsquo;y construire ou non ; le tout accompagn\u00e9 de plusieurs sc\u00e9narios d&rsquo;am\u00e9nagement.  <br><br><br>Pour plus de renseignements sur les services d&rsquo;Urbassistance d\u00e9di\u00e9s aux professionnels de l&rsquo;immobilier, n&rsquo;h\u00e9sitez pas \u00e0 <em><a href=\"http:\/\/urbassistance.fr\/index.php\/contact-urbassistance-bureau-detudes\/\">me contacter. <\/a><\/em><br><br><\/p>\n<\/div>\n\n\n\n<div class=\"wp-block-column is-layout-flow wp-block-column-is-layout-flow\" style=\"flex-basis:25%\"><\/div>\n<\/div>\n","protected":false},"excerpt":{"rendered":"<p>Vous avez identifi\u00e9 un terrain constructible et vous vous demand\u00e9 s&rsquo;il celui pourrait faire l&rsquo;objet d&rsquo;un bon investissement ? Vous avez pour projet d&rsquo;acqu\u00e9rir un terrain \u00e0 b\u00e2tir, mais vous n&rsquo;\u00eates pas certains de ce qu&rsquo;il vous est possible d&rsquo;y r\u00e9aliser ? Urbassistance vous accompagne Urbassistance \u00e9tudie pour vous les r\u00e8gles d\u2019urbanisme et les contraintes [&hellip;]<\/p>\n","protected":false},"author":1,"featured_media":0,"parent":0,"menu_order":0,"comment_status":"closed","ping_status":"closed","template":"","meta":{"footnotes":""},"class_list":["post-417","page","type-page","status-publish","hentry"],"aioseo_notices":[],"_links":{"self":[{"href":"https:\/\/urbassistance.fr\/index.php\/wp-json\/wp\/v2\/pages\/417"}],"collection":[{"href":"https:\/\/urbassistance.fr\/index.php\/wp-json\/wp\/v2\/pages"}],"about":[{"href":"https:\/\/urbassistance.fr\/index.php\/wp-json\/wp\/v2\/types\/page"}],"author":[{"embeddable":true,"href":"https:\/\/urbassistance.fr\/index.php\/wp-json\/wp\/v2\/users\/1"}],"replies":[{"embeddable":true,"href":"https:\/\/urbassistance.fr\/index.php\/wp-json\/wp\/v2\/comments?post=417"}],"version-history":[{"count":8,"href":"https:\/\/urbassistance.fr\/index.php\/wp-json\/wp\/v2\/pages\/417\/revisions"}],"predecessor-version":[{"id":962,"href":"https:\/\/urbassistance.fr\/index.php\/wp-json\/wp\/v2\/pages\/417\/revisions\/962"}],"wp:attachment":[{"href":"https:\/\/urbassistance.fr\/index.php\/wp-json\/wp\/v2\/media?parent=417"}],"curies":[{"name":"wp","href":"https:\/\/api.w.org\/{rel}","templated":true}]}}