{"id":410,"date":"2019-10-03T14:24:28","date_gmt":"2019-10-03T12:24:28","guid":{"rendered":"http:\/\/urbassistance.fr\/?page_id=410"},"modified":"2021-03-08T21:35:52","modified_gmt":"2021-03-08T20:35:52","slug":"etude-de-compatibilite-immo","status":"publish","type":"page","link":"https:\/\/urbassistance.fr\/index.php\/etude-de-compatibilite-immo\/","title":{"rendered":"Etude de compatibilit\u00e9"},"content":{"rendered":"\n<div class=\"wp-block-cover has-background-dim-20 has-background-dim\" style=\"background-image:url(http:\/\/urbassistance.fr\/wp-content\/uploads\/2020\/11\/banniere_immo.png);min-height:175px;aspect-ratio:unset;\"><div class=\"wp-block-cover__inner-container is-layout-flow wp-block-cover-is-layout-flow\">\n<p class=\"has-text-align-center has-large-font-size\">Etude de compatibilit\u00e9<\/p>\n<\/div><\/div>\n\n\n\n<div class=\"wp-block-columns is-layout-flex wp-container-core-columns-is-layout-1 wp-block-columns-is-layout-flex\">\n<div class=\"wp-block-column is-layout-flow wp-block-column-is-layout-flow\" style=\"flex-basis:15%\"><\/div>\n\n\n\n<div class=\"wp-block-column is-layout-flow wp-block-column-is-layout-flow\" style=\"flex-basis:70%\">\n<p class=\"has-cyan-bluish-gray-color has-text-color\"><br>Quelque soit votre projet sa construction est conditionn\u00e9e au respect des r\u00e8gles d&rsquo;urbanisme applicables sur le site d&rsquo;implantation. Il est donc n\u00e9cessaire de <strong>s&rsquo;assurer le plus en amont possible de la compatibilit\u00e9<\/strong> de votre projet avec les r\u00e8gles d&rsquo;urbanisme en vigueur. <br><br><br><\/p>\n\n\n\n<p class=\"has-luminous-vivid-orange-color has-text-color has-medium-font-size\"><strong>Urbassistance vous accompagne <\/strong><\/p>\n\n\n\n<p class=\"has-cyan-bluish-gray-color has-text-color\">Urbassistance vous accompagne dans l\u2019analyse des documents et r\u00e8gles d\u2019urbanisme applicables sur les parcelles de vos projets. <br><br>Ces \u00e9tudes de compatibilit\u00e9 visent \u00e0 <strong>analyser les documents d\u2019urbanisme<\/strong> en vigueur et les <strong>r\u00e8gles applicables<\/strong> sur les parcelles projet\u00e9es afin de s\u2019assurer de leur compatibilit\u00e9 avec votre projets de construction. <br><br>En cas d\u2019incompatibilit\u00e9s Urbassistance vous accompagne afin de&nbsp;:<br>     &#8211;  Mettre en ad\u00e9quation votre projet avec les r\u00e8gles d\u2019urbanisme en vigueur&nbsp;; <br>     &#8211;  Ou bien de modifier les r\u00e8gles d\u2019urbanisme en accord et en partenariat avec la collectivit\u00e9 le cas \u00e9ch\u00e9ant (lorsque cela est possible). <br><br>Urbassistance vous accompagne ainsi <strong>en amont de tout vos projets<\/strong> afin d\u2019en garantir la constructibilit\u00e9.<br><br><br><\/p>\n\n\n\n<p class=\"has-luminous-vivid-orange-color has-text-color has-medium-font-size\"><strong>Urbassistance r\u00e9alise : <\/strong><\/p>\n\n\n\n<p class=\"has-cyan-bluish-gray-color has-text-color\">     &#8211;  Etude et analyse de l&rsquo;ensemble des pi\u00e8ces du document d&rsquo;urbanisme (PLU, PLUi),  <br>     &#8211;  Identification des \u00e9ventuelles incompatibilit\u00e9s, <br>     &#8211;  Propositions d&rsquo;adaptations du projet,<br>     &#8211;  Propositions de modifications \u00e0 apporter au document d&rsquo;urbanisme si possible* <br><br><br><em>* Urbassistance peut vous accompagner dans la n\u00e9gociation avec les collectivit\u00e9s. <br>Nous accompagnons \u00e9galement les collectivit\u00e9s dans l&rsquo;<\/em><a href=\"http:\/\/urbassistance.fr\/index.php\/plan-local-durbanisme-plu-plui\/\"><em>\u00e9volution des documents d&rsquo;urbanisme<\/em><\/a><em> le cas \u00e9ch\u00e9ant. <\/em><br><br><br><\/p>\n\n\n\n<p class=\"has-luminous-vivid-orange-color has-text-color has-medium-font-size\"><strong>R\u00e9f\u00e9rences<\/strong><br><\/p>\n\n\n\n<figure class=\"wp-block-image size-large\"><img loading=\"lazy\" decoding=\"async\" width=\"1024\" height=\"478\" src=\"http:\/\/urbassistance.fr\/wp-content\/uploads\/2021\/03\/Etude_compat-1024x478.png\" alt=\"\" class=\"wp-image-1086\" srcset=\"https:\/\/urbassistance.fr\/wp-content\/uploads\/2021\/03\/Etude_compat-1024x478.png 1024w, https:\/\/urbassistance.fr\/wp-content\/uploads\/2021\/03\/Etude_compat-300x140.png 300w, https:\/\/urbassistance.fr\/wp-content\/uploads\/2021\/03\/Etude_compat-768x358.png 768w, https:\/\/urbassistance.fr\/wp-content\/uploads\/2021\/03\/Etude_compat-1536x717.png 1536w, https:\/\/urbassistance.fr\/wp-content\/uploads\/2021\/03\/Etude_compat-2048x956.png 2048w\" sizes=\"(max-width: 1024px) 100vw, 1024px\" \/><\/figure>\n<\/div>\n\n\n\n<div class=\"wp-block-column is-layout-flow wp-block-column-is-layout-flow\" style=\"flex-basis:15%\"><\/div>\n<\/div>\n","protected":false},"excerpt":{"rendered":"<p>Quelque soit votre projet sa construction est conditionn\u00e9e au respect des r\u00e8gles d&rsquo;urbanisme applicables sur le site d&rsquo;implantation. Il est donc n\u00e9cessaire de s&rsquo;assurer le plus en amont possible de la compatibilit\u00e9 de votre projet avec les r\u00e8gles d&rsquo;urbanisme en vigueur. Urbassistance vous accompagne Urbassistance vous accompagne dans l\u2019analyse des documents et r\u00e8gles d\u2019urbanisme applicables [&hellip;]<\/p>\n","protected":false},"author":1,"featured_media":0,"parent":0,"menu_order":0,"comment_status":"closed","ping_status":"closed","template":"","meta":{"footnotes":""},"class_list":["post-410","page","type-page","status-publish","hentry"],"aioseo_notices":[],"_links":{"self":[{"href":"https:\/\/urbassistance.fr\/index.php\/wp-json\/wp\/v2\/pages\/410"}],"collection":[{"href":"https:\/\/urbassistance.fr\/index.php\/wp-json\/wp\/v2\/pages"}],"about":[{"href":"https:\/\/urbassistance.fr\/index.php\/wp-json\/wp\/v2\/types\/page"}],"author":[{"embeddable":true,"href":"https:\/\/urbassistance.fr\/index.php\/wp-json\/wp\/v2\/users\/1"}],"replies":[{"embeddable":true,"href":"https:\/\/urbassistance.fr\/index.php\/wp-json\/wp\/v2\/comments?post=410"}],"version-history":[{"count":12,"href":"https:\/\/urbassistance.fr\/index.php\/wp-json\/wp\/v2\/pages\/410\/revisions"}],"predecessor-version":[{"id":1097,"href":"https:\/\/urbassistance.fr\/index.php\/wp-json\/wp\/v2\/pages\/410\/revisions\/1097"}],"wp:attachment":[{"href":"https:\/\/urbassistance.fr\/index.php\/wp-json\/wp\/v2\/media?parent=410"}],"curies":[{"name":"wp","href":"https:\/\/api.w.org\/{rel}","templated":true}]}}