{"id":403,"date":"2019-10-03T12:48:00","date_gmt":"2019-10-03T10:48:00","guid":{"rendered":"http:\/\/urbassistance.fr\/?page_id=403"},"modified":"2021-03-08T21:25:23","modified_gmt":"2021-03-08T20:25:23","slug":"conseil-et-accompagnement-enr","status":"publish","type":"page","link":"https:\/\/urbassistance.fr\/index.php\/conseil-et-accompagnement-enr\/","title":{"rendered":"Conseil et accompagnement"},"content":{"rendered":"\n<div class=\"wp-block-cover has-background-dim-20 has-background-dim\" style=\"background-image:url(http:\/\/urbassistance.fr\/wp-content\/uploads\/2020\/11\/office-1209640_1920.jpg);min-height:175px;aspect-ratio:unset;\"><div class=\"wp-block-cover__inner-container is-layout-flow wp-block-cover-is-layout-flow\">\n<p class=\"has-text-align-center has-large-font-size\">Conseil et accompagnement<\/p>\n<\/div><\/div>\n\n\n\n<div class=\"wp-block-columns is-layout-flex wp-container-core-columns-is-layout-1 wp-block-columns-is-layout-flex\">\n<div class=\"wp-block-column is-layout-flow wp-block-column-is-layout-flow\" style=\"flex-basis:15%\"><\/div>\n\n\n\n<div class=\"wp-block-column is-layout-flow wp-block-column-is-layout-flow\" style=\"flex-basis:70%\">\n<p class=\"has-cyan-bluish-gray-color has-text-color\" id=\"block-3ec2fd1c-14cb-4c15-9a06-924dc31e1ef4\"><br>Urbassistance accompagne et conseille les porteurs de projets et d\u00e9veloppeurs en \u00e9nergies renouvelables dans l&rsquo;ensemble de leur d\u00e9marches et probl\u00e9matiques en mati\u00e8re d&rsquo;urbanisme.<br><br><\/p>\n\n\n\n<p class=\"has-luminous-vivid-orange-color has-text-color has-medium-font-size\" id=\"block-a4ee5fdb-e54e-4a00-82e6-ed7af01b4908\"><strong>Accompagnement sur mesure<\/strong><\/p>\n\n\n\n<p class=\"has-cyan-bluish-gray-color has-text-color\" id=\"block-efc41ac0-55cf-4603-89a6-bce6cc227e6a\">Urbassistance vous propose des solutions sur mesure, en vous accompagnant \u00e0 chaque \u00e9tape de vos projets :<br>&#8211; Analyse des documents d&rsquo;urbanisme en amont de vos projets,<br>&#8211; <a href=\"http:\/\/urbassistance.fr\/index.php\/etude-de-compatibilite-enr\/\"><em>Etude de compatibilit\u00e9 d&rsquo;urbanisme<\/em><\/a> au d\u00e9marrage de vos projets,<br>&#8211; Accompagnement aupr\u00e8s des \u00e9lus et des services de l&rsquo;\u00e9tat en cas d&rsquo;incompatibilit\u00e9,<br>&#8211; <a href=\"http:\/\/urbassistance.fr\/index.php\/plan-local-durbanisme-plu-plui\/\"><em>Evolution des documents d&rsquo;urbanisme<\/em><\/a> le cas \u00e9ch\u00e9ant (en partenariat avec la collectivit\u00e9).<br><br>De cette mani\u00e8re <strong>Urbassistance vous garanti la constructibilit\u00e9 de votre projet<\/strong> avec d&rsquo;engager l&rsquo;ensemble des \u00e9tudes, et vous \u00e9vite ainsi toute mauvaise surprise \u00e0 l&rsquo;issu de vos projets.<br><br>\ufeff<\/p>\n\n\n\n<p class=\"has-luminous-vivid-orange-color has-text-color has-medium-font-size\" id=\"block-3da71c5b-3bca-43f6-9544-62c835b98242\"><strong>Expertise et conseil<\/strong><\/p>\n\n\n\n<p class=\"has-cyan-bluish-gray-color has-text-color\" id=\"block-5adc295a-68eb-4cc7-ae8a-f31b5543e0f9\"><strong>Sp\u00e9cialis\u00e9 dans les questions d&rsquo;urbanisme en lien avec les projets d&rsquo;\u00e9nergies renouvelables<\/strong>, Urbassistance se tient \u00e0 votre disposition pour r\u00e9pondre \u00e0 toutes vos questions en la mati\u00e8re, et pour trouver les meilleures solutions afin de garantir la r\u00e9ussite de vos projets.<br><br>Une question ? Un renseignement ?<br>N&rsquo;h\u00e9sitez pas \u00e0 <a href=\"http:\/\/urbassistance.fr\/index.php\/contact-urbassistance-bureau-detudes\/\">me contacter<\/a>. Je me ferai un plaisir de vous accompagner.<br><br><br><\/p>\n<\/div>\n\n\n\n<div class=\"wp-block-column is-layout-flow wp-block-column-is-layout-flow\" style=\"flex-basis:15%\"><\/div>\n<\/div>\n\n\n\n<div class=\"wp-block-columns is-layout-flex wp-container-core-columns-is-layout-2 wp-block-columns-is-layout-flex\">\n<div class=\"wp-block-column is-layout-flow wp-block-column-is-layout-flow\" style=\"flex-basis:15%\"><\/div>\n\n\n\n<div class=\"wp-block-column is-layout-flow wp-block-column-is-layout-flow\" style=\"flex-basis:70%\">\n<p class=\"has-luminous-vivid-orange-color has-text-color has-medium-font-size\"><strong>R\u00e9f\u00e9rence<\/strong><\/p>\n\n\n\n<figure class=\"wp-block-image size-large\"><img decoding=\"async\" src=\"http:\/\/urbassistance.fr\/wp-content\/uploads\/2021\/03\/Conseil-1024x478.png\" alt=\"\" class=\"wp-image-1085\"\/><\/figure>\n<\/div>\n\n\n\n<div class=\"wp-block-column is-layout-flow wp-block-column-is-layout-flow\" style=\"flex-basis:15%\"><\/div>\n<\/div>\n","protected":false},"excerpt":{"rendered":"<p>Urbassistance accompagne et conseille les porteurs de projets et d\u00e9veloppeurs en \u00e9nergies renouvelables dans l&rsquo;ensemble de leur d\u00e9marches et probl\u00e9matiques en mati\u00e8re d&rsquo;urbanisme. Accompagnement sur mesure Urbassistance vous propose des solutions sur mesure, en vous accompagnant \u00e0 chaque \u00e9tape de vos projets :&#8211; Analyse des documents d&rsquo;urbanisme en amont de vos projets,&#8211; Etude de compatibilit\u00e9 [&hellip;]<\/p>\n","protected":false},"author":1,"featured_media":0,"parent":0,"menu_order":0,"comment_status":"closed","ping_status":"closed","template":"","meta":{"footnotes":""},"class_list":["post-403","page","type-page","status-publish","hentry"],"aioseo_notices":[],"_links":{"self":[{"href":"https:\/\/urbassistance.fr\/index.php\/wp-json\/wp\/v2\/pages\/403"}],"collection":[{"href":"https:\/\/urbassistance.fr\/index.php\/wp-json\/wp\/v2\/pages"}],"about":[{"href":"https:\/\/urbassistance.fr\/index.php\/wp-json\/wp\/v2\/types\/page"}],"author":[{"embeddable":true,"href":"https:\/\/urbassistance.fr\/index.php\/wp-json\/wp\/v2\/users\/1"}],"replies":[{"embeddable":true,"href":"https:\/\/urbassistance.fr\/index.php\/wp-json\/wp\/v2\/comments?post=403"}],"version-history":[{"count":12,"href":"https:\/\/urbassistance.fr\/index.php\/wp-json\/wp\/v2\/pages\/403\/revisions"}],"predecessor-version":[{"id":1091,"href":"https:\/\/urbassistance.fr\/index.php\/wp-json\/wp\/v2\/pages\/403\/revisions\/1091"}],"wp:attachment":[{"href":"https:\/\/urbassistance.fr\/index.php\/wp-json\/wp\/v2\/media?parent=403"}],"curies":[{"name":"wp","href":"https:\/\/api.w.org\/{rel}","templated":true}]}}