{"id":394,"date":"2019-10-02T16:44:39","date_gmt":"2019-10-02T14:44:39","guid":{"rendered":"http:\/\/urbassistance.fr\/?page_id=394"},"modified":"2021-03-08T21:34:34","modified_gmt":"2021-03-08T20:34:34","slug":"etude-de-compatibilite-enr","status":"publish","type":"page","link":"https:\/\/urbassistance.fr\/index.php\/etude-de-compatibilite-enr\/","title":{"rendered":"Etude de compatibilit\u00e9"},"content":{"rendered":"\n<div class=\"wp-block-cover has-background-dim-20 has-background-dim\" style=\"background-image:url(http:\/\/urbassistance.fr\/wp-content\/uploads\/2020\/11\/bannieres_dev_enr.png);min-height:175px;aspect-ratio:unset;\"><div class=\"wp-block-cover__inner-container is-layout-flow wp-block-cover-is-layout-flow\">\n<p class=\"has-text-align-center has-large-font-size\">Etude de compatibilit\u00e9<\/p>\n<\/div><\/div>\n\n\n\n<div class=\"wp-block-columns is-layout-flex wp-container-core-columns-is-layout-1 wp-block-columns-is-layout-flex\">\n<div class=\"wp-block-column is-layout-flow wp-block-column-is-layout-flow\" style=\"flex-basis:15%\"><\/div>\n\n\n\n<div class=\"wp-block-column is-layout-flow wp-block-column-is-layout-flow\" style=\"flex-basis:70%\">\n<p class=\"has-cyan-bluish-gray-color has-text-color\"><br>Quelque soit votre projet (\u00e9olien, photovolta\u00efques, hydro-\u00e9lectrique, m\u00e9thanisation\u2026) sa construction est conditionn\u00e9e au respect des r\u00e8gles d&rsquo;urbanisme applicables sur le site d&rsquo;implantation. Il est donc n\u00e9cessaire de <strong>s&rsquo;assurer le plus en amont possible de la compatibilit\u00e9<\/strong> de votre projet avec les r\u00e8gles d&rsquo;urbanisme en vigueur. <br><br><\/p>\n\n\n\n<p class=\"has-luminous-vivid-orange-color has-text-color has-medium-font-size\"><strong>Urbassistance vous accompagne <\/strong><\/p>\n\n\n\n<p class=\"has-cyan-bluish-gray-color has-text-color\">Urbassistance <strong>accompagne les porteurs de projets et d\u00e9veloppeurs en \u00e9nergies renouvelables <\/strong>(\u00e9olien, photovolta\u00efque, hydro-\u00e9lectrique, m\u00e9thanisation&#8230;) dans l\u2019analyse des documents et r\u00e8gles d\u2019urbanisme applicables sur le territoire de leur projet. <br><br>Ces \u00e9tudes de compatibilit\u00e9 visent \u00e0 <strong>analyser les documents d\u2019urbanisme<\/strong> en vigueur et les <strong>r\u00e8gles applicables<\/strong> sur les sites projet\u00e9s afin de s\u2019assurer de leur compatibilit\u00e9 avec les projets en d\u00e9veloppement. <br><br>En cas d\u2019incompatibilit\u00e9s Urbassistance vous accompagne afin de&nbsp;:<br>     &#8211;  Mettre en ad\u00e9quation votre projet avec les r\u00e8gles d\u2019urbanisme en vigueur (si cela est possible)&nbsp;; <br>     &#8211;  Ou bien de modifier les r\u00e8gles d\u2019urbanisme en accord et en partenariat avec la collectivit\u00e9 le cas \u00e9ch\u00e9ant (<em><a href=\"http:\/\/urbassistance.fr\/index.php\/declaration-de-projet-enr\/\">D\u00e9claration de projet<\/a><\/em>, pour les projets d\u2019int\u00e9r\u00eat g\u00e9n\u00e9ral par exemple). <br><br>Urbassistance vous accompagne ainsi <strong>en amont de tous vos projets<\/strong> afin d\u2019en garantir la constructibilit\u00e9.<br><br><br><\/p>\n\n\n\n<p class=\"has-luminous-vivid-orange-color has-text-color has-medium-font-size\"><strong>Urbassistance r\u00e9alise<\/strong> :<\/p>\n\n\n\n<p class=\"has-cyan-bluish-gray-color has-text-color\">     &#8211;  Etude et analyse de l&rsquo;ensemble des pi\u00e8ces du document d&rsquo;urbanisme (PLU, PLUi) en vigueur ou en cours d&rsquo;\u00e9laboration, <br>     &#8211;  Identification des \u00e9ventuelles incompatibilit\u00e9s, <br>     &#8211;  Propositions d&rsquo;adaptations du projet si possible, <br>     &#8211;  Propositions de modifications \u00e0 apporter au document d&rsquo;urbanisme, <br>     &#8211;  D\u00e9termination de la proc\u00e9dure la plus adapt\u00e9e, <br>     &#8211;  Evolution du document d&rsquo;urbanisme le cas \u00e9ch\u00e9ant (r\u00e9daction des dossiers et suivi de la proc\u00e9dure, <strong>en partenariat avec la collectivit\u00e9<\/strong> territoriale). <br><br><\/p>\n\n\n\n<p class=\"has-cyan-bluish-gray-color has-text-color\">Pour plus de renseignements sur les services d&rsquo;Urbassistance et ses offres sur-mesure \u00e0 destination des d\u00e9veloppeurs ENR, n\u2019h\u00e9sitez pas \u00e0 <a href=\"http:\/\/urbassistance.fr\/index.php\/contact\/\"><em>me contacter. <\/em><\/a><br><br><br><\/p>\n\n\n\n<p class=\"has-luminous-vivid-orange-color has-text-color has-medium-font-size\"><strong>R\u00e9f\u00e9rences<\/strong><br><\/p>\n\n\n\n<figure class=\"wp-block-image size-large\"><img loading=\"lazy\" decoding=\"async\" width=\"1024\" height=\"478\" src=\"http:\/\/urbassistance.fr\/wp-content\/uploads\/2021\/03\/Etude_compat-1024x478.png\" alt=\"\" class=\"wp-image-1086\" srcset=\"https:\/\/urbassistance.fr\/wp-content\/uploads\/2021\/03\/Etude_compat-1024x478.png 1024w, https:\/\/urbassistance.fr\/wp-content\/uploads\/2021\/03\/Etude_compat-300x140.png 300w, https:\/\/urbassistance.fr\/wp-content\/uploads\/2021\/03\/Etude_compat-768x358.png 768w, https:\/\/urbassistance.fr\/wp-content\/uploads\/2021\/03\/Etude_compat-1536x717.png 1536w, https:\/\/urbassistance.fr\/wp-content\/uploads\/2021\/03\/Etude_compat-2048x956.png 2048w\" sizes=\"(max-width: 1024px) 100vw, 1024px\" \/><\/figure>\n<\/div>\n\n\n\n<div class=\"wp-block-column is-layout-flow wp-block-column-is-layout-flow\" style=\"flex-basis:15%\"><\/div>\n<\/div>\n","protected":false},"excerpt":{"rendered":"<p>Quelque soit votre projet (\u00e9olien, photovolta\u00efques, hydro-\u00e9lectrique, m\u00e9thanisation\u2026) sa construction est conditionn\u00e9e au respect des r\u00e8gles d&rsquo;urbanisme applicables sur le site d&rsquo;implantation. Il est donc n\u00e9cessaire de s&rsquo;assurer le plus en amont possible de la compatibilit\u00e9 de votre projet avec les r\u00e8gles d&rsquo;urbanisme en vigueur. Urbassistance vous accompagne Urbassistance accompagne les porteurs de projets et [&hellip;]<\/p>\n","protected":false},"author":1,"featured_media":0,"parent":0,"menu_order":0,"comment_status":"closed","ping_status":"closed","template":"","meta":{"footnotes":""},"class_list":["post-394","page","type-page","status-publish","hentry"],"aioseo_notices":[],"_links":{"self":[{"href":"https:\/\/urbassistance.fr\/index.php\/wp-json\/wp\/v2\/pages\/394"}],"collection":[{"href":"https:\/\/urbassistance.fr\/index.php\/wp-json\/wp\/v2\/pages"}],"about":[{"href":"https:\/\/urbassistance.fr\/index.php\/wp-json\/wp\/v2\/types\/page"}],"author":[{"embeddable":true,"href":"https:\/\/urbassistance.fr\/index.php\/wp-json\/wp\/v2\/users\/1"}],"replies":[{"embeddable":true,"href":"https:\/\/urbassistance.fr\/index.php\/wp-json\/wp\/v2\/comments?post=394"}],"version-history":[{"count":18,"href":"https:\/\/urbassistance.fr\/index.php\/wp-json\/wp\/v2\/pages\/394\/revisions"}],"predecessor-version":[{"id":1096,"href":"https:\/\/urbassistance.fr\/index.php\/wp-json\/wp\/v2\/pages\/394\/revisions\/1096"}],"wp:attachment":[{"href":"https:\/\/urbassistance.fr\/index.php\/wp-json\/wp\/v2\/media?parent=394"}],"curies":[{"name":"wp","href":"https:\/\/api.w.org\/{rel}","templated":true}]}}