{"id":350,"date":"2019-09-25T16:28:36","date_gmt":"2019-09-25T14:28:36","guid":{"rendered":"http:\/\/urbassistance.fr\/?page_id=350"},"modified":"2021-03-08T21:38:13","modified_gmt":"2021-03-08T20:38:13","slug":"loi-barnier-amendement-dupont-enr","status":"publish","type":"page","link":"https:\/\/urbassistance.fr\/index.php\/loi-barnier-amendement-dupont-enr\/","title":{"rendered":"Loi Barnier &#8211; Amendement Dupont"},"content":{"rendered":"\n<div class=\"wp-block-cover has-background-dim-20 has-background-dim\" style=\"background-image:url(http:\/\/urbassistance.fr\/wp-content\/uploads\/2020\/11\/banniere_loi_barnier_PV-1.png);background-position:50% 54%;min-height:175px;aspect-ratio:unset;\"><div class=\"wp-block-cover__inner-container is-layout-flow wp-block-cover-is-layout-flow\">\n<p class=\"has-text-align-center has-large-font-size\">Loi Barnier &#8211; Amendement Dupont<\/p>\n<\/div><\/div>\n\n\n\n<div class=\"wp-block-columns is-layout-flex wp-container-core-columns-is-layout-1 wp-block-columns-is-layout-flex\">\n<div class=\"wp-block-column is-layout-flow wp-block-column-is-layout-flow\" style=\"flex-basis:15%\"><\/div>\n\n\n\n<div class=\"wp-block-column is-layout-flow wp-block-column-is-layout-flow\" style=\"flex-basis:70%\">\n<p class=\"has-luminous-vivid-orange-color has-text-color has-medium-font-size\"><br><strong>Contraintes de la Loi Barnier<\/strong><\/p>\n\n\n\n<p class=\"has-cyan-bluish-gray-color has-text-color\">La loi n\u00b0 95-101 du 2 f\u00e9vrier 1995, dite loi Barnier, a introduit au sein du Code de l\u2019Urbanisme, l\u2019interdiction de construire dans une bande de 100&nbsp;m\u00e8tres de part et d\u2019autre de l\u2019axe des autoroutes, des routes express et des d\u00e9viations au sens du <a href=\"https:\/\/www.legifrance.gouv.fr\/affichCode.do?cidTexte=LEGITEXT000006070667&amp;dateTexte=&amp;categorieLien=cid\" target=\"_blank\" rel=\"noreferrer noopener\">Code de la Voirie routi\u00e8re<\/a> et de 75 m\u00e8tres de part et d\u2019autre de l\u2019axe des autres routes class\u00e9es \u00e0 grande circulation.<br><br>Cette contrainte peut entraver le d\u00e9veloppement de projets d&rsquo;\u00e9nergies renouvelables \u00e0 proximit\u00e9 des axes routiers, notamment les projets photovolta\u00efques au sol.<br><br><br><\/p>\n<\/div>\n\n\n\n<div class=\"wp-block-column is-layout-flow wp-block-column-is-layout-flow\" style=\"flex-basis:15%\"><\/div>\n<\/div>\n\n\n\n<div class=\"wp-block-columns is-layout-flex wp-container-core-columns-is-layout-2 wp-block-columns-is-layout-flex\">\n<div class=\"wp-block-column is-layout-flow wp-block-column-is-layout-flow\" style=\"flex-basis:35%\">\n<p><br><br><br><br><\/p>\n\n\n\n<figure class=\"wp-block-image size-large\"><img loading=\"lazy\" decoding=\"async\" width=\"609\" height=\"534\" src=\"http:\/\/urbassistance.fr\/wp-content\/uploads\/2020\/11\/barnier_illustra_PV_2.png\" alt=\"\" class=\"wp-image-1006\" srcset=\"https:\/\/urbassistance.fr\/wp-content\/uploads\/2020\/11\/barnier_illustra_PV_2.png 609w, https:\/\/urbassistance.fr\/wp-content\/uploads\/2020\/11\/barnier_illustra_PV_2-300x263.png 300w\" sizes=\"(max-width: 609px) 100vw, 609px\" \/><\/figure>\n<\/div>\n\n\n\n<div class=\"wp-block-column is-layout-flow wp-block-column-is-layout-flow\" style=\"flex-basis:55%\">\n<p class=\"has-luminous-vivid-orange-color has-text-color has-medium-font-size\"><strong>Des d\u00e9rogations possibles<\/strong><br><\/p>\n\n\n\n<p class=\"has-cyan-bluish-gray-color has-text-color\"><br>L\u2019article L111-8 du Code de l\u2019Urbanisme pr\u00e9voit que \u00ab <em>Le plan local d\u2019urbanisme, ou un document d\u2019urbanisme en tenant lieu, peut fixer des r\u00e8gles d\u2019implantation diff\u00e9rentes de celles pr\u00e9vues par l\u2019article L. 111-6 lorsqu\u2019il comporte une \u00e9tude justifiant, en fonction des sp\u00e9cificit\u00e9s locales, que ces r\u00e8gles sont compatibles avec la prise en compte des nuisances, de la s\u00e9curit\u00e9, de la qualit\u00e9 architecturale, ainsi que de la qualit\u00e9 de l\u2019urbanisme et des paysages.<\/em> \u00bb<br><br>Cette \u00e9tude pr\u00e9sente dans un premier temps les caract\u00e9ristiques du projet envisag\u00e9 et du site sur lequel il s\u2019implante. Elle d\u00e9finit ensuite la prise en compte des impacts induits par le projet sur l\u2019axe routier, et les impacts induits par l\u2019axe routier sur le projet. Cette \u00e9tude prend en compte \u00e0 la fois le contexte sonore, la qualit\u00e9 de l\u2019air, la s\u00e9curit\u00e9 routi\u00e8re, la qualit\u00e9 architecturale et urbanistique, la qualit\u00e9 paysag\u00e8re et le patrimoine.<br><br>Enfin le dossier propose les modifications \u00e0 apporter au document d\u2019urbanisme afin de <strong>permettre la constructibilit\u00e9 dans la bande r\u00e9put\u00e9e inconstructible<\/strong> de part et d\u2019autre de l\u2019axe routier.<br><br>Ces justifications et ces modifications du document d\u2019urbanisme doivent ensuite \u00eatre int\u00e9gr\u00e9es \u00e0 ce dernier, via la proc\u00e9dure la plus adapt\u00e9e. <br><br><br><\/p>\n<\/div>\n\n\n\n<div class=\"wp-block-column is-layout-flow wp-block-column-is-layout-flow\" style=\"flex-basis:10%\"><\/div>\n<\/div>\n\n\n\n<div class=\"wp-block-columns is-layout-flex wp-container-core-columns-is-layout-3 wp-block-columns-is-layout-flex\">\n<div class=\"wp-block-column is-layout-flow wp-block-column-is-layout-flow\" style=\"flex-basis:15%\"><\/div>\n\n\n\n<div class=\"wp-block-column is-layout-flow wp-block-column-is-layout-flow\" style=\"flex-basis:70%\">\n<p class=\"has-luminous-vivid-orange-color has-text-color has-medium-font-size\"><strong>Urbassistance vous accompagne <\/strong><\/p>\n\n\n\n<p class=\"has-cyan-bluish-gray-color has-text-color\"><strong>Urbassistance accompagne les collectivit\u00e9s et les porteurs de projets dans la r\u00e9alisation de l&rsquo;ensemble des \u00e9tudes et justifications n\u00e9cessaires<\/strong> pour d\u00e9roger aux dispositions de la Loi Barnier, ainsi que dans l&rsquo;\u00e9volution des documents d&rsquo;urbanisme en r\u00e9sultant.<br><br>Ces \u00e9tudes sont r\u00e9alis\u00e9es en partenariat avec des paysagistes concepteurs pour les questions d&rsquo;int\u00e9gration paysag\u00e8re dans certains cas. <br><br>Sp\u00e9cialiste de l&rsquo;<em><a href=\"http:\/\/urbassistance.fr\/index.php\/urbanisme-reglementaire\/\">urbanisme r\u00e8glementaire<\/a><\/em>, Urbassistance accompagne les collectivit\u00e9s dans l&rsquo;<strong><a href=\"http:\/\/urbassistance.fr\/index.php\/plan-local-durbanisme-plu-plui\/\">\u00e9volution des documents d&rsquo;urbanisme<\/a><\/strong> afin d&rsquo;y int\u00e9grer les nouvelles dispositions permettant la constructibilit\u00e9 dans les bandes d\u00e9finies par la loi Barnier ;  et ce via la proc\u00e9dure la plus adapt\u00e9e. <br><br><br>Pour plus de renseignements sur ce type de proc\u00e9dure ou sur les services que nous proposons, n&rsquo;h\u00e9sitez pas \u00e0 <em>me contacter ! <\/em>Je me ferai un plaisir de vous accompagner. <br><br><\/p>\n\n\n\n<p class=\"has-luminous-vivid-orange-color has-text-color has-medium-font-size\"><strong>R\u00e9f\u00e9rences<\/strong><\/p>\n\n\n\n<figure class=\"wp-block-image size-large\"><img loading=\"lazy\" decoding=\"async\" width=\"1024\" height=\"478\" src=\"http:\/\/urbassistance.fr\/wp-content\/uploads\/2021\/03\/Loi_Barnier_Valeco-1024x478.png\" alt=\"\" class=\"wp-image-1087\" srcset=\"https:\/\/urbassistance.fr\/wp-content\/uploads\/2021\/03\/Loi_Barnier_Valeco-1024x478.png 1024w, https:\/\/urbassistance.fr\/wp-content\/uploads\/2021\/03\/Loi_Barnier_Valeco-300x140.png 300w, https:\/\/urbassistance.fr\/wp-content\/uploads\/2021\/03\/Loi_Barnier_Valeco-768x358.png 768w, https:\/\/urbassistance.fr\/wp-content\/uploads\/2021\/03\/Loi_Barnier_Valeco-1536x717.png 1536w, https:\/\/urbassistance.fr\/wp-content\/uploads\/2021\/03\/Loi_Barnier_Valeco-2048x956.png 2048w\" sizes=\"(max-width: 1024px) 100vw, 1024px\" \/><\/figure>\n<\/div>\n\n\n\n<div class=\"wp-block-column is-layout-flow wp-block-column-is-layout-flow\" style=\"flex-basis:15%\"><\/div>\n<\/div>\n\n\n\n<p><\/p>\n","protected":false},"excerpt":{"rendered":"<p>Contraintes de la Loi Barnier La loi n\u00b0 95-101 du 2 f\u00e9vrier 1995, dite loi Barnier, a introduit au sein du Code de l\u2019Urbanisme, l\u2019interdiction de construire dans une bande de 100&nbsp;m\u00e8tres de part et d\u2019autre de l\u2019axe des autoroutes, des routes express et des d\u00e9viations au sens du Code de la Voirie routi\u00e8re et [&hellip;]<\/p>\n","protected":false},"author":1,"featured_media":0,"parent":0,"menu_order":0,"comment_status":"closed","ping_status":"closed","template":"","meta":{"footnotes":""},"class_list":["post-350","page","type-page","status-publish","hentry"],"aioseo_notices":[],"_links":{"self":[{"href":"https:\/\/urbassistance.fr\/index.php\/wp-json\/wp\/v2\/pages\/350"}],"collection":[{"href":"https:\/\/urbassistance.fr\/index.php\/wp-json\/wp\/v2\/pages"}],"about":[{"href":"https:\/\/urbassistance.fr\/index.php\/wp-json\/wp\/v2\/types\/page"}],"author":[{"embeddable":true,"href":"https:\/\/urbassistance.fr\/index.php\/wp-json\/wp\/v2\/users\/1"}],"replies":[{"embeddable":true,"href":"https:\/\/urbassistance.fr\/index.php\/wp-json\/wp\/v2\/comments?post=350"}],"version-history":[{"count":33,"href":"https:\/\/urbassistance.fr\/index.php\/wp-json\/wp\/v2\/pages\/350\/revisions"}],"predecessor-version":[{"id":1099,"href":"https:\/\/urbassistance.fr\/index.php\/wp-json\/wp\/v2\/pages\/350\/revisions\/1099"}],"wp:attachment":[{"href":"https:\/\/urbassistance.fr\/index.php\/wp-json\/wp\/v2\/media?parent=350"}],"curies":[{"name":"wp","href":"https:\/\/api.w.org\/{rel}","templated":true}]}}