{"id":344,"date":"2019-09-25T16:18:30","date_gmt":"2019-09-25T14:18:30","guid":{"rendered":"http:\/\/urbassistance.fr\/?page_id=344"},"modified":"2020-11-04T22:24:31","modified_gmt":"2020-11-04T21:24:31","slug":"declaration-de-projet-enr","status":"publish","type":"page","link":"https:\/\/urbassistance.fr\/index.php\/declaration-de-projet-enr\/","title":{"rendered":"D\u00e9claration de projet"},"content":{"rendered":"\n<div class=\"wp-block-cover has-background-dim\" style=\"background-image:url(http:\/\/urbassistance.fr\/wp-content\/uploads\/2020\/11\/bannieres_dev_enr.png);background-position:54% 43%;min-height:175px;aspect-ratio:unset;\"><div class=\"wp-block-cover__inner-container is-layout-flow wp-block-cover-is-layout-flow\">\n<p class=\"has-text-align-center has-large-font-size\">D\u00e9claration de projet<\/p>\n<\/div><\/div>\n\n\n\n<div class=\"wp-block-columns is-layout-flex wp-container-core-columns-is-layout-1 wp-block-columns-is-layout-flex\">\n<div class=\"wp-block-column is-layout-flow wp-block-column-is-layout-flow\" style=\"flex-basis:15%\"><\/div>\n\n\n\n<div class=\"wp-block-column is-layout-flow wp-block-column-is-layout-flow\" style=\"flex-basis:70%\">\n<p class=\"has-cyan-bluish-gray-color has-text-color\"><br>Lorsque votre projet (\u00e9olien, photovolta\u00efque, hydro-\u00e9lectrique, m\u00e9thanisation\u2026) n&rsquo;est pas compatible avec le document d&rsquo;urbanisme (PLU, PLUi\u2026) du territoire sur lequel il s&rsquo;implante, il est possible pour la collectivit\u00e9 de rendre le document d&rsquo;urbanisme compatible avec votre projet.<br><br><\/p>\n\n\n\n<p class=\"has-cyan-bluish-gray-color has-text-color\">Il est alors possible d&rsquo;avoir recours \u00e0 <strong>une d\u00e9claration de projet emportant mise en compatibilit\u00e9 du document d&rsquo;urbanisme<\/strong>.<br><br><\/p>\n\n\n\n<p class=\"has-cyan-bluish-gray-color has-text-color\"><strong>Urbassistance est sp\u00e9cialis\u00e9 dans ce type de proc\u00e9dure pour les projets d&rsquo;\u00e9nergies renouvelables <\/strong>et a donc l&rsquo;habitude d&rsquo;accompagner les collectivit\u00e9s et les porteurs de projets dans la r\u00e9alisation de d\u00e9clarations de projet.<\/p>\n<\/div>\n\n\n\n<div class=\"wp-block-column is-layout-flow wp-block-column-is-layout-flow\" style=\"flex-basis:15%\"><\/div>\n<\/div>\n\n\n\n<div class=\"wp-block-columns is-layout-flex wp-container-core-columns-is-layout-2 wp-block-columns-is-layout-flex\">\n<div class=\"wp-block-column is-layout-flow wp-block-column-is-layout-flow\" style=\"flex-basis:15%\"><\/div>\n\n\n\n<div class=\"wp-block-column is-layout-flow wp-block-column-is-layout-flow\" style=\"flex-basis:70%\">\n<p class=\"has-luminous-vivid-orange-color has-text-color has-medium-font-size\"><strong>Urbassistance vous accompagne<\/strong><\/p>\n<\/div>\n\n\n\n<div class=\"wp-block-column is-layout-flow wp-block-column-is-layout-flow\" style=\"flex-basis:15%\"><\/div>\n<\/div>\n\n\n\n<div class=\"wp-block-columns is-layout-flex wp-container-core-columns-is-layout-3 wp-block-columns-is-layout-flex\">\n<div class=\"wp-block-column is-layout-flow wp-block-column-is-layout-flow\" style=\"flex-basis:35%\">\n<p><br><br><\/p>\n\n\n\n<figure class=\"wp-block-image size-large\"><img loading=\"lazy\" decoding=\"async\" width=\"1024\" height=\"905\" src=\"http:\/\/urbassistance.fr\/wp-content\/uploads\/2020\/11\/DP_ENR-1024x905.png\" alt=\"\" class=\"wp-image-862\" srcset=\"https:\/\/urbassistance.fr\/wp-content\/uploads\/2020\/11\/DP_ENR-1024x905.png 1024w, https:\/\/urbassistance.fr\/wp-content\/uploads\/2020\/11\/DP_ENR-300x265.png 300w, https:\/\/urbassistance.fr\/wp-content\/uploads\/2020\/11\/DP_ENR-768x679.png 768w, https:\/\/urbassistance.fr\/wp-content\/uploads\/2020\/11\/DP_ENR-1536x1358.png 1536w, https:\/\/urbassistance.fr\/wp-content\/uploads\/2020\/11\/DP_ENR-2048x1811.png 2048w\" sizes=\"(max-width: 1024px) 100vw, 1024px\" \/><\/figure>\n<\/div>\n\n\n\n<div class=\"wp-block-column is-layout-flow wp-block-column-is-layout-flow\" style=\"flex-basis:55%\">\n<p class=\"has-cyan-bluish-gray-color has-text-color\">Urbassistance r\u00e9alise les t\u00e2ches suivantes :<br>&#8211; R\u00e9daction de l&rsquo;ensemble du dossier de d\u00e9claration de projet,<br>&#8211; R\u00e9daction de l&rsquo;ensemble du dossier de mise en compatibilit\u00e9 du document d&rsquo;urbanisme,<br>&#8211; Modifications des pi\u00e8ces du document d&rsquo;urbanisme,<br>&#8211; Suivi de la proc\u00e9dure,<br>&#8211; Pr\u00e9paration et animation des r\u00e9unions de travail et d&rsquo;examen conjoint,<br>&#8211; Accompagnement lors de la phase d&rsquo;enqu\u00eate publique.<br><br><\/p>\n\n\n\n<p class=\"has-cyan-bluish-gray-color has-text-color\">Cette proc\u00e9dure permet une <strong>mise en compatibilit\u00e9 rapide et sur mesure<\/strong> du document d&rsquo;urbanisme en fonction de votre projet.<br><br><\/p>\n\n\n\n<p class=\"has-cyan-bluish-gray-color has-text-color\">Urbassistance accompagne les collectivit\u00e9s et les d\u00e9veloppeurs <strong>dans l&rsquo;ensemble des \u00e9tapes de la d\u00e9claration de projets <\/strong>afin de leur faciliter au maximum le travail, et de leur fournir <strong>une solution \u00ab\u00a0cl\u00e9s en main\u00a0\u00bb du lancement de la proc\u00e9dure \u00e0 son approbation.<\/strong><br><br><\/p>\n\n\n\n<p class=\"has-cyan-bluish-gray-color has-text-color\">Nous accompagnons \u00e9galement les d\u00e9veloppeurs en amont de ces proc\u00e9dures, dans l&rsquo;<em><a href=\"http:\/\/urbassistance.fr\/index.php\/etude-de-compatibilite-enr\/\">\u00e9tude des documents d&rsquo;urbanisme <\/a><\/em>en vigueur, la n\u00e9gociation et les \u00e9changes avec les collectivit\u00e9s et les services de l&rsquo;Etat&#8230;<\/p>\n<\/div>\n\n\n\n<div class=\"wp-block-column is-layout-flow wp-block-column-is-layout-flow\" style=\"flex-basis:10%\"><\/div>\n<\/div>\n\n\n\n<p><\/p>\n","protected":false},"excerpt":{"rendered":"<p>Lorsque votre projet (\u00e9olien, photovolta\u00efque, hydro-\u00e9lectrique, m\u00e9thanisation\u2026) n&rsquo;est pas compatible avec le document d&rsquo;urbanisme (PLU, PLUi\u2026) du territoire sur lequel il s&rsquo;implante, il est possible pour la collectivit\u00e9 de rendre le document d&rsquo;urbanisme compatible avec votre projet. Il est alors possible d&rsquo;avoir recours \u00e0 une d\u00e9claration de projet emportant mise en compatibilit\u00e9 du document d&rsquo;urbanisme. [&hellip;]<\/p>\n","protected":false},"author":1,"featured_media":0,"parent":0,"menu_order":0,"comment_status":"closed","ping_status":"closed","template":"","meta":{"footnotes":""},"class_list":["post-344","page","type-page","status-publish","hentry"],"aioseo_notices":[],"_links":{"self":[{"href":"https:\/\/urbassistance.fr\/index.php\/wp-json\/wp\/v2\/pages\/344"}],"collection":[{"href":"https:\/\/urbassistance.fr\/index.php\/wp-json\/wp\/v2\/pages"}],"about":[{"href":"https:\/\/urbassistance.fr\/index.php\/wp-json\/wp\/v2\/types\/page"}],"author":[{"embeddable":true,"href":"https:\/\/urbassistance.fr\/index.php\/wp-json\/wp\/v2\/users\/1"}],"replies":[{"embeddable":true,"href":"https:\/\/urbassistance.fr\/index.php\/wp-json\/wp\/v2\/comments?post=344"}],"version-history":[{"count":13,"href":"https:\/\/urbassistance.fr\/index.php\/wp-json\/wp\/v2\/pages\/344\/revisions"}],"predecessor-version":[{"id":957,"href":"https:\/\/urbassistance.fr\/index.php\/wp-json\/wp\/v2\/pages\/344\/revisions\/957"}],"wp:attachment":[{"href":"https:\/\/urbassistance.fr\/index.php\/wp-json\/wp\/v2\/media?parent=344"}],"curies":[{"name":"wp","href":"https:\/\/api.w.org\/{rel}","templated":true}]}}