{"id":339,"date":"2019-09-25T16:02:35","date_gmt":"2019-09-25T14:02:35","guid":{"rendered":"http:\/\/urbassistance.fr\/?page_id=339"},"modified":"2020-11-04T23:22:47","modified_gmt":"2020-11-04T22:22:47","slug":"acupuncture-urbaine-urbanisme-tactique","status":"publish","type":"page","link":"https:\/\/urbassistance.fr\/index.php\/acupuncture-urbaine-urbanisme-tactique\/","title":{"rendered":"Acupuncture urbaine"},"content":{"rendered":"\n<div class=\"wp-block-cover has-background-dim-20 has-background-dim\" style=\"background-image:url(http:\/\/urbassistance.fr\/wp-content\/uploads\/2020\/11\/fhiebdsqqq-scaled.jpg);min-height:175px;aspect-ratio:unset;\"><div class=\"wp-block-cover__inner-container is-layout-flow wp-block-cover-is-layout-flow\">\n<p class=\"has-text-align-center has-large-font-size\">Acupuncture urbaine<\/p>\n<\/div><\/div>\n\n\n\n<div class=\"wp-block-columns is-layout-flex wp-container-core-columns-is-layout-1 wp-block-columns-is-layout-flex\">\n<div class=\"wp-block-column is-layout-flow wp-block-column-is-layout-flow\" style=\"flex-basis:15%\"><\/div>\n\n\n\n<div class=\"wp-block-column is-layout-flow wp-block-column-is-layout-flow\" style=\"flex-basis:70%\">\n<p class=\"has-luminous-vivid-orange-color has-text-color has-medium-font-size\"><br><strong>Principes et d\u00e9marche<\/strong><\/p>\n<\/div>\n\n\n\n<div class=\"wp-block-column is-layout-flow wp-block-column-is-layout-flow\" style=\"flex-basis:15%\"><\/div>\n<\/div>\n\n\n\n<div class=\"wp-block-columns is-layout-flex wp-container-core-columns-is-layout-2 wp-block-columns-is-layout-flex\">\n<div class=\"wp-block-column is-layout-flow wp-block-column-is-layout-flow\" style=\"flex-basis:15%\"><\/div>\n\n\n\n<div class=\"wp-block-column is-layout-flow wp-block-column-is-layout-flow\" style=\"flex-basis:70%\">\n<p class=\"has-cyan-bluish-gray-color has-text-color\">L&rsquo;acupuncture urbaine, aussi qualifi\u00e9e d&rsquo;urbanisme tactique, d\u00e9signe le fait de proposer un urbanisme et des am\u00e9nagements mobilisant les ressorts de l&rsquo;\u00e9v\u00e8nementiel et de l&rsquo;art afin de rendre des lieux plus conviviaux et accueillants.<br><br><\/p>\n\n\n\n<p class=\"has-cyan-bluish-gray-color has-text-color\">Cette pratique a \u00e9galement une dimension exp\u00e9rimentale, permettant de tester des am\u00e9nagement \u00e0 moindre co\u00fbt et pouvoir en appr\u00e9cier les effets avant d&rsquo;entreprendre des travaux lourds.<br><br><\/p>\n\n\n\n<p class=\"has-cyan-bluish-gray-color has-text-color\">L&rsquo;urbanisme tactique, ou l&rsquo;acupuncture urbaine permettent \u00e9galement de <strong>revitaliser un territoire<\/strong> en agissant de mani\u00e8re cibl\u00e9e sur des points et des lieux particuliers, par exemple en implantant ou cr\u00e9ant des actions et projets durables dans une zone en manque de rep\u00e8res (ex : installation de petit mobilier urbain, d\u00e9limitation des espaces avec des marquages au sol ludiques, v\u00e9g\u00e9talisation et plantation, \u0153uvres \u00e9ph\u00e9m\u00e8res, \u00e9v\u00e8nementiel&#8230;).<br><br><br>Sans remettre en cause les projets urbains de grande envergure, <strong>Urbassistance<\/strong> fait le choix se positionner comme <strong>acteur de l\u2019acupuncture urbaine<\/strong>, avec la conviction que de petites op\u00e9rations judicieusement r\u00e9alis\u00e9es peuvent revitaliser un quartier, une ville ou un territoire.<br><br><br>Ce type d\u2019op\u00e9rations et de d\u00e9marches sont \u00e9galement <strong>moins co\u00fbteuses pour les collectivit\u00e9s<\/strong>, leur permettant ainsi une souplesse et une modularit\u00e9 accrue gage de la durabilit\u00e9 de leur territoire.<br><br><\/p>\n<\/div>\n\n\n\n<div class=\"wp-block-column is-layout-flow wp-block-column-is-layout-flow\" style=\"flex-basis:15%\"><\/div>\n<\/div>\n\n\n\n<div class=\"wp-block-columns is-layout-flex wp-container-core-columns-is-layout-3 wp-block-columns-is-layout-flex\">\n<div class=\"wp-block-column is-layout-flow wp-block-column-is-layout-flow\" style=\"flex-basis:15%\"><\/div>\n\n\n\n<div class=\"wp-block-column is-layout-flow wp-block-column-is-layout-flow\" style=\"flex-basis:70%\">\n<p class=\"has-luminous-vivid-orange-color has-text-color has-medium-font-size\"><strong>Urbassistance vous accompagne<\/strong><\/p>\n<\/div>\n\n\n\n<div class=\"wp-block-column is-layout-flow wp-block-column-is-layout-flow\" style=\"flex-basis:15%\"><\/div>\n<\/div>\n\n\n\n<div class=\"wp-block-columns is-layout-flex wp-container-core-columns-is-layout-4 wp-block-columns-is-layout-flex\">\n<div class=\"wp-block-column is-layout-flow wp-block-column-is-layout-flow\" style=\"flex-basis:15%\"><\/div>\n\n\n\n<div class=\"wp-block-column is-layout-flow wp-block-column-is-layout-flow\" style=\"flex-basis:70%\">\n<p class=\"has-cyan-bluish-gray-color has-text-color\">Urbassistance accompagne les collectivit\u00e9s dans leurs <strong>d\u00e9marches de revitalisation<\/strong>, via les principes de l\u2019acupuncture urbaine et de l&rsquo;urbanisme tactique. Ce type de d\u00e9marches passe par un diagnostic du territoire&nbsp;:<br>&#8211; Ses enjeux et ses probl\u00e9matiques,<br>&#8211; Indentification des opportunit\u00e9s fonci\u00e8res,<br>&#8211; Identification des espaces \u00e0 reconqu\u00e9rir,<br>&#8211; Mobilisation des citoyens, des partenaires et des acteurs du territoire\u2026<br><\/p>\n\n\n\n<p class=\"has-cyan-bluish-gray-color has-text-color\">\u2026afin de <strong>coconstruire un programme d\u2019actions et de projets <\/strong>\u00e0 mettre en \u0153uvre permettant un rayonnement sur l\u2019ensemble du territoire concern\u00e9.<br><br><\/p>\n\n\n\n<p class=\"has-cyan-bluish-gray-color has-text-color\">N&rsquo;h\u00e9sitez pas \u00e0 <em><a href=\"http:\/\/urbassistance.fr\/index.php\/contact-urbassistance-bureau-detudes\/\">me contacter<\/a><\/em> pour tous renseignements sur mes services et pour construire ensemble le meilleur avenir pour votre territoire.<\/p>\n<\/div>\n\n\n\n<div class=\"wp-block-column is-layout-flow wp-block-column-is-layout-flow\" style=\"flex-basis:15%\"><\/div>\n<\/div>\n\n\n\n<p><\/p>\n","protected":false},"excerpt":{"rendered":"<p>Principes et d\u00e9marche L&rsquo;acupuncture urbaine, aussi qualifi\u00e9e d&rsquo;urbanisme tactique, d\u00e9signe le fait de proposer un urbanisme et des am\u00e9nagements mobilisant les ressorts de l&rsquo;\u00e9v\u00e8nementiel et de l&rsquo;art afin de rendre des lieux plus conviviaux et accueillants. Cette pratique a \u00e9galement une dimension exp\u00e9rimentale, permettant de tester des am\u00e9nagement \u00e0 moindre co\u00fbt et pouvoir en appr\u00e9cier [&hellip;]<\/p>\n","protected":false},"author":1,"featured_media":0,"parent":0,"menu_order":0,"comment_status":"closed","ping_status":"closed","template":"","meta":{"footnotes":""},"class_list":["post-339","page","type-page","status-publish","hentry"],"aioseo_notices":[],"_links":{"self":[{"href":"https:\/\/urbassistance.fr\/index.php\/wp-json\/wp\/v2\/pages\/339"}],"collection":[{"href":"https:\/\/urbassistance.fr\/index.php\/wp-json\/wp\/v2\/pages"}],"about":[{"href":"https:\/\/urbassistance.fr\/index.php\/wp-json\/wp\/v2\/types\/page"}],"author":[{"embeddable":true,"href":"https:\/\/urbassistance.fr\/index.php\/wp-json\/wp\/v2\/users\/1"}],"replies":[{"embeddable":true,"href":"https:\/\/urbassistance.fr\/index.php\/wp-json\/wp\/v2\/comments?post=339"}],"version-history":[{"count":11,"href":"https:\/\/urbassistance.fr\/index.php\/wp-json\/wp\/v2\/pages\/339\/revisions"}],"predecessor-version":[{"id":1003,"href":"https:\/\/urbassistance.fr\/index.php\/wp-json\/wp\/v2\/pages\/339\/revisions\/1003"}],"wp:attachment":[{"href":"https:\/\/urbassistance.fr\/index.php\/wp-json\/wp\/v2\/media?parent=339"}],"curies":[{"name":"wp","href":"https:\/\/api.w.org\/{rel}","templated":true}]}}