{"id":302,"date":"2019-09-25T10:06:11","date_gmt":"2019-09-25T08:06:11","guid":{"rendered":"http:\/\/urbassistance.fr\/?page_id=302"},"modified":"2020-11-04T17:00:00","modified_gmt":"2020-11-04T16:00:00","slug":"urbanisme-projet-immobilier","status":"publish","type":"page","link":"https:\/\/urbassistance.fr\/index.php\/urbanisme-projet-immobilier\/","title":{"rendered":"Professionnels de l&rsquo;immobilier"},"content":{"rendered":"\n<div class=\"wp-block-cover has-background-dim-20 has-background-dim has-background-gradient\" style=\"background-image:url(http:\/\/urbassistance.fr\/wp-content\/uploads\/2020\/11\/banniere_immo.png);background-position:48% 50%;min-height:175px;aspect-ratio:unset;\"><span aria-hidden=\"true\" class=\"wp-block-cover__gradient-background\" style=\"background:radial-gradient(rgb(0,0,0) 0%,rgb(255,255,255) 100%)\"><\/span><div class=\"wp-block-cover__inner-container is-layout-flow wp-block-cover-is-layout-flow\">\n<p class=\"has-text-align-center has-large-font-size\">Professionnels de l&rsquo;immobilier<\/p>\n<\/div><\/div>\n\n\n\n<div class=\"wp-block-columns is-layout-flex wp-container-core-columns-is-layout-1 wp-block-columns-is-layout-flex\">\n<div class=\"wp-block-column is-layout-flow wp-block-column-is-layout-flow\" style=\"flex-basis:15%\"><\/div>\n\n\n\n<div class=\"wp-block-column is-layout-flow wp-block-column-is-layout-flow\" style=\"flex-basis:70%\">\n<p class=\"has-cyan-bluish-gray-color has-text-color\"><br><br>Urbassistance accompagne et conseille les porteurs de projets immobiliers (promoteurs, constructeurs, lotisseurs\u2026) dans l\u2019ensemble de leur d\u00e9marches et probl\u00e9matiques en mati\u00e8re d\u2019urbanisme :<br>&#8211; <em><a href=\"http:\/\/urbassistance.fr\/index.php\/etude-de-compatibilite-immo\/\">Etude de compatibilit\u00e9<\/a><\/em> d&rsquo;urbanisme afin de garantir la constructibilit\u00e9 de vos projets,<br>&#8211; Etude de capacit\u00e9 afin d&rsquo;estimer le potentiel constructible d&rsquo;un terrain ou d&rsquo;une opportunit\u00e9 fonci\u00e8re,<br>&#8211; Constitution de <em><a href=\"http:\/\/urbassistance.fr\/index.php\/permis-damenager\/\">Permis d&rsquo;Am\u00e9nager,<\/a><\/em><br>&#8211; <em><a href=\"http:\/\/urbassistance.fr\/index.php\/loi-barnier-amendement-dupont-immo\/\">Dossier de d\u00e9rogation loi Barnier<\/a><\/em> afin de permettre la construction de vos projets \u00e0 proximit\u00e9 de certains axes routiers,<br>&#8211; <em><a href=\"http:\/\/urbassistance.fr\/index.php\/expertise-et-conseil\/\">Expertise et conseil<\/a><\/em> : r\u00e9ponse et solutions en urbanisme \u00e0 l&rsquo;ensemble de vos questions\u2026<\/p>\n\n\n\n<p class=\"has-cyan-bluish-gray-color has-text-color\"><br><br>Pour toutes demandes ou pour plus de renseignements sur les services d&rsquo;Urbassistance d\u00e9di\u00e9s aux professionnels de l&rsquo;immobilier, n\u2019h\u00e9sitez pas \u00e0 <em><a href=\"http:\/\/urbassistance.fr\/index.php\/contact-urbassistance-bureau-detudes\/\">me contacter<\/a><\/em> !<br>Je me ferai un plaisir de vous conseiller et de vous accompagner dans vos d\u00e9marches.<\/p>\n<\/div>\n\n\n\n<div class=\"wp-block-column is-layout-flow wp-block-column-is-layout-flow\" style=\"flex-basis:15%\"><\/div>\n<\/div>\n","protected":false},"excerpt":{"rendered":"<p>Urbassistance accompagne et conseille les porteurs de projets immobiliers (promoteurs, constructeurs, lotisseurs\u2026) dans l\u2019ensemble de leur d\u00e9marches et probl\u00e9matiques en mati\u00e8re d\u2019urbanisme :&#8211; Etude de compatibilit\u00e9 d&rsquo;urbanisme afin de garantir la constructibilit\u00e9 de vos projets,&#8211; Etude de capacit\u00e9 afin d&rsquo;estimer le potentiel constructible d&rsquo;un terrain ou d&rsquo;une opportunit\u00e9 fonci\u00e8re,&#8211; Constitution de Permis d&rsquo;Am\u00e9nager,&#8211; Dossier de [&hellip;]<\/p>\n","protected":false},"author":1,"featured_media":0,"parent":0,"menu_order":0,"comment_status":"closed","ping_status":"closed","template":"","meta":{"footnotes":""},"class_list":["post-302","page","type-page","status-publish","hentry"],"aioseo_notices":[],"_links":{"self":[{"href":"https:\/\/urbassistance.fr\/index.php\/wp-json\/wp\/v2\/pages\/302"}],"collection":[{"href":"https:\/\/urbassistance.fr\/index.php\/wp-json\/wp\/v2\/pages"}],"about":[{"href":"https:\/\/urbassistance.fr\/index.php\/wp-json\/wp\/v2\/types\/page"}],"author":[{"embeddable":true,"href":"https:\/\/urbassistance.fr\/index.php\/wp-json\/wp\/v2\/users\/1"}],"replies":[{"embeddable":true,"href":"https:\/\/urbassistance.fr\/index.php\/wp-json\/wp\/v2\/comments?post=302"}],"version-history":[{"count":15,"href":"https:\/\/urbassistance.fr\/index.php\/wp-json\/wp\/v2\/pages\/302\/revisions"}],"predecessor-version":[{"id":814,"href":"https:\/\/urbassistance.fr\/index.php\/wp-json\/wp\/v2\/pages\/302\/revisions\/814"}],"wp:attachment":[{"href":"https:\/\/urbassistance.fr\/index.php\/wp-json\/wp\/v2\/media?parent=302"}],"curies":[{"name":"wp","href":"https:\/\/api.w.org\/{rel}","templated":true}]}}