{"id":299,"date":"2019-09-25T10:05:51","date_gmt":"2019-09-25T08:05:51","guid":{"rendered":"http:\/\/urbassistance.fr\/?page_id=299"},"modified":"2023-06-20T12:53:34","modified_gmt":"2023-06-20T10:53:34","slug":"developpeurs-enr","status":"publish","type":"page","link":"https:\/\/urbassistance.fr\/index.php\/developpeurs-enr\/","title":{"rendered":"D\u00e9veloppeurs \u00e9nergies renouvelables"},"content":{"rendered":"\n<div class=\"wp-block-cover is-light\" style=\"min-height:175px;aspect-ratio:unset;\"><span aria-hidden=\"true\" class=\"wp-block-cover__background has-background-dim-20 has-background-dim wp-block-cover__gradient-background has-background-gradient\" style=\"background:radial-gradient(rgb(0,0,0) 17%,rgb(255,255,255) 100%)\"><\/span><img loading=\"lazy\" decoding=\"async\" width=\"4724\" height=\"2362\" class=\"wp-block-cover__image-background wp-image-808\" src=\"http:\/\/urbassistance.fr\/wp-content\/uploads\/2020\/11\/bannieres_dev_enr.png\" style=\"object-position:49% 63%\" data-object-fit=\"cover\" data-object-position=\"49% 63%\" srcset=\"https:\/\/urbassistance.fr\/wp-content\/uploads\/2020\/11\/bannieres_dev_enr.png 4724w, https:\/\/urbassistance.fr\/wp-content\/uploads\/2020\/11\/bannieres_dev_enr-300x150.png 300w, https:\/\/urbassistance.fr\/wp-content\/uploads\/2020\/11\/bannieres_dev_enr-1024x512.png 1024w, https:\/\/urbassistance.fr\/wp-content\/uploads\/2020\/11\/bannieres_dev_enr-768x384.png 768w, https:\/\/urbassistance.fr\/wp-content\/uploads\/2020\/11\/bannieres_dev_enr-1536x768.png 1536w, https:\/\/urbassistance.fr\/wp-content\/uploads\/2020\/11\/bannieres_dev_enr-2048x1024.png 2048w\" sizes=\"(max-width: 4724px) 100vw, 4724px\" \/><div class=\"wp-block-cover__inner-container is-layout-flow wp-block-cover-is-layout-flow\">\n<p class=\"has-text-align-center has-large-font-size\">D\u00e9veloppeurs \u00e9nergies renouvelables<\/p>\n<\/div><\/div>\n\n\n\n<p class=\"has-cyan-bluish-gray-color has-text-color\"><br><br><strong>Urbassistance accompagne les d\u00e9veloppeurs de projets d&rsquo;\u00e9nergies renouvelables<\/strong> (\u00e9olien, photovolta\u00efques, hydro-\u00e9lectrique, m\u00e9thanisation&#8230;) dans l&rsquo;ensemble de leurs d\u00e9marches et probl\u00e9matiques en lien avec l&rsquo;urbanisme : <br>     &#8211;  <em><a href=\"http:\/\/urbassistance.fr\/index.php\/etude-de-compatibilite-enr\/\">Etudes de compatibilit\u00e9<\/a><\/em> afin de v\u00e9rifier la constructibilit\u00e9 des projets,<br>     &#8211;  Mise en compatibilit\u00e9 des documents d&rsquo;urbanisme par <em><a href=\"http:\/\/urbassistance.fr\/index.php\/declaration-de-projet-enr\/\">d\u00e9claration de projet,<\/a><\/em> <br>     &#8211;  Dossiers de <em><a href=\"http:\/\/urbassistance.fr\/index.php\/loi-barnier-amendement-dupont-enr\/\">d\u00e9rogation loi Barnier<\/a><\/em> afin de permettre la construction le long de certains axes routiers, <br>     &#8211;  <em><a href=\"http:\/\/urbassistance.fr\/index.php\/conseil-et-accompagnement-enr\/\">Conseil et expertise<\/a><\/em> : questions\/r\u00e9ponses, n\u00e9gociation avec les collectivit\u00e9s et services de l&rsquo;Etat, accompagnement sur mesure\u2026<br>     &#8211;  <em><a href=\"http:\/\/urbassistance.fr\/index.php\/communication-et-concertation-enr\/\">Communication et concertation<\/a><\/em> : r\u00e9alisation de supports de communication, strat\u00e9gie de communication, modules de concertation&#8230;<\/p>\n\n\n\n<p class=\"has-cyan-bluish-gray-color has-text-color\">     &#8211; <a href=\"http:\/\/urbassistance.fr\/index.php\/formation\/\">Formation <\/a>urbanisme r\u00e8glementaire et \u00e9nergies renouvelables.<br><br><br>Urbassistance vous propose un <strong>accompagnement sur mesure, adapt\u00e9 \u00e0 vos projets et ses probl\u00e9matiques. <\/strong><br>Pour toutes demandes ou pour plus de renseignements, n&rsquo;h\u00e9sitez pas \u00e0 <em><a href=\"http:\/\/urbassistance.fr\/index.php\/contact-urbassistance-bureau-detudes\/\">me contacter<\/a><\/em> ! Je me ferai un plaisir de vous accompagner. <br><\/p>\n","protected":false},"excerpt":{"rendered":"<p>Urbassistance accompagne les d\u00e9veloppeurs de projets d&rsquo;\u00e9nergies renouvelables (\u00e9olien, photovolta\u00efques, hydro-\u00e9lectrique, m\u00e9thanisation&#8230;) dans l&rsquo;ensemble de leurs d\u00e9marches et probl\u00e9matiques en lien avec l&rsquo;urbanisme : &#8211; Etudes de compatibilit\u00e9 afin de v\u00e9rifier la constructibilit\u00e9 des projets, &#8211; Mise en compatibilit\u00e9 des documents d&rsquo;urbanisme par d\u00e9claration de projet, &#8211; Dossiers de d\u00e9rogation loi Barnier afin de permettre [&hellip;]<\/p>\n","protected":false},"author":1,"featured_media":0,"parent":0,"menu_order":0,"comment_status":"closed","ping_status":"closed","template":"","meta":{"footnotes":""},"class_list":["post-299","page","type-page","status-publish","hentry"],"aioseo_notices":[],"_links":{"self":[{"href":"https:\/\/urbassistance.fr\/index.php\/wp-json\/wp\/v2\/pages\/299"}],"collection":[{"href":"https:\/\/urbassistance.fr\/index.php\/wp-json\/wp\/v2\/pages"}],"about":[{"href":"https:\/\/urbassistance.fr\/index.php\/wp-json\/wp\/v2\/types\/page"}],"author":[{"embeddable":true,"href":"https:\/\/urbassistance.fr\/index.php\/wp-json\/wp\/v2\/users\/1"}],"replies":[{"embeddable":true,"href":"https:\/\/urbassistance.fr\/index.php\/wp-json\/wp\/v2\/comments?post=299"}],"version-history":[{"count":12,"href":"https:\/\/urbassistance.fr\/index.php\/wp-json\/wp\/v2\/pages\/299\/revisions"}],"predecessor-version":[{"id":1204,"href":"https:\/\/urbassistance.fr\/index.php\/wp-json\/wp\/v2\/pages\/299\/revisions\/1204"}],"wp:attachment":[{"href":"https:\/\/urbassistance.fr\/index.php\/wp-json\/wp\/v2\/media?parent=299"}],"curies":[{"name":"wp","href":"https:\/\/api.w.org\/{rel}","templated":true}]}}