{"id":296,"date":"2019-09-25T10:05:31","date_gmt":"2019-09-25T08:05:31","guid":{"rendered":"http:\/\/urbassistance.fr\/?page_id=296"},"modified":"2020-11-04T23:22:57","modified_gmt":"2020-11-04T22:22:57","slug":"collectivites-territoriales","status":"publish","type":"page","link":"https:\/\/urbassistance.fr\/index.php\/collectivites-territoriales\/","title":{"rendered":"Collectivit\u00e9s territoriales"},"content":{"rendered":"\n<div class=\"wp-block-cover has-background-dim-20 has-background-dim has-background-gradient\" style=\"background-image:url(http:\/\/urbassistance.fr\/wp-content\/uploads\/2020\/11\/accueil-scaled.jpg);min-height:175px;aspect-ratio:unset;\"><span aria-hidden=\"true\" class=\"wp-block-cover__gradient-background\" style=\"background:radial-gradient(rgb(0,0,0) 0%,rgb(255,255,255) 92%)\"><\/span><div class=\"wp-block-cover__inner-container is-layout-flow wp-block-cover-is-layout-flow\">\n<p class=\"has-text-align-center has-large-font-size\">Collectivit\u00e9s territoriales<\/p>\n<\/div><\/div>\n\n\n\n<div class=\"wp-block-columns is-layout-flex wp-container-core-columns-is-layout-1 wp-block-columns-is-layout-flex\">\n<div class=\"wp-block-column is-layout-flow wp-block-column-is-layout-flow\" style=\"flex-basis:15%\"><\/div>\n\n\n\n<div class=\"wp-block-column is-layout-flow wp-block-column-is-layout-flow\" style=\"flex-basis:70%\">\n<p class=\"has-cyan-bluish-gray-color has-text-color\"><br>Urbassistance accompagne les collectivit\u00e9s territoriales et leurs groupements dans l&rsquo;ensemble de leurs d\u00e9marches et projets en mati\u00e8re d&rsquo;urbanisme r\u00e8glementaire et pr\u00e9-op\u00e9rationnel.<br><\/p>\n\n\n\n<p class=\"has-cyan-bluish-gray-color has-text-color\"><br>Urbassistance intervient notamment sur les missions suivantes :<br><\/p>\n<\/div>\n\n\n\n<div class=\"wp-block-column is-layout-flow wp-block-column-is-layout-flow\" style=\"flex-basis:15%\"><\/div>\n<\/div>\n\n\n\n<div class=\"wp-block-columns is-layout-flex wp-container-core-columns-is-layout-2 wp-block-columns-is-layout-flex\">\n<div class=\"wp-block-column is-layout-flow wp-block-column-is-layout-flow\" style=\"flex-basis:15%\"><\/div>\n\n\n\n<div class=\"wp-block-column is-layout-flow wp-block-column-is-layout-flow\" style=\"flex-basis:70%\">\n<p class=\"has-luminous-vivid-orange-color has-text-color\"><strong><a href=\"http:\/\/urbassistance.fr\/index.php\/urbanisme-reglementaire\/\">Urbanisme r\u00e8glementaire<\/a><\/strong><\/p>\n<\/div>\n\n\n\n<div class=\"wp-block-column is-layout-flow wp-block-column-is-layout-flow\" style=\"flex-basis:15%\"><\/div>\n<\/div>\n\n\n\n<div class=\"wp-block-columns is-layout-flex wp-container-core-columns-is-layout-3 wp-block-columns-is-layout-flex\">\n<div class=\"wp-block-column is-layout-flow wp-block-column-is-layout-flow\" style=\"flex-basis:15%\"><\/div>\n\n\n\n<div class=\"wp-block-column is-layout-flow wp-block-column-is-layout-flow\" style=\"flex-basis:70%\">\n<p class=\"has-cyan-bluish-gray-color has-text-color\">&#8211; <em><a href=\"http:\/\/urbassistance.fr\/index.php\/plan-local-durbanisme-plu-plui\/\">Elaboration, r\u00e9vision, modification<\/a><\/em> ou <em><a href=\"http:\/\/urbassistance.fr\/index.php\/declaration-de-projet-enr\/\">mise en compatibilit\u00e9<\/a><\/em> des documents d&rsquo;urbanisme (PLU, PLUi, cartes communales),<br>&#8211; <em><a href=\"http:\/\/urbassistance.fr\/index.php\/dematerialisation-des-documents-durbanisme\/\">D\u00e9mat\u00e9rialisation des documents d&rsquo;urbanisme<\/a><\/em> en vue de leur mise en ligne sur le <a href=\"https:\/\/www.geoportail-urbanisme.gouv.fr\/\">G\u00e9oportail de l&rsquo;Urbanisme<\/a>,<br>&#8211; <em><a href=\"http:\/\/urbassistance.fr\/index.php\/evaluation-environnementale\/\">Evaluation environnementale<\/a><\/em> des documents d&rsquo;urbanisme et de planification,<br>&#8211; Elaboration de <em><a href=\"http:\/\/urbassistance.fr\/index.php\/programme-local-de-lhabitat-plh\/\">Programmes Locaux de l&rsquo;Habitat (PLH)<\/a><\/em> et du volet habitat de vos Plans Locaux d&rsquo;Urbanisme tenant lieu de PLH (PLUi-H),<br>&#8211; Elaboration de <em><a href=\"http:\/\/urbassistance.fr\/index.php\/reglement-local-de-publicite-rlp\/\">R\u00e8glements Locaux de Publicit\u00e9<\/a><\/em> (RLP),<br>&#8211; <em><a href=\"http:\/\/urbassistance.fr\/index.php\/declaration-dutilite-publique-dup\/\">D\u00e9clarations d&rsquo;Utilit\u00e9 Publique<\/a><\/em> en vue d&rsquo;expropriation,<br>&#8211; Dossiers de <em><a href=\"http:\/\/urbassistance.fr\/index.php\/loi-barnier-amendement-dupont\/\">d\u00e9rogation Loi Barnier..<\/a><\/em>.<br><\/p>\n<\/div>\n\n\n\n<div class=\"wp-block-column is-layout-flow wp-block-column-is-layout-flow\" style=\"flex-basis:15%\"><\/div>\n<\/div>\n\n\n\n<div class=\"wp-block-columns is-layout-flex wp-container-core-columns-is-layout-4 wp-block-columns-is-layout-flex\">\n<div class=\"wp-block-column is-layout-flow wp-block-column-is-layout-flow\" style=\"flex-basis:15%\"><\/div>\n\n\n\n<div class=\"wp-block-column is-layout-flow wp-block-column-is-layout-flow\" style=\"flex-basis:70%\">\n<p class=\"has-luminous-vivid-orange-color has-text-color\"><strong><a href=\"http:\/\/urbassistance.fr\/index.php\/urbanisme-de-projet\/\">Urbanisme de projet<\/a><\/strong><\/p>\n<\/div>\n\n\n\n<div class=\"wp-block-column is-layout-flow wp-block-column-is-layout-flow\" style=\"flex-basis:15%\"><\/div>\n<\/div>\n\n\n\n<div class=\"wp-block-columns is-layout-flex wp-container-core-columns-is-layout-5 wp-block-columns-is-layout-flex\">\n<div class=\"wp-block-column is-layout-flow wp-block-column-is-layout-flow\" style=\"flex-basis:15%\"><\/div>\n\n\n\n<div class=\"wp-block-column is-layout-flow wp-block-column-is-layout-flow\" style=\"flex-basis:70%\">\n<p class=\"has-cyan-bluish-gray-color has-text-color\">&#8211; <em><a href=\"http:\/\/urbassistance.fr\/index.php\/acupuncture-urbaine\/\">Acupuncture urbaine<\/a><\/em> (revitalisation de territoires par des actions cibl\u00e9es \u00e0 petite \u00e9chelle),<br>&#8211; <em>Etudes urbaines<\/em> (programmation et prospective urbaine, programmation d&rsquo;am\u00e9nagement, \u00e9tudes de capacit\u00e9 et d&rsquo;opportunit\u00e9\u2026),<br>&#8211; Dossiers de <em><a href=\"http:\/\/urbassistance.fr\/index.php\/dossier-de-creation-de-zac\/\">cr\u00e9ation de ZAC<\/a><\/em>&#8230;<\/p>\n<\/div>\n\n\n\n<div class=\"wp-block-column is-layout-flow wp-block-column-is-layout-flow\" style=\"flex-basis:15%\"><\/div>\n<\/div>\n\n\n\n<div class=\"wp-block-columns is-layout-flex wp-container-core-columns-is-layout-6 wp-block-columns-is-layout-flex\">\n<div class=\"wp-block-column is-layout-flow wp-block-column-is-layout-flow\" style=\"flex-basis:15%\"><\/div>\n\n\n\n<div class=\"wp-block-column is-layout-flow wp-block-column-is-layout-flow\" style=\"flex-basis:70%\">\n<p class=\"has-luminous-vivid-orange-color has-text-color\"><strong><a href=\"http:\/\/urbassistance.fr\/index.php\/amo-et-conseil\/\">Assistance \u00e0 ma\u00eetrise d&rsquo;ouvrage et conseil<\/a><\/strong><\/p>\n<\/div>\n\n\n\n<div class=\"wp-block-column is-layout-flow wp-block-column-is-layout-flow\" style=\"flex-basis:15%\"><\/div>\n<\/div>\n\n\n\n<div class=\"wp-block-columns is-layout-flex wp-container-core-columns-is-layout-7 wp-block-columns-is-layout-flex\">\n<div class=\"wp-block-column is-layout-flow wp-block-column-is-layout-flow\" style=\"flex-basis:15%\"><\/div>\n\n\n\n<div class=\"wp-block-column is-layout-flow wp-block-column-is-layout-flow\" style=\"flex-basis:70%\">\n<p class=\"has-cyan-bluish-gray-color has-text-color\">&#8211; Suivi de proc\u00e9dures,<br>&#8211; Pr\u00e9paration et r\u00e9daction d\u2019actes, de d\u00e9lib\u00e9ration et de courriers,<br>&#8211; Suivi d\u2019enqu\u00eate publique,<br>&#8211; Elaboration de cahiers des charges pour consultation des entreprises,<br>&#8211; Accompagnement dans le choix des prestataires,<br>&#8211; Questions\/r\u00e9ponses,<br>&#8211; Assistance technique et juridique\u2026<\/p>\n<\/div>\n\n\n\n<div class=\"wp-block-column is-layout-flow wp-block-column-is-layout-flow\" style=\"flex-basis:15%\"><\/div>\n<\/div>\n\n\n\n<div class=\"wp-block-columns is-layout-flex wp-container-core-columns-is-layout-8 wp-block-columns-is-layout-flex\">\n<div class=\"wp-block-column is-layout-flow wp-block-column-is-layout-flow\" style=\"flex-basis:15%\"><\/div>\n\n\n\n<div class=\"wp-block-column is-layout-flow wp-block-column-is-layout-flow\" style=\"flex-basis:70%\">\n<p class=\"has-luminous-vivid-orange-color has-text-color\"><strong><a href=\"http:\/\/urbassistance.fr\/index.php\/communication-et-concertation-collectivites\/\">Communication et concertation<\/a><\/strong><\/p>\n<\/div>\n\n\n\n<div class=\"wp-block-column is-layout-flow wp-block-column-is-layout-flow\" style=\"flex-basis:15%\"><\/div>\n<\/div>\n\n\n\n<div class=\"wp-block-columns is-layout-flex wp-container-core-columns-is-layout-9 wp-block-columns-is-layout-flex\">\n<div class=\"wp-block-column is-layout-flow wp-block-column-is-layout-flow\" style=\"flex-basis:15%\"><\/div>\n\n\n\n<div class=\"wp-block-column is-layout-flow wp-block-column-is-layout-flow\" style=\"flex-basis:70%\">\n<p class=\"has-cyan-bluish-gray-color has-text-color\">&#8211; Conception de supports de communication et d&rsquo;information,<br>&#8211; Chartes graphiques,<br>&#8211; D\u00e9finition de strat\u00e9gies de communication,<br>&#8211; D\u00e9finition de strat\u00e9gies et de modules de concertation des acteurs locaux&#8230;<\/p>\n<\/div>\n\n\n\n<div class=\"wp-block-column is-layout-flow wp-block-column-is-layout-flow\" style=\"flex-basis:15%\"><\/div>\n<\/div>\n\n\n\n<p><\/p>\n","protected":false},"excerpt":{"rendered":"<p>Urbassistance accompagne les collectivit\u00e9s territoriales et leurs groupements dans l&rsquo;ensemble de leurs d\u00e9marches et projets en mati\u00e8re d&rsquo;urbanisme r\u00e8glementaire et pr\u00e9-op\u00e9rationnel. Urbassistance intervient notamment sur les missions suivantes : Urbanisme r\u00e8glementaire &#8211; Elaboration, r\u00e9vision, modification ou mise en compatibilit\u00e9 des documents d&rsquo;urbanisme (PLU, PLUi, cartes communales),&#8211; D\u00e9mat\u00e9rialisation des documents d&rsquo;urbanisme en vue de leur mise [&hellip;]<\/p>\n","protected":false},"author":1,"featured_media":0,"parent":0,"menu_order":0,"comment_status":"closed","ping_status":"closed","template":"","meta":{"footnotes":""},"class_list":["post-296","page","type-page","status-publish","hentry"],"aioseo_notices":[],"_links":{"self":[{"href":"https:\/\/urbassistance.fr\/index.php\/wp-json\/wp\/v2\/pages\/296"}],"collection":[{"href":"https:\/\/urbassistance.fr\/index.php\/wp-json\/wp\/v2\/pages"}],"about":[{"href":"https:\/\/urbassistance.fr\/index.php\/wp-json\/wp\/v2\/types\/page"}],"author":[{"embeddable":true,"href":"https:\/\/urbassistance.fr\/index.php\/wp-json\/wp\/v2\/users\/1"}],"replies":[{"embeddable":true,"href":"https:\/\/urbassistance.fr\/index.php\/wp-json\/wp\/v2\/comments?post=296"}],"version-history":[{"count":19,"href":"https:\/\/urbassistance.fr\/index.php\/wp-json\/wp\/v2\/pages\/296\/revisions"}],"predecessor-version":[{"id":806,"href":"https:\/\/urbassistance.fr\/index.php\/wp-json\/wp\/v2\/pages\/296\/revisions\/806"}],"wp:attachment":[{"href":"https:\/\/urbassistance.fr\/index.php\/wp-json\/wp\/v2\/media?parent=296"}],"curies":[{"name":"wp","href":"https:\/\/api.w.org\/{rel}","templated":true}]}}