{"id":148,"date":"2019-09-17T16:29:51","date_gmt":"2019-09-17T14:29:51","guid":{"rendered":"http:\/\/urbassistance.fr\/?page_id=148"},"modified":"2021-03-05T15:11:51","modified_gmt":"2021-03-05T14:11:51","slug":"etudes-urbaines","status":"publish","type":"page","link":"https:\/\/urbassistance.fr\/index.php\/etudes-urbaines\/","title":{"rendered":"Etudes urbaines"},"content":{"rendered":"\n<div class=\"wp-block-cover has-background-dim-20 has-background-dim\" style=\"background-image:url(http:\/\/urbassistance.fr\/wp-content\/uploads\/2020\/11\/banniere_immo.png);min-height:175px;aspect-ratio:unset;\"><div class=\"wp-block-cover__inner-container is-layout-flow wp-block-cover-is-layout-flow\">\n<p class=\"has-text-align-center has-large-font-size\">Etudes urbaines<\/p>\n<\/div><\/div>\n\n\n\n<div class=\"wp-block-columns is-layout-flex wp-container-core-columns-is-layout-1 wp-block-columns-is-layout-flex\">\n<div class=\"wp-block-column is-layout-flow wp-block-column-is-layout-flow\" style=\"flex-basis:15%\"><\/div>\n\n\n\n<div class=\"wp-block-column is-layout-flow wp-block-column-is-layout-flow\" style=\"flex-basis:70%\">\n<p class=\"has-cyan-bluish-gray-color has-text-color\" id=\"block-63226f9b-f2cd-474b-91b6-5b2495651b4e\"><br>Les diff\u00e9rentes composantes d\u2019un territoire sont en interaction constante. Il peut \u00eatre complexe pour une collectivit\u00e9 d\u2019orienter le d\u00e9veloppement de son territoire en prenant en compte l\u2019ensemble de ces interactions.<br><br>Quelque soit l&rsquo;\u00e9tat d&rsquo;avancement de votre projet de construction ou d&rsquo;am\u00e9nagement (simple id\u00e9e, intention, esquisse), Urbassistance vous accompagne dans vos d\u00e9marches afin de concevoir ensemble votre projet, pour qu\u2019il r\u00e9ponde au mieux \u00e0 vos attentes et aux besoins de votre territoire.<br><br>Les \u00e9tudes urbaines propos\u00e9es par Urbassistance sont <strong>compl\u00e9mentaires et interviennent \u00e0 des stades diff\u00e9rents <\/strong>dans la conception de votre projet, afin de vous aider \u00e0 le mener \u00e0 bien :<br><br><\/p>\n\n\n\n<p class=\"has-luminous-vivid-orange-color has-text-color has-medium-font-size\" id=\"block-7f690c09-7b57-43ee-ac5b-972f1bcf334a\"><strong>\u00c9tudes de programmation et de prospective urbaine<\/strong><\/p>\n\n\n\n<p class=\"has-cyan-bluish-gray-color has-text-color\" id=\"block-82916218-d5f5-468c-ba4c-37a51d5f846a\">L\u2019\u00e9tude de programmation et de prospective urbaine vise \u00e0 fournir \u00e0 la collectivit\u00e9 les \u00e9l\u00e9ments n\u00e9cessaires \u00e0 la <strong>d\u00e9finition des actions et des projets \u00e0 mettre en \u0153uvre sur son territoire<\/strong>, afin d\u2019atteindre les objectifs qu\u2019elle s\u2019est fix\u00e9e.<br><br>Ce type d\u2019\u00e9tudes peut concerner l\u2019ensemble du territoire ou seulement certains secteurs d\u00e9finis. Quoi qu\u2019il en soit, Urbassistance porte une attention particuli\u00e8re \u00e0 la<strong> coh\u00e9rence d\u2019ensemble des projets et actions \u00e0 mener \u00e0 une \u00e9chelle large.<\/strong><br><br>Cette \u00e9tude permet de mettre en \u00e9vidence<strong> les atouts, les faiblesses, les opportunit\u00e9s et les menaces d\u2019un territoire,<\/strong> pour \u00e9laborer une strat\u00e9gie d\u2019\u00e9volution adapt\u00e9e aux r\u00e9alit\u00e9s du terrain et aux choix retenus par les acteurs locaux.<br><br>Urbassistance r\u00e9alise dans un premier temps un <strong>diagnostic du territoire <\/strong>afin d\u2019identifier ses enjeux, pour ensuite les mettre en relation avec les volont\u00e9s de la collectivit\u00e9, des \u00e9lus et des habitants, dans le but de d\u00e9finir ensemble les objectifs, actions et projets \u00e0 mener.<br><br>Ceux-ci seront organis\u00e9es dans <strong>un plan guide<\/strong>, qui sera compl\u00e9t\u00e9 d\u2019un sch\u00e9ma de mise en \u0153uvre, d\u00e9taillant la mani\u00e8re dont seront d\u00e9clin\u00e9es les actions: proc\u00e9dure, planning, projets, co\u00fbts estimatifs\u2026<br><br><br>Il est int\u00e9ressant de recourir \u00e0 ce type d&rsquo;\u00e9tudes par exemple pour des probl\u00e9matiques d&rsquo;am\u00e9nagement de centre-bourg, de reconversion de friches, de revitalisation urbaine, d&rsquo;am\u00e9nagement d&rsquo;espaces publics etc.<br><br><\/p>\n\n\n\n<p class=\"has-luminous-vivid-orange-color has-text-color has-medium-font-size\" id=\"block-977cac76-83a1-4bb4-8e6f-2e8a994198b4\"><strong>\u00c9tudes de capacit\u00e9 et d\u2019opportunit\u00e9<\/strong><\/p>\n\n\n\n<p class=\"has-cyan-bluish-gray-color has-text-color\" id=\"block-97d0211e-6226-4b96-b5e3-899f026cad39\">Urbassistance accompagne les collectivit\u00e9s et \u00e9tudie la <strong>capacit\u00e9 d&rsquo;un terrain ou d&rsquo;une opportunit\u00e9 fonci\u00e8re<\/strong>, afin de vous fournir les \u00e9l\u00e9ments n\u00e9cessaires pour savoir s&rsquo;il vous est <strong>int\u00e9ressant d&rsquo;acqu\u00e9rir ou pr\u00e9empter ce terrain.<\/strong><br><br>Au-del\u00e0 de ce caract\u00e8re quantitatif, Urbassistance d\u00e9veloppe une <strong>dimension plus qualitative <\/strong>\u00e0 ses \u00e9tudes de capacit\u00e9 et d&rsquo;opportunit\u00e9, en y int\u00e9grant les <strong>questions li\u00e9es au cadre de vie <\/strong>afin d\u2019optimiser l\u2019am\u00e9nagement futur de la zone ; et vous propose donc plusieurs sc\u00e9narios d\u2019am\u00e9nagement en fonction de vos objectifs.<br><br>Ce type d&rsquo;\u00e9tudes peut intervenir dans le cadre d&rsquo;une simple opportunit\u00e9 fonci\u00e8re, mais \u00e9galement dans la cas d&rsquo;un projet de la collectivit\u00e9, afin de <strong>s&rsquo;assurer que le terrain \u00e0 une capacit\u00e9 suffisante pour la r\u00e9alisation de ce projet<\/strong> de construction sp\u00e9cifique.<br><br><\/p>\n\n\n\n<p class=\"has-luminous-vivid-orange-color has-text-color has-medium-font-size\" id=\"block-1f2d095a-78d2-4e58-b70e-46dc8eb72ebf\"><strong>Programmation d\u2019am\u00e9nagement<\/strong><\/p>\n\n\n\n<p class=\"has-cyan-bluish-gray-color has-text-color\" id=\"block-f74794c1-6229-49ce-89e2-7148f0a3e1a4\">Dans la continuit\u00e9 des \u00e9tudes de prospective, de capacit\u00e9 et d&rsquo;opportunit\u00e9, Urbassistance vous propose des <strong>\u00e9tudes de programmation d&rsquo;am\u00e9nagement.<\/strong><br><br>Ces \u00e9tudes interviennent lorsque<strong> la collectivit\u00e9 a d\u2019ores et d\u00e9j\u00e0 identifi\u00e9 un projet d\u2019am\u00e9nagement et\/ou de construction.<\/strong> Elles consistent \u00e0 d\u00e9terminer les besoins du projet :<br>&#8211; Vocation de la zone,<br>&#8211; Composantes du projet,<br>&#8211; Nature des usages \u00e0 conserver, \u00e0 valoriser ou \u00e0 cr\u00e9er,<br>&#8211; El\u00e9ments \u00e0 conserver,<br>&#8211; Equipements, installations et constructions \u00e0 r\u00e9aliser,<br>&#8211; Fonctionnement futur du secteur (constructions, mobilit\u00e9s, \u00e9quipements, interactions, environnement\u2026),<br>&#8211; &#8230;<br><br>Ces \u00e9tudes de programmation se basent sur un <strong>diagnostic d\u00e9taill\u00e9 <\/strong>du territoire et du site, et sur les <strong>besoins et attentes de la collectivit\u00e9<\/strong> et des acteurs locaux. Elles d\u00e9finissent<strong> diff\u00e9rents sc\u00e9narios d&rsquo;am\u00e9nagement,<\/strong> int\u00e9grant les invariants du projets.<br><br>Ces \u00e9tudes aboutissent \u00e0 la <strong>r\u00e9daction d&rsquo;un programme qui servira de base \u00e0 la consultation des maitres d\u2019\u0153uvre <\/strong>pour la r\u00e9alisation du projet.<br>Cette \u00e9tape intervient avant la consultation des ma\u00eetres d\u2019\u0153uvre, afin d\u2019\u00e9tablir avec les collectivit\u00e9s leur cahier des charges.<br><br><br>Dans la cadre de ses missions d&rsquo;<strong><em><a href=\"http:\/\/urbassistance.fr\/index.php\/amo-et-conseil\/\">assistance \u00e0 maitrise d&rsquo;ouvrage (AMO)<\/a><\/em>,<\/strong> Urbassistance peut vous accompagner dans la r\u00e9daction du cahier des charges, et dans la consultations et le choix des prestataires qui r\u00e9aliseront vos projets.<br><br><\/p>\n\n\n\n<p class=\"has-luminous-vivid-orange-color has-text-color has-medium-font-size\" id=\"block-42d6288e-7054-4f5c-a9a9-b05c7c406fb6\"><strong>Urbassistance vous accompagne<\/strong><\/p>\n\n\n\n<p class=\"has-cyan-bluish-gray-color has-text-color\" id=\"block-51c82a09-0140-464a-9df4-67dc8a2145cd\">Urbassistance vous accompagne et r\u00e9alise les \u00e9tudes urbaines n\u00e9cessaires au d\u00e9veloppement de votre territoire et de vos projets.<br>En fonction des besoins et des enjeux du projet ou du territoire, Urbassistance travaille en collaboration avec des architectes, des paysagistes concepteurs ou encore des environnementalistes.<br><br>N&rsquo;h\u00e9sitez pas \u00e0 <a href=\"http:\/\/urbassistance.fr\/index.php\/contact-urbassistance-bureau-detudes\/\" target=\"_blank\" rel=\"noreferrer noopener\"><em>me contacter<\/em><\/a> pour plus de renseignements sur mes services et\/ou pour \u00e9changer sur vos projets et trouver ensemble la meilleure mani\u00e8re de les mener \u00e0 bien.<\/p>\n<\/div>\n\n\n\n<div class=\"wp-block-column is-layout-flow wp-block-column-is-layout-flow\" style=\"flex-basis:15%\"><\/div>\n<\/div>\n","protected":false},"excerpt":{"rendered":"<p>Les diff\u00e9rentes composantes d\u2019un territoire sont en interaction constante. Il peut \u00eatre complexe pour une collectivit\u00e9 d\u2019orienter le d\u00e9veloppement de son territoire en prenant en compte l\u2019ensemble de ces interactions. Quelque soit l&rsquo;\u00e9tat d&rsquo;avancement de votre projet de construction ou d&rsquo;am\u00e9nagement (simple id\u00e9e, intention, esquisse), Urbassistance vous accompagne dans vos d\u00e9marches afin de concevoir ensemble [&hellip;]<\/p>\n","protected":false},"author":1,"featured_media":0,"parent":0,"menu_order":0,"comment_status":"closed","ping_status":"closed","template":"","meta":{"footnotes":""},"class_list":["post-148","page","type-page","status-publish","hentry"],"aioseo_notices":[],"_links":{"self":[{"href":"https:\/\/urbassistance.fr\/index.php\/wp-json\/wp\/v2\/pages\/148"}],"collection":[{"href":"https:\/\/urbassistance.fr\/index.php\/wp-json\/wp\/v2\/pages"}],"about":[{"href":"https:\/\/urbassistance.fr\/index.php\/wp-json\/wp\/v2\/types\/page"}],"author":[{"embeddable":true,"href":"https:\/\/urbassistance.fr\/index.php\/wp-json\/wp\/v2\/users\/1"}],"replies":[{"embeddable":true,"href":"https:\/\/urbassistance.fr\/index.php\/wp-json\/wp\/v2\/comments?post=148"}],"version-history":[{"count":30,"href":"https:\/\/urbassistance.fr\/index.php\/wp-json\/wp\/v2\/pages\/148\/revisions"}],"predecessor-version":[{"id":1030,"href":"https:\/\/urbassistance.fr\/index.php\/wp-json\/wp\/v2\/pages\/148\/revisions\/1030"}],"wp:attachment":[{"href":"https:\/\/urbassistance.fr\/index.php\/wp-json\/wp\/v2\/media?parent=148"}],"curies":[{"name":"wp","href":"https:\/\/api.w.org\/{rel}","templated":true}]}}