{"id":145,"date":"2019-09-17T16:29:25","date_gmt":"2019-09-17T14:29:25","guid":{"rendered":"http:\/\/urbassistance.fr\/?page_id=145"},"modified":"2021-03-08T21:45:00","modified_gmt":"2021-03-08T20:45:00","slug":"permis-damenager","status":"publish","type":"page","link":"https:\/\/urbassistance.fr\/index.php\/permis-damenager\/","title":{"rendered":"Permis d&rsquo;Am\u00e9nager"},"content":{"rendered":"\n<div class=\"wp-block-cover has-background-dim-20 has-black-background-color has-background-dim\" style=\"background-image:url(http:\/\/urbassistance.fr\/wp-content\/uploads\/2020\/11\/banniere_permis_ame.png);background-position:50% 37%;min-height:175px;aspect-ratio:unset;\"><div class=\"wp-block-cover__inner-container is-layout-flow wp-block-cover-is-layout-flow\">\n<p class=\"has-text-align-center has-large-font-size\">Permis d&rsquo;Am\u00e9nager<\/p>\n<\/div><\/div>\n\n\n\n<div class=\"wp-block-columns is-layout-flex wp-container-core-columns-is-layout-1 wp-block-columns-is-layout-flex\">\n<div class=\"wp-block-column is-layout-flow wp-block-column-is-layout-flow\" style=\"flex-basis:15%\"><\/div>\n\n\n\n<div class=\"wp-block-column is-layout-flow wp-block-column-is-layout-flow\" style=\"flex-basis:70%\">\n<p class=\"has-cyan-bluish-gray-color has-text-color\" id=\"block-db41ce63-1fb4-4fce-858e-01a1277f54e9\"><br>Certains travaux, installations et am\u00e9nagements sont soumis \u00e0 une demande de permis d\u2019am\u00e9nager (<a href=\"https:\/\/www.legifrance.gouv.fr\/affichCode.do;jsessionid=19EF13A11B7AEC554DA06ECA382BCF19.tplgfr24s_1?idSectionTA=LEGISCTA000006188252&amp;cidTexte=LEGITEXT000006074075&amp;dateTexte=20191003\">articles R421-19 \u00e0 R421-22 du Code de l\u2019Urbanisme<\/a>). Il s\u2019agit par exemple de lotissements pr\u00e9voyant la construction de voies, d\u2019espaces et d\u2019\u00e9quipements communs \u00e0 plusieurs lots&nbsp;; ou encore des cr\u00e9ations ou agrandissements d\u2019un terrain de camping, des am\u00e9nagements de golf d\u2019une superficie sup\u00e9rieure \u00e0 25 ha etc.<br><br>\ufeff<\/p>\n\n\n\n<p class=\"has-luminous-vivid-orange-color has-text-color has-medium-font-size\" id=\"block-0c0dadff-7b0b-4844-a2cc-8a09c6c61a79\"><strong>Urbassistance vous accompagne<\/strong><\/p>\n\n\n\n<p class=\"has-cyan-bluish-gray-color has-text-color\" id=\"block-66af70c8-d83a-46c1-8942-61894fa2dcec\">Sp\u00e9cialiste de l&rsquo;urbanisme et l\u2019environnement, Urbassistance vous conseille afin de proposer un <strong>projet respectant les r\u00e8gles d\u2019urbanisme en vigueur<\/strong> sur le territoire et prenant en consid\u00e9ration le d\u00e9veloppement durable.<br><br>Urbassistance vous accompagne dans la <strong>constitution des dossiers de permis d\u2019am\u00e9nager<\/strong> en partenariat avec un architecte DPLG et\/ou un paysagiste concepteur.<br><br>Pour plus de renseignements sur ce service, n&rsquo;h\u00e9sitez pas \u00e0 <a href=\"http:\/\/urbassistance.fr\/index.php\/contact-urbassistance-bureau-detudes\/\"><em>me contacter.<\/em><\/a><br><br><\/p>\n\n\n\n<p class=\"has-luminous-vivid-orange-color has-text-color has-medium-font-size\"><strong>R\u00e9f\u00e9rences<\/strong><br><\/p>\n\n\n\n<figure class=\"wp-block-image size-large\"><img loading=\"lazy\" decoding=\"async\" width=\"1024\" height=\"478\" src=\"http:\/\/urbassistance.fr\/wp-content\/uploads\/2021\/03\/PC_Enercon--1024x478.png\" alt=\"\" class=\"wp-image-1103\" srcset=\"https:\/\/urbassistance.fr\/wp-content\/uploads\/2021\/03\/PC_Enercon--1024x478.png 1024w, https:\/\/urbassistance.fr\/wp-content\/uploads\/2021\/03\/PC_Enercon--300x140.png 300w, https:\/\/urbassistance.fr\/wp-content\/uploads\/2021\/03\/PC_Enercon--768x358.png 768w, https:\/\/urbassistance.fr\/wp-content\/uploads\/2021\/03\/PC_Enercon--1536x717.png 1536w, https:\/\/urbassistance.fr\/wp-content\/uploads\/2021\/03\/PC_Enercon--2048x956.png 2048w\" sizes=\"(max-width: 1024px) 100vw, 1024px\" \/><\/figure>\n<\/div>\n\n\n\n<div class=\"wp-block-column is-layout-flow wp-block-column-is-layout-flow\" style=\"flex-basis:15%\"><\/div>\n<\/div>\n","protected":false},"excerpt":{"rendered":"<p>Certains travaux, installations et am\u00e9nagements sont soumis \u00e0 une demande de permis d\u2019am\u00e9nager (articles R421-19 \u00e0 R421-22 du Code de l\u2019Urbanisme). Il s\u2019agit par exemple de lotissements pr\u00e9voyant la construction de voies, d\u2019espaces et d\u2019\u00e9quipements communs \u00e0 plusieurs lots&nbsp;; ou encore des cr\u00e9ations ou agrandissements d\u2019un terrain de camping, des am\u00e9nagements de golf d\u2019une superficie [&hellip;]<\/p>\n","protected":false},"author":1,"featured_media":0,"parent":0,"menu_order":0,"comment_status":"closed","ping_status":"closed","template":"","meta":{"footnotes":""},"class_list":["post-145","page","type-page","status-publish","hentry"],"aioseo_notices":[],"_links":{"self":[{"href":"https:\/\/urbassistance.fr\/index.php\/wp-json\/wp\/v2\/pages\/145"}],"collection":[{"href":"https:\/\/urbassistance.fr\/index.php\/wp-json\/wp\/v2\/pages"}],"about":[{"href":"https:\/\/urbassistance.fr\/index.php\/wp-json\/wp\/v2\/types\/page"}],"author":[{"embeddable":true,"href":"https:\/\/urbassistance.fr\/index.php\/wp-json\/wp\/v2\/users\/1"}],"replies":[{"embeddable":true,"href":"https:\/\/urbassistance.fr\/index.php\/wp-json\/wp\/v2\/comments?post=145"}],"version-history":[{"count":13,"href":"https:\/\/urbassistance.fr\/index.php\/wp-json\/wp\/v2\/pages\/145\/revisions"}],"predecessor-version":[{"id":1104,"href":"https:\/\/urbassistance.fr\/index.php\/wp-json\/wp\/v2\/pages\/145\/revisions\/1104"}],"wp:attachment":[{"href":"https:\/\/urbassistance.fr\/index.php\/wp-json\/wp\/v2\/media?parent=145"}],"curies":[{"name":"wp","href":"https:\/\/api.w.org\/{rel}","templated":true}]}}