{"id":142,"date":"2019-09-17T16:29:12","date_gmt":"2019-09-17T14:29:12","guid":{"rendered":"http:\/\/urbassistance.fr\/?page_id=142"},"modified":"2020-11-04T22:26:43","modified_gmt":"2020-11-04T21:26:43","slug":"dossier-de-creation-de-zac","status":"publish","type":"page","link":"https:\/\/urbassistance.fr\/index.php\/dossier-de-creation-de-zac\/","title":{"rendered":"Dossier de cr\u00e9ation de ZAC"},"content":{"rendered":"\n<div class=\"wp-block-cover has-background-dim-20 has-background-dim\" style=\"background-image:url(http:\/\/urbassistance.fr\/wp-content\/uploads\/2020\/11\/accueil-scaled.jpg);min-height:175px;aspect-ratio:unset;\"><div class=\"wp-block-cover__inner-container is-layout-flow wp-block-cover-is-layout-flow\">\n<p class=\"has-text-align-center has-large-font-size\">Dossier de cr\u00e9ation de ZAC<\/p>\n<\/div><\/div>\n\n\n\n<div class=\"wp-block-columns is-layout-flex wp-container-core-columns-is-layout-1 wp-block-columns-is-layout-flex\">\n<div class=\"wp-block-column is-layout-flow wp-block-column-is-layout-flow\" style=\"flex-basis:15%\"><\/div>\n\n\n\n<div class=\"wp-block-column is-layout-flow wp-block-column-is-layout-flow\" style=\"flex-basis:70%\">\n<p class=\"has-cyan-bluish-gray-color has-text-color\"><br>Une Zone d&rsquo;Am\u00e9nagement Concert\u00e9 (ZAC) est une zone \u00e0 l\u2019int\u00e9rieur de laquelle une collectivit\u00e9 ou un \u00e9tablissement public, d\u00e9cide d\u2019intervenir pour r\u00e9aliser ou faire r\u00e9aliser l\u2019am\u00e9nagement et l\u2019\u00e9quipement de terrains, notamment ceux acquis ou \u00e0 acqu\u00e9rir en vue de les c\u00e9der ou de les conc\u00e9der ult\u00e9rieurement \u00e0 des utilisateurs publics ou priv\u00e9s.<br><br>Pour \u00eatre institu\u00e9e, une ZAC doit faire l\u2019objet d\u2019un dossier de cr\u00e9ation, comprenant notamment un rapport de pr\u00e9sentation, un plan de situation, un plan de d\u00e9limitation du ou des p\u00e9rim\u00e8tres composant la zone, une \u00e9tude d\u2019impact sant\u00e9 et environnement.<br><br>Le rapport expose l\u2019objet et la justification de l\u2019op\u00e9ration, comporte une description du site et de son environnement, indique le programme pr\u00e9visionnel des constructions \u00e0 \u00e9difier dans la zone, pr\u00e9cise les motifs pour lesquels, au regard des dispositions d\u2019urbanisme en vigueur et de l\u2019insertion dans l\u2019environnement naturel ou urbain, le projet a \u00e9t\u00e9 retenu.<br><br><\/p>\n\n\n\n<p class=\"has-luminous-vivid-orange-color has-text-color has-medium-font-size\"><strong>Urbassistance vous accompagne<\/strong><\/p>\n\n\n\n<p class=\"has-cyan-bluish-gray-color has-text-color\">Urbassistance vous accompagne dans vos projets d&rsquo;am\u00e9nagement en r\u00e9alisant vos dossiers de cr\u00e9ation de ZAC. <br>Pour ce type de missions et en fonction des enjeux, Urbassistance travaille en partenariat avec des environnementalistes, des paysagistes et des \u00e9cologues, afin de vous <strong>garantir la meilleure qualit\u00e9 pour vos \u00e9tudes<\/strong>. <br><br>Urbassistance vous accompagne \u00e9galement dans les <a href=\"http:\/\/urbassistance.fr\/index.php\/etudes-urbaines\/\"><em>\u00e9tudes pr\u00e9-op\u00e9rationnelles, <\/em><\/a>pr\u00e9alables \u00e0 la cr\u00e9ation de la ZAC (\u00e9tudes d\u2019opportunit\u00e9, \u00e9tudes de faisabilit\u00e9, \u00e9tudes de capacit\u00e9\u2026).<br><br>N&rsquo;h\u00e9sitez pas \u00e0 <i><a href=\"http:\/\/urbassistance.fr\/index.php\/contact-urbassistance-bureau-detudes\/\">me contacter<\/a><\/i> afin de trouver la solution la plus adapt\u00e9e \u00e0 vos projets et votre territoire, et\/ou pour plus de renseignements sur mes services. <\/p>\n<\/div>\n\n\n\n<div class=\"wp-block-column is-layout-flow wp-block-column-is-layout-flow\" style=\"flex-basis:15%\"><\/div>\n<\/div>\n","protected":false},"excerpt":{"rendered":"<p>Une Zone d&rsquo;Am\u00e9nagement Concert\u00e9 (ZAC) est une zone \u00e0 l\u2019int\u00e9rieur de laquelle une collectivit\u00e9 ou un \u00e9tablissement public, d\u00e9cide d\u2019intervenir pour r\u00e9aliser ou faire r\u00e9aliser l\u2019am\u00e9nagement et l\u2019\u00e9quipement de terrains, notamment ceux acquis ou \u00e0 acqu\u00e9rir en vue de les c\u00e9der ou de les conc\u00e9der ult\u00e9rieurement \u00e0 des utilisateurs publics ou priv\u00e9s. Pour \u00eatre institu\u00e9e, [&hellip;]<\/p>\n","protected":false},"author":1,"featured_media":0,"parent":0,"menu_order":0,"comment_status":"closed","ping_status":"closed","template":"","meta":{"footnotes":""},"class_list":["post-142","page","type-page","status-publish","hentry"],"aioseo_notices":[],"_links":{"self":[{"href":"https:\/\/urbassistance.fr\/index.php\/wp-json\/wp\/v2\/pages\/142"}],"collection":[{"href":"https:\/\/urbassistance.fr\/index.php\/wp-json\/wp\/v2\/pages"}],"about":[{"href":"https:\/\/urbassistance.fr\/index.php\/wp-json\/wp\/v2\/types\/page"}],"author":[{"embeddable":true,"href":"https:\/\/urbassistance.fr\/index.php\/wp-json\/wp\/v2\/users\/1"}],"replies":[{"embeddable":true,"href":"https:\/\/urbassistance.fr\/index.php\/wp-json\/wp\/v2\/comments?post=142"}],"version-history":[{"count":9,"href":"https:\/\/urbassistance.fr\/index.php\/wp-json\/wp\/v2\/pages\/142\/revisions"}],"predecessor-version":[{"id":959,"href":"https:\/\/urbassistance.fr\/index.php\/wp-json\/wp\/v2\/pages\/142\/revisions\/959"}],"wp:attachment":[{"href":"https:\/\/urbassistance.fr\/index.php\/wp-json\/wp\/v2\/media?parent=142"}],"curies":[{"name":"wp","href":"https:\/\/api.w.org\/{rel}","templated":true}]}}