{"id":136,"date":"2019-09-17T16:28:34","date_gmt":"2019-09-17T14:28:34","guid":{"rendered":"http:\/\/urbassistance.fr\/?page_id=136"},"modified":"2021-03-08T21:31:33","modified_gmt":"2021-03-08T20:31:33","slug":"declaration-dutilite-publique-dup","status":"publish","type":"page","link":"https:\/\/urbassistance.fr\/index.php\/declaration-dutilite-publique-dup\/","title":{"rendered":"D\u00e9claration d&rsquo;Utilit\u00e9 Publique (DUP)"},"content":{"rendered":"\n<div class=\"wp-block-cover has-background-dim-20 has-background-dim\" style=\"background-image:url(http:\/\/urbassistance.fr\/wp-content\/uploads\/2020\/11\/accueil-scaled.jpg);min-height:175px;aspect-ratio:unset;\"><div class=\"wp-block-cover__inner-container is-layout-flow wp-block-cover-is-layout-flow\">\n<p class=\"has-text-align-center has-large-font-size\">D\u00e9claration d&rsquo;Utilit\u00e9 Publique (DUP)<\/p>\n<\/div><\/div>\n\n\n\n<div class=\"wp-block-columns is-layout-flex wp-container-core-columns-is-layout-1 wp-block-columns-is-layout-flex\">\n<div class=\"wp-block-column is-layout-flow wp-block-column-is-layout-flow\" style=\"flex-basis:15%\"><\/div>\n\n\n\n<div class=\"wp-block-column is-layout-flow wp-block-column-is-layout-flow\" style=\"flex-basis:70%\">\n<p class=\"has-cyan-bluish-gray-color has-text-color\" id=\"block-190d4ca8-62fc-4b35-906d-889e07b59a09\"><br>Pour la r\u00e9alisation de leurs projets (infrastructures, \u00e9quipements, am\u00e9nagements\u2026), les collectivit\u00e9s ont parfois besoin d&rsquo;<strong>assurer de la ma\u00eetrise fonci\u00e8re<\/strong> des terrains n\u00e9cessaires \u00e0 leur r\u00e9alisation. <br>En cas de n\u00e9gociations amiables infructueuses, il leur est possible d\u2019avoir recours \u00e0 une <strong>d\u00e9claration d\u2019utilit\u00e9 publique (DUP)<\/strong> en vue d&rsquo;exproprier les parcelles restant \u00e0 acqu\u00e9rir. <br><br><br><\/p>\n\n\n\n<p class=\"has-luminous-vivid-orange-color has-text-color has-medium-font-size\" id=\"block-af37b785-f5cc-4ba1-9eb4-9e5386cee773\"><strong>Urbassistance vous accompagne<\/strong><\/p>\n\n\n\n<p class=\"has-cyan-bluish-gray-color has-text-color\" id=\"block-98c8c2ff-8458-4681-8fc9-548a94720953\">Urbassistance accompagne les collectivit\u00e9s dans la r\u00e9alisation de leurs <strong>dossiers d&rsquo;enqu\u00eate pr\u00e9alable \u00e0 la D\u00e9claration d\u2019Utilit\u00e9 Publique (DUP) <\/strong>et dans le suivi de la proc\u00e9dure durant toute la phase administrative : r\u00e9daction des pi\u00e8ces, constitution des dossiers, accompagnement de la collectivit\u00e9&#8230;<br><br><\/p>\n\n\n\n<p class=\"has-cyan-bluish-gray-color has-text-color\" id=\"block-2ea64d3c-7936-431f-9542-9d9c4f03b3b4\">Je vous invite \u00e0 <a href=\"http:\/\/urbassistance.fr\/index.php\/contact-urbassistance-bureau-detudes\/\"><em>me contacter<\/em><\/a> pour \u00e9changer sur votre projet afin de trouver ensemble les meilleures solutions pour le mener \u00e0 bien.<br><br><\/p>\n\n\n\n<p class=\"has-luminous-vivid-orange-color has-text-color has-medium-font-size\"><strong>R\u00e9f\u00e9rences<\/strong><\/p>\n\n\n\n<figure class=\"wp-block-image size-large\"><img loading=\"lazy\" decoding=\"async\" width=\"1024\" height=\"478\" src=\"http:\/\/urbassistance.fr\/wp-content\/uploads\/2021\/03\/DUP-1024x478.png\" alt=\"\" class=\"wp-image-1077\" srcset=\"https:\/\/urbassistance.fr\/wp-content\/uploads\/2021\/03\/DUP-1024x478.png 1024w, https:\/\/urbassistance.fr\/wp-content\/uploads\/2021\/03\/DUP-300x140.png 300w, https:\/\/urbassistance.fr\/wp-content\/uploads\/2021\/03\/DUP-768x358.png 768w, https:\/\/urbassistance.fr\/wp-content\/uploads\/2021\/03\/DUP-1536x717.png 1536w, https:\/\/urbassistance.fr\/wp-content\/uploads\/2021\/03\/DUP-2048x956.png 2048w\" sizes=\"(max-width: 1024px) 100vw, 1024px\" \/><\/figure>\n<\/div>\n\n\n\n<div class=\"wp-block-column is-layout-flow wp-block-column-is-layout-flow\" style=\"flex-basis:15%\"><\/div>\n<\/div>\n","protected":false},"excerpt":{"rendered":"<p>Pour la r\u00e9alisation de leurs projets (infrastructures, \u00e9quipements, am\u00e9nagements\u2026), les collectivit\u00e9s ont parfois besoin d&rsquo;assurer de la ma\u00eetrise fonci\u00e8re des terrains n\u00e9cessaires \u00e0 leur r\u00e9alisation. En cas de n\u00e9gociations amiables infructueuses, il leur est possible d\u2019avoir recours \u00e0 une d\u00e9claration d\u2019utilit\u00e9 publique (DUP) en vue d&rsquo;exproprier les parcelles restant \u00e0 acqu\u00e9rir. Urbassistance vous accompagne Urbassistance [&hellip;]<\/p>\n","protected":false},"author":1,"featured_media":0,"parent":0,"menu_order":0,"comment_status":"closed","ping_status":"closed","template":"","meta":{"footnotes":""},"class_list":["post-136","page","type-page","status-publish","hentry"],"aioseo_notices":[],"_links":{"self":[{"href":"https:\/\/urbassistance.fr\/index.php\/wp-json\/wp\/v2\/pages\/136"}],"collection":[{"href":"https:\/\/urbassistance.fr\/index.php\/wp-json\/wp\/v2\/pages"}],"about":[{"href":"https:\/\/urbassistance.fr\/index.php\/wp-json\/wp\/v2\/types\/page"}],"author":[{"embeddable":true,"href":"https:\/\/urbassistance.fr\/index.php\/wp-json\/wp\/v2\/users\/1"}],"replies":[{"embeddable":true,"href":"https:\/\/urbassistance.fr\/index.php\/wp-json\/wp\/v2\/comments?post=136"}],"version-history":[{"count":15,"href":"https:\/\/urbassistance.fr\/index.php\/wp-json\/wp\/v2\/pages\/136\/revisions"}],"predecessor-version":[{"id":1094,"href":"https:\/\/urbassistance.fr\/index.php\/wp-json\/wp\/v2\/pages\/136\/revisions\/1094"}],"wp:attachment":[{"href":"https:\/\/urbassistance.fr\/index.php\/wp-json\/wp\/v2\/media?parent=136"}],"curies":[{"name":"wp","href":"https:\/\/api.w.org\/{rel}","templated":true}]}}