{"id":130,"date":"2019-09-17T16:28:02","date_gmt":"2019-09-17T14:28:02","guid":{"rendered":"http:\/\/urbassistance.fr\/?page_id=130"},"modified":"2021-03-05T15:08:17","modified_gmt":"2021-03-05T14:08:17","slug":"reglement-local-de-publicite-rlp","status":"publish","type":"page","link":"https:\/\/urbassistance.fr\/index.php\/reglement-local-de-publicite-rlp\/","title":{"rendered":"R\u00e8glement Local de Publicit\u00e9 (RLP)"},"content":{"rendered":"\n<div class=\"wp-block-cover has-background-dim-20 has-background-dim\" style=\"background-image:url(http:\/\/urbassistance.fr\/wp-content\/uploads\/2020\/11\/accueil-scaled.jpg);min-height:175px;aspect-ratio:unset;\"><div class=\"wp-block-cover__inner-container is-layout-flow wp-block-cover-is-layout-flow\">\n<p class=\"has-text-align-center has-large-font-size\">R\u00e8glement Local de Publicit\u00e9 (RLP)<\/p>\n<\/div><\/div>\n\n\n\n<div class=\"wp-block-columns is-layout-flex wp-container-core-columns-is-layout-1 wp-block-columns-is-layout-flex\">\n<div class=\"wp-block-column is-layout-flow wp-block-column-is-layout-flow\" style=\"flex-basis:15%\"><\/div>\n\n\n\n<div class=\"wp-block-column is-layout-flow wp-block-column-is-layout-flow\" style=\"flex-basis:70%\">\n<p class=\"has-cyan-bluish-gray-color has-text-color\" id=\"block-69a397e5-20bd-4367-ad83-377b5022aebf\"><br>Les collectivit\u00e9s comp\u00e9tentes en mati\u00e8re de PLU ont la possibilit\u00e9 d\u2019\u00e9laborer un R\u00e8glement Local de Publicit\u00e9 (RLP) dont la vocation est de r\u00e8glementer l\u2019affichage et la publicit\u00e9 sur leur territoire.<br><br>Le RLP d\u00e9finit des secteurs \u00e0 l\u2019int\u00e9rieur desquels des r\u00e8gles plus restrictives que la r\u00e8glementation nationale peuvent \u00eatre \u00e9dict\u00e9es, afin de garantir la <strong>bonne int\u00e9gration paysag\u00e8re et urbaine<\/strong> des enseignes.<br><br><br><\/p>\n\n\n\n<p class=\"has-luminous-vivid-orange-color has-text-color has-medium-font-size\" id=\"block-756f01d4-cc30-4d0a-bc74-8ed2c188122a\"><strong>Principes d&rsquo;\u00e9laboration<\/strong><\/p>\n\n\n\n<p class=\"has-cyan-bluish-gray-color has-text-color\" id=\"block-af70f8e7-046a-4761-b43c-7934a74f56e9\">Urbassistance accompagne les collectivit\u00e9s dans l\u2019\u00e9laboration de leurs R\u00e8glements Locaux de Publicit\u00e9 (RLP et RLPi). Cette \u00e9laboration passe par&nbsp;:<br>&#8211; Un <strong>diagnostic du territoire<\/strong>, analysant le paysage urbain, l\u2019implantation des entreprises et de leurs diff\u00e9rents supports de publicit\u00e9 sur le territoire&nbsp;; r\u00e9alis\u00e9 en partenariat avec des paysagistes concepteurs.<br>&#8211; La d\u00e9finition des <strong>orientations et objectifs<\/strong> de la collectivit\u00e9 en mati\u00e8re de publicit\u00e9 ext\u00e9rieure, notamment en mati\u00e8re de densit\u00e9 et d\u2019harmonisation, expliquant et justifiant ainsi les choix retenus.<br>&#8211; Une <strong>partie r\u00e8glementaire<\/strong> comprenant l\u2019ensemble des prescriptions g\u00e9n\u00e9rales ou applicables aux seules zones identifi\u00e9es.<br><br><br>\ufeff<\/p>\n\n\n\n<p class=\"has-luminous-vivid-orange-color has-text-color has-medium-font-size\" id=\"block-a18696ec-b02a-4192-831d-e23f44ad11a0\"><strong>Urbassistance vous accompagne<\/strong><\/p>\n\n\n\n<p class=\"has-cyan-bluish-gray-color has-text-color\" id=\"block-6f7b1d54-c6f9-4723-b26f-f5f9c87f4dfb\">L\u2019\u00e9laboration d\u2019un R\u00e8glement Local de Publicit\u00e9, suit la <strong>m\u00eame proc\u00e9dure que l\u2019\u00e9laboration d\u2019un Plan Local d\u2019Urbanisme<\/strong>. Sp\u00e9cialis\u00e9 dans l\u2019\u00e9laboration de document d\u2019urbanisme Urbassistance accompagne les collectivit\u00e9s dans l\u2019\u00e9laboration de leur RLP et dans le suivi de la proc\u00e9dure.<br><br>Urbassistance r\u00e9alise l\u2019ensemble des t\u00e2ches suivantes :<br>\u2013 R\u00e9alisation et coordination des \u00e9tudes,<br>\u2013 R\u00e9daction de l\u2019ensemble des pi\u00e8ces du PLU(i),<br>\u2013 Pr\u00e9paration et animation des r\u00e9unions de travail et de concertation,<br>\u2013 R\u00e9unions et permanences publiques,<br>\u2013 <em><a href=\"http:\/\/urbassistance.fr\/index.php\/amo-et-conseil\/\">Assistance \u00e0 ma\u00eetrise d\u2019ouvrage<\/a><\/em> et suivi de la proc\u00e9dure\u2026<br><br>Afin de garantir la qualit\u00e9 de votre RLP(i) et de limiter les risques de recours et de contentieux, un cabinet d\u2019avocats sp\u00e9cialis\u00e9 en droit de l\u2019urbanisme et de l\u2019environnement assure la relecture juridique des RLP(i) r\u00e9alis\u00e9s par Urbasssitance.<br><br><br><br>Pour plus de renseignements sur les services d&rsquo;Urbassistance, ou pour toutes questions en mati\u00e8re d&rsquo;urbanisme, n&rsquo;h\u00e9sitez pas \u00e0 <em><a href=\"http:\/\/urbassistance.fr\/index.php\/contact-urbassistance-bureau-detudes\/\">me contacter !<\/a><\/em><br>Je me ferai un plaisir de vous conseiller et de vous accompagner dans vos d\u00e9marches.<\/p>\n<\/div>\n\n\n\n<div class=\"wp-block-column is-layout-flow wp-block-column-is-layout-flow\" style=\"flex-basis:15%\"><\/div>\n<\/div>\n\n\n\n<p><\/p>\n","protected":false},"excerpt":{"rendered":"<p>Les collectivit\u00e9s comp\u00e9tentes en mati\u00e8re de PLU ont la possibilit\u00e9 d\u2019\u00e9laborer un R\u00e8glement Local de Publicit\u00e9 (RLP) dont la vocation est de r\u00e8glementer l\u2019affichage et la publicit\u00e9 sur leur territoire. Le RLP d\u00e9finit des secteurs \u00e0 l\u2019int\u00e9rieur desquels des r\u00e8gles plus restrictives que la r\u00e8glementation nationale peuvent \u00eatre \u00e9dict\u00e9es, afin de garantir la bonne int\u00e9gration [&hellip;]<\/p>\n","protected":false},"author":1,"featured_media":0,"parent":0,"menu_order":0,"comment_status":"closed","ping_status":"closed","template":"","meta":{"footnotes":""},"class_list":["post-130","page","type-page","status-publish","hentry"],"aioseo_notices":[],"_links":{"self":[{"href":"https:\/\/urbassistance.fr\/index.php\/wp-json\/wp\/v2\/pages\/130"}],"collection":[{"href":"https:\/\/urbassistance.fr\/index.php\/wp-json\/wp\/v2\/pages"}],"about":[{"href":"https:\/\/urbassistance.fr\/index.php\/wp-json\/wp\/v2\/types\/page"}],"author":[{"embeddable":true,"href":"https:\/\/urbassistance.fr\/index.php\/wp-json\/wp\/v2\/users\/1"}],"replies":[{"embeddable":true,"href":"https:\/\/urbassistance.fr\/index.php\/wp-json\/wp\/v2\/comments?post=130"}],"version-history":[{"count":10,"href":"https:\/\/urbassistance.fr\/index.php\/wp-json\/wp\/v2\/pages\/130\/revisions"}],"predecessor-version":[{"id":996,"href":"https:\/\/urbassistance.fr\/index.php\/wp-json\/wp\/v2\/pages\/130\/revisions\/996"}],"wp:attachment":[{"href":"https:\/\/urbassistance.fr\/index.php\/wp-json\/wp\/v2\/media?parent=130"}],"curies":[{"name":"wp","href":"https:\/\/api.w.org\/{rel}","templated":true}]}}