{"id":127,"date":"2019-09-17T16:27:42","date_gmt":"2019-09-17T14:27:42","guid":{"rendered":"http:\/\/urbassistance.fr\/?page_id=127"},"modified":"2021-03-08T21:32:59","modified_gmt":"2021-03-08T20:32:59","slug":"dematerialisation-des-documents-durbanisme","status":"publish","type":"page","link":"https:\/\/urbassistance.fr\/index.php\/dematerialisation-des-documents-durbanisme\/","title":{"rendered":"D\u00e9mat\u00e9rialisation des documents d&rsquo;urbanisme"},"content":{"rendered":"\n<div class=\"wp-block-cover has-background-dim-20 has-background-dim\" style=\"background-image:url(http:\/\/urbassistance.fr\/wp-content\/uploads\/2020\/11\/banniere_demat.png);background-position:49% 42%;min-height:175px;aspect-ratio:unset;\"><div class=\"wp-block-cover__inner-container is-layout-flow wp-block-cover-is-layout-flow\">\n<p class=\"has-text-align-center has-large-font-size\">D\u00e9mat\u00e9rialisation des documents d&rsquo;urbanisme<\/p>\n<\/div><\/div>\n\n\n\n<div class=\"wp-block-columns is-layout-flex wp-container-core-columns-is-layout-1 wp-block-columns-is-layout-flex\">\n<div class=\"wp-block-column is-layout-flow wp-block-column-is-layout-flow\" style=\"flex-basis:15%\"><\/div>\n\n\n\n<div class=\"wp-block-column is-layout-flow wp-block-column-is-layout-flow\" style=\"flex-basis:70%\">\n<p class=\"has-cyan-bluish-gray-color has-text-color\"><br><br>Au 1<sup>er<\/sup> janvier 2020, <strong>tous les documents d\u2019urbanisme devront \u00eatre en ligne<\/strong> sur le G\u00e9oportail de l\u2019urbanisme, au format CNIG.<br><br><\/p>\n\n\n\n<p class=\"has-cyan-bluish-gray-color has-text-color\">Cette d\u00e9mat\u00e9rialisation a pour\nobjectif de&nbsp;:<\/p>\n\n\n\n<p class=\"has-cyan-bluish-gray-color has-text-color\">     &#8211;  <strong>Construire une m\u00e9moire collective et p\u00e9renne<\/strong>, faciliter la gestion et le suivi des PLU et des Servitudes d\u2019Utilit\u00e9 Publique (SUP) par les services responsables avec une meilleure s\u00e9curit\u00e9 de l\u2019information&nbsp;;<br>     &#8211;  <strong>Mieux \u00e9changer l\u2019information<\/strong>&nbsp;: faciliter l\u2019\u00e9change d\u2019informations entre les Services de l\u2019Etat et ceux des communes\/intercommunalit\u00e9s, ainsi qu\u2019entre l\u2019administration, les professionnels et les citoyens, avec une plus grande rapidit\u00e9 et une meilleure transparence&nbsp;;<br>     &#8211;  <strong>Simplifier l\u2019acc\u00e8s aux documents<\/strong> \u00e0 la fois aux Services instructeurs des autorisations du droit des sols pour tous les actes mais \u00e9galement aux citoyens, afin de faciliter la prise de connaissance de ces documents.<br><br><\/p>\n<\/div>\n\n\n\n<div class=\"wp-block-column is-layout-flow wp-block-column-is-layout-flow\" style=\"flex-basis:15%\"><\/div>\n<\/div>\n\n\n\n<div class=\"wp-block-columns is-layout-flex wp-container-core-columns-is-layout-2 wp-block-columns-is-layout-flex\">\n<div class=\"wp-block-column is-layout-flow wp-block-column-is-layout-flow\" style=\"flex-basis:35%\"><\/div>\n\n\n\n<div class=\"wp-block-column is-layout-flow wp-block-column-is-layout-flow\" style=\"flex-basis:60%\">\n<p class=\"has-luminous-vivid-orange-color has-text-color has-medium-font-size\"><strong>Urbassistance vous accompagne<\/strong><\/p>\n<\/div>\n\n\n\n<div class=\"wp-block-column is-layout-flow wp-block-column-is-layout-flow\" style=\"flex-basis:15%\"><\/div>\n<\/div>\n\n\n\n<div class=\"wp-block-columns is-layout-flex wp-container-core-columns-is-layout-3 wp-block-columns-is-layout-flex\">\n<div class=\"wp-block-column is-layout-flow wp-block-column-is-layout-flow\" style=\"flex-basis:40%\">\n<p><\/p>\n\n\n\n<figure class=\"wp-block-image size-large\"><img loading=\"lazy\" decoding=\"async\" width=\"1024\" height=\"834\" src=\"http:\/\/urbassistance.fr\/wp-content\/uploads\/2020\/11\/demat_essai_1v2-1-1024x834.jpg\" alt=\"\" class=\"wp-image-850\" srcset=\"https:\/\/urbassistance.fr\/wp-content\/uploads\/2020\/11\/demat_essai_1v2-1-1024x834.jpg 1024w, https:\/\/urbassistance.fr\/wp-content\/uploads\/2020\/11\/demat_essai_1v2-1-300x244.jpg 300w, https:\/\/urbassistance.fr\/wp-content\/uploads\/2020\/11\/demat_essai_1v2-1-768x626.jpg 768w, https:\/\/urbassistance.fr\/wp-content\/uploads\/2020\/11\/demat_essai_1v2-1-1536x1251.jpg 1536w\" sizes=\"(max-width: 1024px) 100vw, 1024px\" \/><\/figure>\n<\/div>\n\n\n\n<div class=\"wp-block-column is-layout-flow wp-block-column-is-layout-flow\" style=\"flex-basis:55%\">\n<p class=\"has-cyan-bluish-gray-color has-text-color\">Urbassistance <strong>\u00e9labore <\/strong>et\/ou, selon les cas, <strong>v\u00e9rifie <\/strong>que les contenus des documents d\u2019urbanisme sont structur\u00e9s conform\u00e9ment aux prescriptions nationales du CNIG en vue de leur d\u00e9mat\u00e9rialisation et de leur t\u00e9l\u00e9versement sur le <a href=\"https:\/\/www.geoportail-urbanisme.gouv.fr\/\">G\u00e9oportail de l\u2019Urbanisme. <\/a><br><br>Urbassistance r\u00e9alise notamment les t\u00e2ches suivantes :  <br>     &#8211;  Dessin du plan de zonage sous syst\u00e8me d&rsquo;information g\u00e9ographique (SIG),<br>     &#8211;  Dessin du plan des servitudes d&rsquo;utilit\u00e9 publique sous syst\u00e8me d&rsquo;information g\u00e9ographique (SIG),<br>     &#8211;  Mise en forme des donn\u00e9es selon les standards nationaux du CNIG, <br>     &#8211;  Mise en forme de la nomenclature de l&rsquo;ensemble des pi\u00e8ces, <br>     &#8211;  \u2026<br><br><\/p>\n<\/div>\n\n\n\n<div class=\"wp-block-column is-layout-flow wp-block-column-is-layout-flow\" style=\"flex-basis:15%\"><\/div>\n<\/div>\n\n\n\n<div class=\"wp-block-columns is-layout-flex wp-container-core-columns-is-layout-4 wp-block-columns-is-layout-flex\">\n<div class=\"wp-block-column is-layout-flow wp-block-column-is-layout-flow\" style=\"flex-basis:15%\"><\/div>\n\n\n\n<div class=\"wp-block-column is-layout-flow wp-block-column-is-layout-flow\" style=\"flex-basis:70%\">\n<p class=\"has-cyan-bluish-gray-color has-text-color\">Nous accompagnons \u00e9galement les collectivit\u00e9s et leurs services dans l\u2019<strong>appropriation de leurs documents sous ce format.<\/strong><br><br><\/p>\n\n\n\n<p class=\"has-cyan-bluish-gray-color has-text-color\">Urbassistance vous fournit une <strong>solution cl\u00e9s en main<\/strong>, afin que vous n\u2019ayez plus qu\u2019\u00e0 t\u00e9l\u00e9verser votre document sur le site <a href=\"http:\/\/www.geoportail-urbanisme.gouv.fr\/\">www.geoportail-urbanisme.gouv.fr<\/a> .<br><br><\/p>\n\n\n\n<p class=\"has-cyan-bluish-gray-color has-text-color\">Pour plus de renseignements sur la d\u00e9mat\u00e9rialisation de votre document d&rsquo;urbanisme n&rsquo;h\u00e9sitez pas \u00e0 <em><a href=\"http:\/\/urbassistance.fr\/index.php\/contact-urbassistance-bureau-detudes\/\">me contacter. <\/a><\/em>Je me ferai un plaisir de vous accompagner.<\/p>\n\n\n\n<p class=\"has-luminous-vivid-orange-color has-text-color has-medium-font-size\"><br><strong>R\u00e9f\u00e9rences<\/strong><br><\/p>\n\n\n\n<figure class=\"wp-block-image size-large\"><img loading=\"lazy\" decoding=\"async\" width=\"1024\" height=\"478\" src=\"http:\/\/urbassistance.fr\/wp-content\/uploads\/2021\/03\/Carto-SIG-1024x478.png\" alt=\"\" class=\"wp-image-1076\" srcset=\"https:\/\/urbassistance.fr\/wp-content\/uploads\/2021\/03\/Carto-SIG-1024x478.png 1024w, https:\/\/urbassistance.fr\/wp-content\/uploads\/2021\/03\/Carto-SIG-300x140.png 300w, https:\/\/urbassistance.fr\/wp-content\/uploads\/2021\/03\/Carto-SIG-768x358.png 768w, https:\/\/urbassistance.fr\/wp-content\/uploads\/2021\/03\/Carto-SIG-1536x717.png 1536w, https:\/\/urbassistance.fr\/wp-content\/uploads\/2021\/03\/Carto-SIG-2048x956.png 2048w\" sizes=\"(max-width: 1024px) 100vw, 1024px\" \/><\/figure>\n<\/div>\n\n\n\n<div class=\"wp-block-column is-layout-flow wp-block-column-is-layout-flow\" style=\"flex-basis:15%\"><\/div>\n<\/div>\n","protected":false},"excerpt":{"rendered":"<p>Au 1er janvier 2020, tous les documents d\u2019urbanisme devront \u00eatre en ligne sur le G\u00e9oportail de l\u2019urbanisme, au format CNIG. Cette d\u00e9mat\u00e9rialisation a pour objectif de&nbsp;: &#8211; Construire une m\u00e9moire collective et p\u00e9renne, faciliter la gestion et le suivi des PLU et des Servitudes d\u2019Utilit\u00e9 Publique (SUP) par les services responsables avec une meilleure s\u00e9curit\u00e9 [&hellip;]<\/p>\n","protected":false},"author":1,"featured_media":0,"parent":0,"menu_order":0,"comment_status":"closed","ping_status":"closed","template":"","meta":{"footnotes":""},"class_list":["post-127","page","type-page","status-publish","hentry"],"aioseo_notices":[],"_links":{"self":[{"href":"https:\/\/urbassistance.fr\/index.php\/wp-json\/wp\/v2\/pages\/127"}],"collection":[{"href":"https:\/\/urbassistance.fr\/index.php\/wp-json\/wp\/v2\/pages"}],"about":[{"href":"https:\/\/urbassistance.fr\/index.php\/wp-json\/wp\/v2\/types\/page"}],"author":[{"embeddable":true,"href":"https:\/\/urbassistance.fr\/index.php\/wp-json\/wp\/v2\/users\/1"}],"replies":[{"embeddable":true,"href":"https:\/\/urbassistance.fr\/index.php\/wp-json\/wp\/v2\/comments?post=127"}],"version-history":[{"count":33,"href":"https:\/\/urbassistance.fr\/index.php\/wp-json\/wp\/v2\/pages\/127\/revisions"}],"predecessor-version":[{"id":1095,"href":"https:\/\/urbassistance.fr\/index.php\/wp-json\/wp\/v2\/pages\/127\/revisions\/1095"}],"wp:attachment":[{"href":"https:\/\/urbassistance.fr\/index.php\/wp-json\/wp\/v2\/media?parent=127"}],"curies":[{"name":"wp","href":"https:\/\/api.w.org\/{rel}","templated":true}]}}