{"id":123,"date":"2019-09-17T16:27:13","date_gmt":"2019-09-17T14:27:13","guid":{"rendered":"http:\/\/urbassistance.fr\/?page_id=123"},"modified":"2020-11-04T23:01:42","modified_gmt":"2020-11-04T22:01:42","slug":"programme-local-de-lhabitat-plh","status":"publish","type":"page","link":"https:\/\/urbassistance.fr\/index.php\/programme-local-de-lhabitat-plh\/","title":{"rendered":"Programme Local de l&rsquo;Habitat (PLH-PLUiH)"},"content":{"rendered":"\n<div class=\"wp-block-cover has-background-dim-20 has-background-dim\" style=\"background-image:url(http:\/\/urbassistance.fr\/wp-content\/uploads\/2020\/11\/black-and-white-classic-architecture-scaled.jpg);min-height:175px;aspect-ratio:unset;\"><div class=\"wp-block-cover__inner-container is-layout-flow wp-block-cover-is-layout-flow\">\n<p class=\"has-text-align-center has-large-font-size\">Programme Local de l&rsquo;Habitat (PLH, PLUiH)<\/p>\n<\/div><\/div>\n\n\n\n<div class=\"wp-block-columns is-layout-flex wp-container-core-columns-is-layout-1 wp-block-columns-is-layout-flex\">\n<div class=\"wp-block-column is-layout-flow wp-block-column-is-layout-flow\" style=\"flex-basis:15%\"><\/div>\n\n\n\n<div class=\"wp-block-column is-layout-flow wp-block-column-is-layout-flow\" style=\"flex-basis:70%\">\n<p class=\"has-cyan-bluish-gray-color has-text-color\"><br>Le Programme Local de l\u2019Habitat (PLH) est un document strat\u00e9gique de programmation. Il vise \u00e0 d\u00e9finir les objectifs quantitatifs et qualitatifs de cr\u00e9ation, de r\u00e9partition et de typologie de logements sur un territoire d\u00e9fini. Il d\u00e9finit \u00e9galement les objectifs en mati\u00e8re d\u2019h\u00e9bergement et de r\u00e9ponse aux besoins particuliers (personnes \u00e2g\u00e9es, \u00e9tudiants, h\u00e9bergement d\u2019urgence\u2026).<br><br>Ce programme est compos\u00e9 d\u2019un <strong>diagnostic d\u00e9taill\u00e9 de l\u2019ensemble des composantes de l\u2019habitat sur le territoire<\/strong>. Il vise \u00e0 mieux comprendre le fonctionnement du march\u00e9 de l\u2019habitat sur le territoire et les \u00e9volutions pass\u00e9es, en cours et \u00e0 venir. Ce diagnostic permet de <strong>d\u00e9finir de grandes orientations et les objectifs de la collectivit\u00e9 en mati\u00e8re d\u2019habitat <\/strong>sur son territoire qui seront transcrits dans le <strong>document d\u2019orientation.<\/strong><br><br>Enfin le PLH d\u00e9finit, dans <strong>un programme d\u2019actions d\u00e9taill\u00e9<\/strong>, les actions concr\u00e8tes \u00e0 mettre en \u0153uvre pour l\u2019ensemble du territoire et pour chaque commune et, le cas \u00e9ch\u00e9ant, pour chaque secteur g\u00e9ographique, afin d\u2019atteindre les objectifs fix\u00e9s.<br><br><\/p>\n\n\n\n<p class=\"has-luminous-vivid-orange-color has-text-color has-medium-font-size\"><strong>Urbassistance vous accompagne<\/strong><\/p>\n\n\n\n<p class=\"has-cyan-bluish-gray-color has-text-color\">Urbassistance accompagne les collectivit\u00e9s dans l\u2019\u00e9laboration de leur Programme Local de l\u2019Habitat, dans le respect de la r\u00e8glementation en vigueur. <br><br><strong>Sp\u00e9cialis\u00e9 dans l\u2019urbanisme r\u00e8glementaire<\/strong>, Urbassistance accompagne \u00e9galement les collectivit\u00e9s dans l\u2019\u00e9laboration de <strong>Plans Locaux d\u2019Urbanisme tenant lieu de PLH (PLUi-H)<\/strong>, en vertu de l\u2019<em><a href=\"https:\/\/www.legifrance.gouv.fr\/affichCode.do;jsessionid=7156949A40C467837259A84781BFC0EC.tplgfr36s_2?idSectionTA=LEGISCTA000031211851&amp;cidTexte=LEGITEXT000006074075&amp;dateTexte=20191008\">article L151-44 du Code de l\u2019Urbanisme.<\/a><\/em><br><br>Ce document permet d\u2019int\u00e9grer un volet habitat au PLUi, qui d\u00e9finira les orientations et les objectifs de la collectivit\u00e9 en mati\u00e8re de politique locale de l\u2019habitat. Dans l\u2019\u00e9laboration de ses PLUiH, Urbassistance veille \u00e0 la <b>coh\u00e9rence et la synergie des politiques locales de l\u2019habitat et de l\u2019urbanisme<\/b> ; et met en place des r\u00e8gles d\u2019urbanisme non seulement compatibles, mais \u00e9galement <strong>incitatives <\/strong>afin d\u2019atteindre plus facilement les objectifs fix\u00e9s en mati\u00e8re d&rsquo;habitat.<br><br><br>Urbassistance r\u00e9alise l\u2019ensemble des t\u00e2ches suivantes : <br>     \u2013  R\u00e9alisation et coordination des \u00e9tudes, <br>     \u2013  R\u00e9daction des pi\u00e8ces du PLH \/ PLUiH,<br>     \u2013  Pr\u00e9paration et animation des r\u00e9unions de travail et de concertation, <br>     \u2013  R\u00e9unions et permanences publiques,<br>     \u2013  <em><a href=\"http:\/\/urbassistance.fr\/index.php\/amo-et-conseil\/\">Assistance \u00e0 ma\u00eetrise d\u2019ouvrage<\/a><\/em> et suivi de la proc\u00e9dure\u2026<br><br><br>Pour plus de renseignements sur les services d&rsquo;Urbassistance, ou pour toutes questions en mati\u00e8re d&rsquo;urbanisme, n&rsquo;h\u00e9sitez pas \u00e0 <em><a href=\"http:\/\/urbassistance.fr\/index.php\/contact-urbassistance-bureau-detudes\/\">me contacter !<\/a><\/em><br>Je me ferai un plaisir de vous conseiller et de vous accompagner dans vos d\u00e9marches.<\/p>\n<\/div>\n\n\n\n<div class=\"wp-block-column is-layout-flow wp-block-column-is-layout-flow\" style=\"flex-basis:15%\"><\/div>\n<\/div>\n","protected":false},"excerpt":{"rendered":"<p>Le Programme Local de l\u2019Habitat (PLH) est un document strat\u00e9gique de programmation. Il vise \u00e0 d\u00e9finir les objectifs quantitatifs et qualitatifs de cr\u00e9ation, de r\u00e9partition et de typologie de logements sur un territoire d\u00e9fini. Il d\u00e9finit \u00e9galement les objectifs en mati\u00e8re d\u2019h\u00e9bergement et de r\u00e9ponse aux besoins particuliers (personnes \u00e2g\u00e9es, \u00e9tudiants, h\u00e9bergement d\u2019urgence\u2026). Ce programme [&hellip;]<\/p>\n","protected":false},"author":1,"featured_media":0,"parent":0,"menu_order":0,"comment_status":"closed","ping_status":"closed","template":"","meta":{"footnotes":""},"class_list":["post-123","page","type-page","status-publish","hentry"],"aioseo_notices":[],"_links":{"self":[{"href":"https:\/\/urbassistance.fr\/index.php\/wp-json\/wp\/v2\/pages\/123"}],"collection":[{"href":"https:\/\/urbassistance.fr\/index.php\/wp-json\/wp\/v2\/pages"}],"about":[{"href":"https:\/\/urbassistance.fr\/index.php\/wp-json\/wp\/v2\/types\/page"}],"author":[{"embeddable":true,"href":"https:\/\/urbassistance.fr\/index.php\/wp-json\/wp\/v2\/users\/1"}],"replies":[{"embeddable":true,"href":"https:\/\/urbassistance.fr\/index.php\/wp-json\/wp\/v2\/comments?post=123"}],"version-history":[{"count":9,"href":"https:\/\/urbassistance.fr\/index.php\/wp-json\/wp\/v2\/pages\/123\/revisions"}],"predecessor-version":[{"id":994,"href":"https:\/\/urbassistance.fr\/index.php\/wp-json\/wp\/v2\/pages\/123\/revisions\/994"}],"wp:attachment":[{"href":"https:\/\/urbassistance.fr\/index.php\/wp-json\/wp\/v2\/media?parent=123"}],"curies":[{"name":"wp","href":"https:\/\/api.w.org\/{rel}","templated":true}]}}