{"id":120,"date":"2019-09-17T16:26:45","date_gmt":"2019-09-17T14:26:45","guid":{"rendered":"http:\/\/urbassistance.fr\/?page_id=120"},"modified":"2020-11-04T19:39:39","modified_gmt":"2020-11-04T18:39:39","slug":"evaluation-environnementale-bureau-etudes","status":"publish","type":"page","link":"https:\/\/urbassistance.fr\/index.php\/evaluation-environnementale-bureau-etudes\/","title":{"rendered":"Evaluation environnementale"},"content":{"rendered":"\n<div class=\"wp-block-cover has-background-dim-20 has-background-dim\" style=\"background-image:url(http:\/\/urbassistance.fr\/wp-content\/uploads\/2020\/11\/Banniere_EIE.png);min-height:175px;aspect-ratio:unset;\"><div class=\"wp-block-cover__inner-container is-layout-flow wp-block-cover-is-layout-flow\">\n<p class=\"has-text-align-center has-large-font-size\">Evaluation environnementale<\/p>\n<\/div><\/div>\n\n\n\n<div class=\"wp-block-columns is-layout-flex wp-container-core-columns-is-layout-1 wp-block-columns-is-layout-flex\">\n<div class=\"wp-block-column is-layout-flow wp-block-column-is-layout-flow\" style=\"flex-basis:15%\"><\/div>\n\n\n\n<div class=\"wp-block-column is-layout-flow wp-block-column-is-layout-flow\" style=\"flex-basis:70%\">\n<p class=\"has-cyan-bluish-gray-color has-text-color\"><br><br>Les documents d\u2019urbanisme et de planification peuvent faire l\u2019objet d\u2019une \u00e9valuation environnementale. Elle peut \u00eatre syst\u00e9matique ou r\u00e9sulter d\u2019un examen au cas par cas par l\u2019Autorit\u00e9 environnementale (MRAe). Pour plus de renseignements sur ces proc\u00e9dure n&rsquo;h\u00e9sitez pas \u00e0 <em><a href=\"http:\/\/urbassistance.fr\/index.php\/contact-urbassistance-bureau-detudes\/\">me contacter.<\/a><\/em><br><br><\/p>\n\n\n\n<p class=\"has-cyan-bluish-gray-color has-text-color\">Il s\u2019agit d\u2019<strong>analyser l\u2019ensemble des composantes de l\u2019environnement <\/strong>sur le territoire concern\u00e9 afin d\u2019en <strong>connaitre les enjeux\u00a0<\/strong>; pour ensuite mieux les int\u00e9grer \u00e0 une <strong>conception durable du territoire<\/strong>.<br><br><\/p>\n\n\n\n<p class=\"has-cyan-bluish-gray-color has-text-color\">Cette \u00e9valuation environnementale se compose notamment&nbsp;:<br>&#8211; D&rsquo;un \u00e9tat initial d\u00e9taill\u00e9 de l\u2019ensemble des composantes environnementales du territoire (environnement physique, paysage, ressources, nuisances et pollutions, risques naturels et technologiques\u2026) ;<br>&#8211; D&rsquo;une <strong>\u00e9valuation des incidences<\/strong> du PLU sur ces \u00e9l\u00e9ments ;<br>&#8211; Des <strong>mesures mises en place<\/strong> afin d\u2019\u00e9viter, r\u00e9duire puis compenser ces incidences.<\/p>\n<\/div>\n\n\n\n<div class=\"wp-block-column is-layout-flow wp-block-column-is-layout-flow\" style=\"flex-basis:15%\"><\/div>\n<\/div>\n\n\n\n<div class=\"wp-block-columns is-layout-flex wp-container-core-columns-is-layout-2 wp-block-columns-is-layout-flex\">\n<div class=\"wp-block-column is-layout-flow wp-block-column-is-layout-flow\" style=\"flex-basis:15%\"><\/div>\n\n\n\n<div class=\"wp-block-column is-layout-flow wp-block-column-is-layout-flow\" style=\"flex-basis:70%\">\n<p class=\"has-luminous-vivid-orange-color has-text-color has-medium-font-size\"><strong>Urbassistance vous accompagne<\/strong><\/p>\n<\/div>\n\n\n\n<div class=\"wp-block-column is-layout-flow wp-block-column-is-layout-flow\" style=\"flex-basis:15%\"><\/div>\n<\/div>\n\n\n\n<div class=\"wp-block-columns is-layout-flex wp-container-core-columns-is-layout-3 wp-block-columns-is-layout-flex\">\n<div class=\"wp-block-column is-layout-flow wp-block-column-is-layout-flow\" style=\"flex-basis:35%\">\n<p><br><\/p>\n\n\n\n<figure class=\"wp-block-image size-large is-resized\"><img decoding=\"async\" src=\"http:\/\/urbassistance.fr\/wp-content\/uploads\/2020\/11\/EIE-1-1024x821.png\" alt=\"\" class=\"wp-image-873\" width=\"250\" srcset=\"https:\/\/urbassistance.fr\/wp-content\/uploads\/2020\/11\/EIE-1-1024x821.png 1024w, https:\/\/urbassistance.fr\/wp-content\/uploads\/2020\/11\/EIE-1-300x240.png 300w, https:\/\/urbassistance.fr\/wp-content\/uploads\/2020\/11\/EIE-1-768x616.png 768w, https:\/\/urbassistance.fr\/wp-content\/uploads\/2020\/11\/EIE-1-1536x1231.png 1536w, https:\/\/urbassistance.fr\/wp-content\/uploads\/2020\/11\/EIE-1-2048x1641.png 2048w\" sizes=\"(max-width: 1024px) 100vw, 1024px\" \/><\/figure>\n<\/div>\n\n\n\n<div class=\"wp-block-column is-layout-flow wp-block-column-is-layout-flow\" style=\"flex-basis:55%\">\n<p class=\"has-cyan-bluish-gray-color has-text-color\"><strong>Sp\u00e9cialiste des documents d&rsquo;urbanisme et de planification, Urbassistance<\/strong> en r\u00e9alise \u00e9galement les \u00e9valuations environnementales. Intervenant de l&rsquo;\u00e9tat initial de l&rsquo;environnement \u00e0 la d\u00e9finition des mesures ERC en passant par l&rsquo;\u00e9valuation des enjeux et des incidences.<br><\/p>\n\n\n\n<p class=\"has-cyan-bluish-gray-color has-text-color\">En fonction des sp\u00e9cificit\u00e9s de votre territoire, Urbassistance r\u00e9alise ses \u00e9valuations environnementales en partenariat avec des bureaux d\u2019\u00e9tudes sp\u00e9cialis\u00e9s (\u00e9cologues, paysagistes\u2026) si n\u00e9cessaire.<\/p>\n<\/div>\n\n\n\n<div class=\"wp-block-column is-layout-flow wp-block-column-is-layout-flow\" style=\"flex-basis:10%\"><\/div>\n<\/div>\n\n\n\n<p><\/p>\n","protected":false},"excerpt":{"rendered":"<p>Les documents d\u2019urbanisme et de planification peuvent faire l\u2019objet d\u2019une \u00e9valuation environnementale. Elle peut \u00eatre syst\u00e9matique ou r\u00e9sulter d\u2019un examen au cas par cas par l\u2019Autorit\u00e9 environnementale (MRAe). Pour plus de renseignements sur ces proc\u00e9dure n&rsquo;h\u00e9sitez pas \u00e0 me contacter. Il s\u2019agit d\u2019analyser l\u2019ensemble des composantes de l\u2019environnement sur le territoire concern\u00e9 afin d\u2019en connaitre [&hellip;]<\/p>\n","protected":false},"author":1,"featured_media":0,"parent":0,"menu_order":0,"comment_status":"closed","ping_status":"closed","template":"","meta":{"footnotes":""},"class_list":["post-120","page","type-page","status-publish","hentry"],"aioseo_notices":[],"_links":{"self":[{"href":"https:\/\/urbassistance.fr\/index.php\/wp-json\/wp\/v2\/pages\/120"}],"collection":[{"href":"https:\/\/urbassistance.fr\/index.php\/wp-json\/wp\/v2\/pages"}],"about":[{"href":"https:\/\/urbassistance.fr\/index.php\/wp-json\/wp\/v2\/types\/page"}],"author":[{"embeddable":true,"href":"https:\/\/urbassistance.fr\/index.php\/wp-json\/wp\/v2\/users\/1"}],"replies":[{"embeddable":true,"href":"https:\/\/urbassistance.fr\/index.php\/wp-json\/wp\/v2\/comments?post=120"}],"version-history":[{"count":13,"href":"https:\/\/urbassistance.fr\/index.php\/wp-json\/wp\/v2\/pages\/120\/revisions"}],"predecessor-version":[{"id":878,"href":"https:\/\/urbassistance.fr\/index.php\/wp-json\/wp\/v2\/pages\/120\/revisions\/878"}],"wp:attachment":[{"href":"https:\/\/urbassistance.fr\/index.php\/wp-json\/wp\/v2\/media?parent=120"}],"curies":[{"name":"wp","href":"https:\/\/api.w.org\/{rel}","templated":true}]}}