{"id":1193,"date":"2023-06-20T12:46:01","date_gmt":"2023-06-20T10:46:01","guid":{"rendered":"http:\/\/urbassistance.fr\/?page_id=1193"},"modified":"2023-06-20T12:54:55","modified_gmt":"2023-06-20T10:54:55","slug":"formation","status":"publish","type":"page","link":"https:\/\/urbassistance.fr\/index.php\/formation\/","title":{"rendered":"Formation"},"content":{"rendered":"\n<div class=\"wp-block-cover is-light\" style=\"min-height:175px;aspect-ratio:unset;\"><span aria-hidden=\"true\" class=\"wp-block-cover__background has-background-dim-20 has-background-dim\"><\/span><img loading=\"lazy\" decoding=\"async\" width=\"4724\" height=\"2362\" class=\"wp-block-cover__image-background wp-image-808\" alt=\"\" src=\"http:\/\/urbassistance.fr\/wp-content\/uploads\/2020\/11\/bannieres_dev_enr.png\" data-object-fit=\"cover\" srcset=\"https:\/\/urbassistance.fr\/wp-content\/uploads\/2020\/11\/bannieres_dev_enr.png 4724w, https:\/\/urbassistance.fr\/wp-content\/uploads\/2020\/11\/bannieres_dev_enr-300x150.png 300w, https:\/\/urbassistance.fr\/wp-content\/uploads\/2020\/11\/bannieres_dev_enr-1024x512.png 1024w, https:\/\/urbassistance.fr\/wp-content\/uploads\/2020\/11\/bannieres_dev_enr-768x384.png 768w, https:\/\/urbassistance.fr\/wp-content\/uploads\/2020\/11\/bannieres_dev_enr-1536x768.png 1536w, https:\/\/urbassistance.fr\/wp-content\/uploads\/2020\/11\/bannieres_dev_enr-2048x1024.png 2048w\" sizes=\"(max-width: 4724px) 100vw, 4724px\" \/><div class=\"wp-block-cover__inner-container is-layout-flow wp-block-cover-is-layout-flow\">\n<p class=\"has-text-align-center has-white-color has-text-color has-large-font-size\">Formation Urbanisme et Energies Renouvelables<\/p>\n<\/div><\/div>\n\n\n\n<div class=\"wp-block-columns is-layout-flex wp-container-core-columns-is-layout-1 wp-block-columns-is-layout-flex\">\n<div class=\"wp-block-column is-layout-flow wp-block-column-is-layout-flow\" style=\"flex-basis:15%\"><\/div>\n\n\n\n<div class=\"wp-block-column is-layout-flow wp-block-column-is-layout-flow\" style=\"flex-basis:70%\">\n<p class=\"has-luminous-vivid-orange-color has-text-color has-medium-font-size\" id=\"block-3604c2ea-1753-4c23-b764-77da718614c2\"><br><strong>Formation de vos \u00e9quipes de d\u00e9veloppement <\/strong><\/p>\n\n\n\n<p class=\"has-cyan-bluish-gray-color has-text-color\" id=\"block-de2223e6-d600-41a8-bbb1-dad16bfa47d9\"><a href=\"http:\/\/urbassistance.fr\/\">Urbassistance <\/a>forme vos \u00e9quipes de d\u00e9veloppement de projets ENR afin leur fournir les base pour comprendre les enjeux en mati\u00e8re d&rsquo;urbanisme r\u00e8glementaire pour le bon d\u00e9veloppement de leur projet. <\/p>\n\n\n\n<p class=\"has-cyan-bluish-gray-color has-text-color\"><a href=\"http:\/\/urbassistance.fr\/\">Urbassistance <\/a>a pour objectif de fournir \u00e0 vos \u00e9quipes les bases pour comprendre et appr\u00e9hender les documents d\u2019urbanisme, et acqu\u00e9rir les bons r\u00e9flexes, afin de s\u2019assurer de la compatibilit\u00e9 des documents d\u2019urbanisme, ou \u00e0 d\u00e9faut d\u2019anticiper et engager les d\u00e9marches ad\u00e9quates afin de permettre la r\u00e9alisation du projet.<br><br><\/p>\n\n\n\n<p class=\"has-cyan-bluish-gray-color has-text-color\" id=\"block-de2223e6-d600-41a8-bbb1-dad16bfa47d9\"> <\/p>\n\n\n\n<p><\/p>\n\n\n\n<p class=\"has-luminous-vivid-orange-color has-text-color has-medium-font-size\" id=\"block-6ab2291b-6acb-4f03-a2dc-582ba85218d1\"><strong>Public vis\u00e9 et pr\u00e9requis<\/strong><\/p>\n\n\n\n<p class=\"has-cyan-bluish-gray-color has-text-color\">Les formations \u00ab Urbanisme et ENR \u00bb sont \u00e0 destination des \u00e9quipes de d\u00e9veloppement de projet d\u2019<a href=\"http:\/\/urbassistance.fr\/index.php\/developpeurs-enr\/\">\u00e9nergie renouvelable<\/a>.<br>La formation ne n\u00e9cessite pas de pr\u00e9requis en mati\u00e8re d\u2019urbanisme. M. BAUMANN veillera \u00e0 apporter l\u2019ensemble des informations et notions n\u00e9cessaires pour comprendre la formation.<\/p>\n\n\n\n<p class=\"has-cyan-bluish-gray-color has-text-color\">Il est tout de m\u00eame recommand\u00e9 aux participants d\u2019avoir a minima feuillet\u00e9 un <a href=\"http:\/\/urbassistance.fr\/index.php\/plan-local-durbanisme-plu-plui\/\">Plan Local d\u2019Urbanisme<\/a> afin de se familiariser avec son contenu et sa forme.<\/p>\n\n\n\n<p class=\"has-cyan-bluish-gray-color has-text-color\">La formation peut \u00eatre r\u00e9alis\u00e9e en pr\u00e9sentiel ou \u00e0 distance (visioconf\u00e9rence). Elle est g\u00e9n\u00e9ralement destin\u00e9e \u00e0 des groupes de 5 \u00e0 10 personnes (modulable le cas \u00e9ch\u00e9ant).<br><br><\/p>\n\n\n\n<p class=\"has-cyan-bluish-gray-color has-text-color\" id=\"block-270866a3-2ccf-4fc6-98b3-e636aa6c9b81\"><\/p>\n\n\n\n<p class=\"has-luminous-vivid-orange-color has-text-color has-medium-font-size\" id=\"block-a1e35946-48a7-4b6f-a7cb-f9058642a0b8\"><strong>Formation sur mesure<\/strong><\/p>\n\n\n\n<p class=\"has-cyan-bluish-gray-color has-text-color\" id=\"block-1387775c-621f-4fdf-9f51-29144f3b5eab\">Urbassistance vous propose un programme articuler autour de l&rsquo;urbanisme r\u00e8glementaire en lien avec les ENR : <\/p>\n\n\n\n<p class=\"has-cyan-bluish-gray-color has-text-color\">    &#8211; <a href=\"http:\/\/urbassistance.fr\/index.php\/plan-local-durbanisme-plu-plui\/\">Plan Local d\u2019Urbanisme<\/a> (PLU) : de quoi s\u2019agit-il ?<\/p>\n\n\n\n<p class=\"has-cyan-bluish-gray-color has-text-color\">    &#8211; Analyser la compatibilit\u00e9 d\u2019un projet avec les r\u00e8gles d\u2019urbanisme<\/p>\n\n\n\n<p class=\"has-cyan-bluish-gray-color has-text-color\">    &#8211; Faire \u00e9voluer un PLU(i) en cas d\u2019incompatibilit\u00e9s<\/p>\n\n\n\n<p class=\"has-cyan-bluish-gray-color has-text-color\">    &#8211; Les r\u00e8gles applicables en l\u2019absence de PLU<\/p>\n\n\n\n<p class=\"has-cyan-bluish-gray-color has-text-color\">    &#8211; Les cas particuliers \u00e0 connaitre et leurs contraintes suppl\u00e9mentaires<\/p>\n\n\n\n<ul class=\"has-cyan-bluish-gray-color has-text-color wp-block-list\"><\/ul>\n\n\n\n<p class=\"has-cyan-bluish-gray-color has-text-color\" id=\"block-1387775c-621f-4fdf-9f51-29144f3b5eab\">Toutefois, le contenu de la formation est modulable et adaptable en fonction de vos besoins. <a href=\"http:\/\/urbassistance.fr\/index.php\/contact-urbassistance-bureau-detudes\/\">Contactez nous<\/a> pour en discuter plus en d\u00e9tail. <br><br><br><br><br><\/p>\n\n\n\n<p class=\"has-luminous-vivid-orange-color has-text-color has-medium-font-size\"><\/p>\n<\/div>\n\n\n\n<div class=\"wp-block-column is-layout-flow wp-block-column-is-layout-flow\" style=\"flex-basis:15%\"><\/div>\n<\/div>\n","protected":false},"excerpt":{"rendered":"<p>Formation de vos \u00e9quipes de d\u00e9veloppement Urbassistance forme vos \u00e9quipes de d\u00e9veloppement de projets ENR afin leur fournir les base pour comprendre les enjeux en mati\u00e8re d&rsquo;urbanisme r\u00e8glementaire pour le bon d\u00e9veloppement de leur projet. Urbassistance a pour objectif de fournir \u00e0 vos \u00e9quipes les bases pour comprendre et appr\u00e9hender les documents d\u2019urbanisme, et acqu\u00e9rir [&hellip;]<\/p>\n","protected":false},"author":1,"featured_media":0,"parent":0,"menu_order":0,"comment_status":"closed","ping_status":"closed","template":"","meta":{"footnotes":""},"class_list":["post-1193","page","type-page","status-publish","hentry"],"aioseo_notices":[],"_links":{"self":[{"href":"https:\/\/urbassistance.fr\/index.php\/wp-json\/wp\/v2\/pages\/1193"}],"collection":[{"href":"https:\/\/urbassistance.fr\/index.php\/wp-json\/wp\/v2\/pages"}],"about":[{"href":"https:\/\/urbassistance.fr\/index.php\/wp-json\/wp\/v2\/types\/page"}],"author":[{"embeddable":true,"href":"https:\/\/urbassistance.fr\/index.php\/wp-json\/wp\/v2\/users\/1"}],"replies":[{"embeddable":true,"href":"https:\/\/urbassistance.fr\/index.php\/wp-json\/wp\/v2\/comments?post=1193"}],"version-history":[{"count":8,"href":"https:\/\/urbassistance.fr\/index.php\/wp-json\/wp\/v2\/pages\/1193\/revisions"}],"predecessor-version":[{"id":1205,"href":"https:\/\/urbassistance.fr\/index.php\/wp-json\/wp\/v2\/pages\/1193\/revisions\/1205"}],"wp:attachment":[{"href":"https:\/\/urbassistance.fr\/index.php\/wp-json\/wp\/v2\/media?parent=1193"}],"curies":[{"name":"wp","href":"https:\/\/api.w.org\/{rel}","templated":true}]}}