    {"id":117,"date":"2019-09-17T16:26:33","date_gmt":"2019-09-17T14:26:33","guid":{"rendered":"http:\/\/urbassistance.fr\/?page_id=117"},"modified":"2021-03-08T21:56:03","modified_gmt":"2021-03-08T20:56:03","slug":"plan-local-durbanisme-plu-plui","status":"publish","type":"page","link":"https:\/\/urbassistance.fr\/index.php\/plan-local-durbanisme-plu-plui\/","title":{"rendered":"Plan Local d&rsquo;Urbanisme (PLU-PLUi)"},"content":{"rendered":"\n<div class=\"wp-block-cover has-background-dim-20 has-background-dim\" style=\"background-image:url(http:\/\/urbassistance.fr\/wp-content\/uploads\/2020\/11\/accueil-scaled.jpg);min-height:175px;aspect-ratio:unset;\"><div class=\"wp-block-cover__inner-container is-layout-flow wp-block-cover-is-layout-flow\">\n<p class=\"has-text-align-center has-large-font-size\">Plan Local d&rsquo;Urbanisme (PLU, PLUi&#8230;)<\/p>\n<\/div><\/div>\n\n\n\n<div class=\"wp-block-columns is-layout-flex wp-container-core-columns-is-layout-1 wp-block-columns-is-layout-flex\">\n<div class=\"wp-block-column is-layout-flow wp-block-column-is-layout-flow\" style=\"flex-basis:15%\"><\/div>\n\n\n\n<div class=\"wp-block-column is-layout-flow wp-block-column-is-layout-flow\" style=\"flex-basis:70%\">\n<p class=\"has-cyan-bluish-gray-color has-text-color\" id=\"block-be965578-da7a-4472-97cc-bcfa886106ad\"><br>Le <strong>Plan Local d\u2019Urbanisme<\/strong> (PLU, PLUi) est le principal document d\u2019urbanisme. Il d\u00e9finit, sur la base d\u2019un diagnostic d\u00e9taill\u00e9 de l\u2019ensemble des composantes d\u2019un territoire, les grands objectifs et les grandes orientations pour le d\u00e9veloppement de ce dernier, ainsi que les r\u00e8gles de constructibilit\u00e9 et d\u2019occupation du sol permettant de les atteindre.<br><br>Au-del\u00e0 de son caract\u00e8re r\u00e8glementaire, il est un document de <strong>projet pour le territoire<\/strong> sur lequel il s\u2019applique. Il d\u00e9finit une <strong>strat\u00e9gie territoriale<\/strong> \u00e0 moyen et long termes dans une logique de <strong>d\u00e9veloppement durable<\/strong>.<br><br><br><\/p>\n\n\n\n<p class=\"has-luminous-vivid-orange-color has-text-color has-medium-font-size\" id=\"block-5ea66956-7582-4244-95a8-e8810e8ce48d\"><strong>Une expertise en urbanisme r\u00e8glementaire<\/strong><\/p>\n\n\n\n<p class=\"has-cyan-bluish-gray-color has-text-color\" id=\"block-785e4463-5fc3-4a03-927a-6185f61de1ab\">Urbassistance \u00e9labore, r\u00e9vise, modifie et <em><a href=\"http:\/\/urbassistance.fr\/index.php\/declaration-de-projet-enr\/\">met en compatibilit\u00e9<\/a><\/em> vos documents d&rsquo;urbanisme (PLU, PLUi, PLUiH), ainsi que vos cartes communales.<br><br>Fort d\u2019une exp\u00e9rience dans <strong>l\u2019\u00e9laboration et l\u2019\u00e9valuation environnementale<\/strong> des documents d\u2019urbanisme, Urbassistance <strong>int\u00e8gre l\u2019ensemble des \u00e9volutions r\u00e8glementaires<\/strong> et associe une d\u00e9marche environnementale \u00e0 l\u2019\u00e9laboration des documents d\u2019urbanisme et des projets de territoire qu\u2019ils traduisent.<br><br>Afin de <strong>s\u00e9curiser<\/strong> les documents d\u2019urbanisme et de limiter les risques de recours, un avocat sp\u00e9cialis\u00e9 assure le contr\u00f4le juridique de l\u2019ensemble des documents.<br><br><br><\/p>\n\n\n\n<p class=\"has-luminous-vivid-orange-color has-text-color has-medium-font-size\" id=\"block-d063861b-b2f5-4d24-b4a1-b63c7efa96e6\"><strong>D\u00e9marche<\/strong><\/p>\n\n\n\n<p class=\"has-cyan-bluish-gray-color has-text-color\" id=\"block-ce0aa5ad-e3d3-4369-9159-b83bb0fe1fce\">Les m\u00e9thodes et d\u00e9marches de travail utilis\u00e9es par Urbassistance, vise une <strong>co-construction des documents d\u2019urbanisme avec les \u00e9lus et l\u2019ensemble des acteurs du territoire<\/strong> (habitants, services instructeurs, services de l\u2019\u00c9tat, personnes publiques associ\u00e9es\u2026).<br><br>Urbassistance <strong>conseille et accompagne les \u00e9lus <\/strong>tout au long de l\u2019\u00e9laboration de leur document d\u2019urbanisme, et leur propose diff\u00e9rentes alternatives afin de leur permettre de <strong>faire les meilleurs choix pour le d\u00e9veloppement de leur territoire.<\/strong><br><br><br><\/p>\n\n\n\n<p class=\"has-luminous-vivid-orange-color has-text-color has-medium-font-size\" id=\"block-2de7d983-0caf-429b-8e8d-fbe2f8dfe970\"><strong>Urbassistance vous accompagne<\/strong><\/p>\n\n\n\n<p class=\"has-cyan-bluish-gray-color has-text-color\" id=\"block-534d4e6b-e4bc-47e0-8532-072b0bdc2d9d\">Urbassistance accompagne les collectivit\u00e9s territoriales dans<br>&#8211; l&rsquo;\u00e9laboration,<br>&#8211; la r\u00e9vision,<br>&#8211; la modifications<br>&#8211; ou encore la <em><a href=\"http:\/\/urbassistance.fr\/index.php\/declaration-de-projet-enr\/\">mise en compatibilit\u00e9<\/a><\/em> de leur document d&rsquo;urbanisme.<br><br>Urbassistance r\u00e9alise l&rsquo;ensemble des t\u00e2ches suivantes :<br>&#8211; R\u00e9alisation et coordination des \u00e9tudes,<br>&#8211; R\u00e9daction de l&rsquo;ensemble des pi\u00e8ces du PLU(i),<br>&#8211; Pr\u00e9paration et animations des r\u00e9unions de travail et de concertation,<br>&#8211; R\u00e9unions et permanences publiques,<br>&#8211; <em><a href=\"http:\/\/urbassistance.fr\/index.php\/amo-et-conseil\/\">Assistance \u00e0 ma\u00eetrise d&rsquo;ouvrage <\/a><\/em>et suivi de la proc\u00e9dure&#8230;<br><br><br>Pour plus de renseignements sur les services propos\u00e9s par Urbassistance en mati\u00e8re de document d&rsquo;urbanisme, n&rsquo;h\u00e9sitez pas \u00e0 <em><a href=\"http:\/\/urbassistance.fr\/index.php\/contact-urbassistance-bureau-detudes\/\">me contacter !<\/a><\/em><br>Je me ferai un plaisir de vous conseiller et de vous accompagner dans vos d\u00e9marches.<br><br><\/p>\n\n\n\n<p class=\"has-luminous-vivid-orange-color has-text-color has-medium-font-size\"><strong>R\u00e9f\u00e9rences<\/strong><\/p>\n\n\n\n<div id=\"slider_69f74c80cbbb9\" class=\"slider_instance\" style=\"position: relative;\" data-options=\"{&quot;id&quot;:4,&quot;name&quot;:&quot;slider 4&quot;,&quot;instanceName&quot;:&quot;PLU&quot;,&quot;date&quot;:&quot;2021-03-08 21:47:11&quot;,&quot;status&quot;:&quot;published&quot;,&quot;layerWidth&quot;:&quot;100%&quot;,&quot;layerHeight&quot;:&quot;100%&quot;,&quot;shadow&quot;:&quot;off&quot;,&quot;mode&quot;:&quot;webgl&quot;,&quot;initialSlide&quot;:0,&quot;grabCursor&quot;:true,&quot;stopOnLastSlide&quot;:false,&quot;responsive&quot;:true,&quot;ratio&quot;:2,&quot;forceResponsive&quot;:false,&quot;fullscreen&quot;:false,&quot;forceFullscreen&quot;:false,&quot;width&quot;:1000,&quot;height&quot;:550,&quot;layerStarOnTransitionStart&quot;:false,&quot;autoplay&quot;:{&quot;enable&quot;:true,&quot;delay&quot;:&quot;3500&quot;,&quot;disableOnInteraction&quot;:true,&quot;reverseDirection&quot;:false},&quot;buttons&quot;:{&quot;pauseVisible&quot;:false,&quot;muteVisible&quot;:false},&quot;resetVideos&quot;:false,&quot;videoAutoplay&quot;:true,&quot;navigation&quot;:{&quot;enable&quot;:true,&quot;style&quot;:&quot;effect4&quot;},&quot;keyboard&quot;:{&quot;enable&quot;:true},&quot;wheelNavigation&quot;:{&quot;enable&quot;:false,&quot;stopOnLast&quot;:false,&quot;interval&quot;:2000},&quot;pagination&quot;:{&quot;enable&quot;:true,&quot;style&quot;:&quot;effect2&quot;,&quot;clickable&quot;:true,&quot;dynamicBullets&quot;:false},&quot;thumbs&quot;:{&quot;enable&quot;:false,&quot;position&quot;:&quot;bottom&quot;,&quot;thumbWidth&quot;:100,&quot;thumbHeight&quot;:60,&quot;spaceAround&quot;:3,&quot;spaceBetween&quot;:3,&quot;outsideSlider&quot;:true,&quot;centered&quot;:true},&quot;hashNavigation&quot;:{&quot;enable&quot;:false},&quot;loading&quot;:{&quot;fadeEffect&quot;:true,&quot;backgroundColor&quot;:&quot;#FFFFFF&quot;,&quot;color&quot;:&quot;#262626&quot;,&quot;style&quot;:&quot;style2&quot;},&quot;lightbox&quot;:{&quot;backgroundColor&quot;:&quot;#000000F2&quot;,&quot;closeColor&quot;:&quot;#FFFFFF&quot;},&quot;slides&quot;:[{&quot;src&quot;:&quot;http:\\\/\\\/urbassistance.fr\\\/wp-content\\\/uploads\\\/2021\\\/03\\\/Nivillers_PLU.png&quot;,&quot;thumbSrc&quot;:&quot;http:\\\/\\\/urbassistance.fr\\\/wp-content\\\/uploads\\\/2021\\\/03\\\/Nivillers_PLU-300x140.png&quot;},{&quot;src&quot;:&quot;http:\\\/\\\/urbassistance.fr\\\/wp-content\\\/uploads\\\/2021\\\/03\\\/JDL_CC.png&quot;,&quot;thumbSrc&quot;:&quot;http:\\\/\\\/urbassistance.fr\\\/wp-content\\\/uploads\\\/2021\\\/03\\\/JDL_CC-300x140.png&quot;},{&quot;src&quot;:&quot;http:\\\/\\\/urbassistance.fr\\\/wp-content\\\/uploads\\\/2021\\\/03\\\/Carto-SIG.png&quot;,&quot;thumbSrc&quot;:&quot;http:\\\/\\\/urbassistance.fr\\\/wp-content\\\/uploads\\\/2021\\\/03\\\/Carto-SIG-300x140.png&quot;}],&quot;fullscreenTablet&quot;:false,&quot;fullscreenMobile&quot;:false,&quot;forceFullscreenMobile&quot;:false,&quot;forceFullscreenTablet&quot;:false,&quot;widthMobile&quot;:1000,&quot;widthTablet&quot;:1000,&quot;heightMobile&quot;:550,&quot;heightTablet&quot;:550,&quot;responsiveMobile&quot;:true,&quot;responsiveTablet&quot;:true,&quot;forceResponsiveMobile&quot;:false,&quot;forceResponsiveTablet&quot;:false,&quot;rootFolder&quot;:&quot;https:\\\/\\\/urbassistance.fr\\\/wp-content\\\/plugins\\\/transition-slider-lite\\\/&quot;}\"><\/div>\n<\/div>\n\n\n\n<div class=\"wp-block-column is-layout-flow wp-block-column-is-layout-flow\" style=\"flex-basis:15%\"><\/div>\n<\/div>\n","protected":false},"excerpt":{"rendered":"<p>Le Plan Local d\u2019Urbanisme (PLU, PLUi) est le principal document d\u2019urbanisme. Il d\u00e9finit, sur la base d\u2019un diagnostic d\u00e9taill\u00e9 de l\u2019ensemble des composantes d\u2019un territoire, les grands objectifs et les grandes orientations pour le d\u00e9veloppement de ce dernier, ainsi que les r\u00e8gles de constructibilit\u00e9 et d\u2019occupation du sol permettant de les atteindre. Au-del\u00e0 de son [&hellip;]<\/p>\n","protected":false},"author":1,"featured_media":0,"parent":0,"menu_order":0,"comment_status":"closed","ping_status":"closed","template":"","meta":{"footnotes":""},"class_list":["post-117","page","type-page","status-publish","hentry"],"aioseo_notices":[],"_links":{"self":[{"href":"https:\/\/urbassistance.fr\/index.php\/wp-json\/wp\/v2\/pages\/117"}],"collection":[{"href":"https:\/\/urbassistance.fr\/index.php\/wp-json\/wp\/v2\/pages"}],"about":[{"href":"https:\/\/urbassistance.fr\/index.php\/wp-json\/wp\/v2\/types\/page"}],"author":[{"embeddable":true,"href":"https:\/\/urbassistance.fr\/index.php\/wp-json\/wp\/v2\/users\/1"}],"replies":[{"embeddable":true,"href":"https:\/\/urbassistance.fr\/index.php\/wp-json\/wp\/v2\/comments?post=117"}],"version-history":[{"count":19,"href":"https:\/\/urbassistance.fr\/index.php\/wp-json\/wp\/v2\/pages\/117\/revisions"}],"predecessor-version":[{"id":1109,"href":"https:\/\/urbassistance.fr\/index.php\/wp-json\/wp\/v2\/pages\/117\/revisions\/1109"}],"wp:attachment":[{"href":"https:\/\/urbassistance.fr\/index.php\/wp-json\/wp\/v2\/media?parent=117"}],"curies":[{"name":"wp","href":"https:\/\/api.w.org\/{rel}","templated":true}]}}